{"id":74,"date":"2013-10-23T11:55:25","date_gmt":"2013-10-23T21:55:25","guid":{"rendered":"http:\/\/matatohora.com\/?page_id=74"},"modified":"2026-02-20T21:32:00","modified_gmt":"2026-02-21T07:32:00","slug":"contact","status":"publish","type":"page","link":"http:\/\/www.matatohora.com\/?page_id=74","title":{"rendered":"Contact"},"content":{"rendered":"\n<p class=\"has-text-align-center has-vivid-red-background-color has-text-color has-background\" style=\"color:#f8fafb;font-size:18px\"><a href=\"http:\/\/www.matatohora.com\/?page_id=5204\"><strong>Pour toutes urgences : <\/strong><\/a><br><a href=\"http:\/\/www.matatohora.com\/?page_id=5204\"><strong>c\u00e9tac\u00e9s en difficult\u00e9, <\/strong><\/a><br><a href=\"http:\/\/www.matatohora.com\/?page_id=5204\"><strong>\u00e9chouage vivant ou mort, <\/strong><\/a><br><a href=\"http:\/\/www.matatohora.com\/?page_id=5204\"><strong>harc\u00e8lements, <\/strong><\/a><br><a href=\"http:\/\/www.matatohora.com\/?page_id=5204\"><strong>cliquez ici.&nbsp;<\/strong><\/a><br><\/p>\n\n\n<p style=\"text-align: center;\"><span style=\"color: #000000;\"><b>Ia\u00a0<\/b><span style=\"caret-color: #c71616; font-weight: 600;\">ora<\/span><b>\u00a0na, vous souhaitez &#8230;<\/b><\/span><\/p>\n<p style=\"padding-left: 30px; text-align: center;\"><span style=\"color: #000000;\"><b>Nous t\u00e9l\u00e9phoner ?\u00a0<\/b><\/span><\/p>\n<p style=\"padding-left: 30px; text-align: center;\"><strong> &#x1f449;&#x1f3fe; <span style=\"color: #19819c;\">depuis la Polyn\u00e9sie fran\u00e7aise (+689) \u00a087 70 22 77<\/span><\/strong><\/p>\n<p>\u00a0<\/p>\n<p style=\"padding-left: 30px; text-align: center;\"><span style=\"color: #000000;\"><strong>Nous \u00e9crire ?<\/strong><\/span><\/p>\n<p style=\"padding-left: 30px; text-align: center;\"><strong><span style=\"color: #19819c;\">Mail :<\/span> <a href=\"mailto:matatohora@gmail.com\">matatohora@gmail.com<\/a>\u00a0<\/strong><\/p>\n<p>\u00a0<\/p>\n<p style=\"text-align: center;\"><span style=\"color: #000000;\"><strong>Suivre les actualit\u00e9s ?<\/strong><\/span><\/p>\n<p style=\"padding-left: 30px; text-align: center;\"><strong><span style=\"color: #c71616;\">&#x1f449;&#x1f3fe; <span style=\"color: #19819c;\">Facebook<\/span><\/span><span style=\"color: #19819c;\"> : <a href=\"https:\/\/www.facebook.com\/matatohora\" target=\"_blank\" rel=\"noopener noreferrer\">Mata Tohora<\/a><\/span><\/strong><\/p>\n<p style=\"padding-left: 30px; text-align: center;\"><span style=\"color: #c71616;\">&#x1f449;&#x1f3fe;\u00a0<\/span><span style=\"color: #19819c;\"><span style=\"caret-color: #c71616; font-weight: 600;\">Inscrivez-vous \u00e0 notre newsletter<\/span><\/span><\/p>\n\n\n<p><\/p>\n\n\n\n<figure class=\"wp-block-image\"><img decoding=\"async\" loading=\"lazy\" width=\"1024\" height=\"242\" src=\"http:\/\/www.matatohora.com\/wp-content\/uploads\/2020\/09\/Capture-d\u2019\u00e9cran-2020-09-16-\u00e0-01.13.06-1024x242.png\" alt=\"\" class=\"wp-image-5498\" srcset=\"http:\/\/www.matatohora.com\/wp-content\/uploads\/2020\/09\/Capture-d\u2019\u00e9cran-2020-09-16-\u00e0-01.13.06-1024x242.png 1024w, http:\/\/www.matatohora.com\/wp-content\/uploads\/2020\/09\/Capture-d\u2019\u00e9cran-2020-09-16-\u00e0-01.13.06-300x71.png 300w, http:\/\/www.matatohora.com\/wp-content\/uploads\/2020\/09\/Capture-d\u2019\u00e9cran-2020-09-16-\u00e0-01.13.06-768x181.png 768w, http:\/\/www.matatohora.com\/wp-content\/uploads\/2020\/09\/Capture-d\u2019\u00e9cran-2020-09-16-\u00e0-01.13.06.png 1160w\" sizes=\"(max-width: 1024px) 100vw, 1024px\" \/><\/figure>\n\n\n\n<p class=\"has-text-align-center has-text-color has-medium-font-size\" style=\"color:#116888\"><strong>Mauruuru et \u00e0 bient\u00f4t !!<\/strong><\/p>\n\n\n\n<figure class=\"wp-block-image\"><img decoding=\"async\" src=\"http:\/\/www.matatohora.com\/wp-content\/uploads\/2013\/10\/asso-et-dauphin-\u00e0-long-bec-TBD.jpg\" alt=\"\"\/><\/figure>\n","protected":false},"excerpt":{"rendered":"<p>Pour toutes urgences : c\u00e9tac\u00e9s en difficult\u00e9, \u00e9chouage vivant ou mort, harc\u00e8lements, cliquez ici.&nbsp; Ia\u00a0ora\u00a0na, vous souhaitez &#8230; Nous t\u00e9l\u00e9phoner ?\u00a0 &#x1f449;&#x1f3fe; depuis la Polyn\u00e9sie fran\u00e7aise (+689) \u00a087 70 22 77 \u00a0 Nous \u00e9crire ? Mail : matatohora@gmail.com\u00a0 \u00a0 Suivre les actualit\u00e9s ? &#x1f449;&#x1f3fe; Facebook : Mata Tohora &#x1f449;&#x1f3fe;\u00a0Inscrivez-vous \u00e0 notre newsletter Mauruuru et \u00e0 &hellip; <\/p>\n<p><a class=\"more-link block-button\" href=\"http:\/\/www.matatohora.com\/?page_id=74\">Continuer \u00e0 lire\u00a0\u00bb<\/a><\/p>\n","protected":false},"author":2,"featured_media":0,"parent":0,"menu_order":0,"comment_status":"closed","ping_status":"closed","template":"","meta":[],"_links":{"self":[{"href":"http:\/\/www.matatohora.com\/index.php?rest_route=\/wp\/v2\/pages\/74"}],"collection":[{"href":"http:\/\/www.matatohora.com\/index.php?rest_route=\/wp\/v2\/pages"}],"about":[{"href":"http:\/\/www.matatohora.com\/index.php?rest_route=\/wp\/v2\/types\/page"}],"author":[{"embeddable":true,"href":"http:\/\/www.matatohora.com\/index.php?rest_route=\/wp\/v2\/users\/2"}],"replies":[{"embeddable":true,"href":"http:\/\/www.matatohora.com\/index.php?rest_route=%2Fwp%2Fv2%2Fcomments&post=74"}],"version-history":[{"count":27,"href":"http:\/\/www.matatohora.com\/index.php?rest_route=\/wp\/v2\/pages\/74\/revisions"}],"predecessor-version":[{"id":6778,"href":"http:\/\/www.matatohora.com\/index.php?rest_route=\/wp\/v2\/pages\/74\/revisions\/6778"}],"wp:attachment":[{"href":"http:\/\/www.matatohora.com\/index.php?rest_route=%2Fwp%2Fv2%2Fmedia&parent=74"}],"curies":[{"name":"wp","href":"https:\/\/api.w.org\/{rel}","templated":true}]}}