{"id":6167,"date":"2022-03-18T05:25:37","date_gmt":"2022-03-18T15:25:37","guid":{"rendered":"http:\/\/www.matatohora.com\/?page_id=6167"},"modified":"2022-03-18T08:55:50","modified_gmt":"2022-03-18T18:55:50","slug":"2021-2","status":"publish","type":"page","link":"http:\/\/www.matatohora.com\/?page_id=6167","title":{"rendered":"2021"},"content":{"rendered":"\n<p id=\"block-cebe51eb-bcec-4e76-8b07-f131319efa03\"><br>Mata Tohora a f\u00eat\u00e9 ses 8 ans discr\u00e8tement en plein confinement\u2026 un mal pour un bien pour les baleines et les dauphins qui ont pu retrouver un oc\u00e9an sans pression humaine.&nbsp;<\/p>\n\n\n\n<p id=\"block-d314b627-b92b-40c6-a5f8-99832d5cb717\">Comme chacun le sait, 2021 a \u00e9t\u00e9 marqu\u00e9e en effet par un grand nombre de restrictions ce qui nous a contraint nous aussi \u00e0 annuler certaines activit\u00e9s. Nous nous sommes donc adapt\u00e9s et notre \u00e9quipe a gard\u00e9 sa passion pour prot\u00e9ger les mammif\u00e8res marins qui restent au centre de nos pr\u00e9occupations.&nbsp;<\/p>\n\n\n\n<p id=\"block-65bea8f5-d263-4a08-bea2-f72a34aabc1e\">2021 est tr\u00e8s positive pour les c\u00e9tac\u00e9s du fenua avec notamment l&rsquo;arriv\u00e9e de nouveaux partenaires de Mata Tohora : Media Valley et Marzipan Films. Un projet en cours de pr\u00e9paration qui va enchanter les petits et les grands !!&#8230;<\/p>\n\n\n\n<p id=\"block-f0559e5e-7b49-4d63-ae95-fad2773a07a7\">Nous vous pr\u00e9sentons la synth\u00e8se de nos actions dans le bilan \u00e0 lire et \u00e0 t\u00e9l\u00e9charger ci-dessous.<\/p>\n\n\n\n<p class=\"has-text-align-center\" id=\"block-e82fc3c3-de49-4bec-81d8-f265045463fe\">Bonne lecture et \u00e0 bient\u00f4t !<\/p>\n\n\n\n<div class=\"wp-block-file\"><object class=\"wp-block-file__embed\" data=\"http:\/\/www.matatohora.com\/wp-content\/uploads\/2022\/03\/Mata-Tohora-Bilan-dactivites-2021-BD-2.pdf\" type=\"application\/pdf\" style=\"width:100%;height:600px\" aria-label=\"Contenu embarqu\u00e9 PDF embarqu\u00e9.\"><\/object><a href=\"http:\/\/www.matatohora.com\/wp-content\/uploads\/2022\/03\/Mata-Tohora-Bilan-dactivites-2021-BD-2.pdf\" class=\"wp-block-file__button\" download aria-describedby=\"wp-block-file--media-9b324cbd-fa00-4210-9fdf-8fd165fee693\">Cliquez ici et t\u00e9l\u00e9chargez le bilan d&rsquo;activit\u00e9s 2021 de Mata Tohora<\/a><\/div>\n\n\n\n<p><\/p>\n\n\n\n<figure class=\"wp-block-image size-full\"><a href=\"http:\/\/www.matatohora.com\/wp-content\/uploads\/2022\/03\/Remerciements-Partenaires-2021-1.jpg\" rel=\"lightbox[6167]\"><img decoding=\"async\" loading=\"lazy\" width=\"850\" height=\"595\" src=\"http:\/\/www.matatohora.com\/wp-content\/uploads\/2022\/03\/Remerciements-Partenaires-2021-1.jpg\" alt=\"\" class=\"wp-image-6184\" srcset=\"http:\/\/www.matatohora.com\/wp-content\/uploads\/2022\/03\/Remerciements-Partenaires-2021-1.jpg 850w, http:\/\/www.matatohora.com\/wp-content\/uploads\/2022\/03\/Remerciements-Partenaires-2021-1-300x210.jpg 300w, http:\/\/www.matatohora.com\/wp-content\/uploads\/2022\/03\/Remerciements-Partenaires-2021-1-768x538.jpg 768w\" sizes=\"(max-width: 850px) 100vw, 850px\" \/><\/a><\/figure>\n","protected":false},"excerpt":{"rendered":"<p>Mata Tohora a f\u00eat\u00e9 ses 8 ans discr\u00e8tement en plein confinement\u2026 un mal pour un bien pour les baleines et les dauphins qui ont pu retrouver un oc\u00e9an sans pression humaine.&nbsp; Comme chacun le sait, 2021 a \u00e9t\u00e9 marqu\u00e9e en effet par un grand nombre de restrictions ce qui nous a contraint nous aussi \u00e0 &hellip; <\/p>\n<p><a class=\"more-link block-button\" href=\"http:\/\/www.matatohora.com\/?page_id=6167\">Continuer \u00e0 lire\u00a0\u00bb<\/a><\/p>\n","protected":false},"author":2,"featured_media":5018,"parent":0,"menu_order":0,"comment_status":"closed","ping_status":"closed","template":"","meta":[],"_links":{"self":[{"href":"http:\/\/www.matatohora.com\/index.php?rest_route=\/wp\/v2\/pages\/6167"}],"collection":[{"href":"http:\/\/www.matatohora.com\/index.php?rest_route=\/wp\/v2\/pages"}],"about":[{"href":"http:\/\/www.matatohora.com\/index.php?rest_route=\/wp\/v2\/types\/page"}],"author":[{"embeddable":true,"href":"http:\/\/www.matatohora.com\/index.php?rest_route=\/wp\/v2\/users\/2"}],"replies":[{"embeddable":true,"href":"http:\/\/www.matatohora.com\/index.php?rest_route=%2Fwp%2Fv2%2Fcomments&post=6167"}],"version-history":[{"count":7,"href":"http:\/\/www.matatohora.com\/index.php?rest_route=\/wp\/v2\/pages\/6167\/revisions"}],"predecessor-version":[{"id":6194,"href":"http:\/\/www.matatohora.com\/index.php?rest_route=\/wp\/v2\/pages\/6167\/revisions\/6194"}],"wp:featuredmedia":[{"embeddable":true,"href":"http:\/\/www.matatohora.com\/index.php?rest_route=\/wp\/v2\/media\/5018"}],"wp:attachment":[{"href":"http:\/\/www.matatohora.com\/index.php?rest_route=%2Fwp%2Fv2%2Fmedia&parent=6167"}],"curies":[{"name":"wp","href":"https:\/\/api.w.org\/{rel}","templated":true}]}}