{"id":6,"date":"2013-10-22T21:41:00","date_gmt":"2013-10-22T19:41:00","guid":{"rendered":"http:\/\/matatohora.com\/?page_id=6"},"modified":"2026-02-08T17:19:41","modified_gmt":"2026-02-09T03:19:41","slug":"6-2","status":"publish","type":"page","link":"http:\/\/www.matatohora.com\/","title":{"rendered":"Accueil"},"content":{"rendered":"\n<figure class=\"wp-block-embed aligncenter is-type-video is-provider-youtube wp-block-embed-youtube wp-embed-aspect-16-9 wp-has-aspect-ratio\"><div class=\"wp-block-embed__wrapper\">\n<iframe loading=\"lazy\" title=\"Clip : &quot;Un haka pour les c\u00e9tac\u00e9s&quot;\" width=\"500\" height=\"281\" src=\"https:\/\/www.youtube.com\/embed\/s6O4oo7RWi8?feature=oembed\" frameborder=\"0\" allow=\"accelerometer; autoplay; clipboard-write; encrypted-media; gyroscope; picture-in-picture; web-share\" referrerpolicy=\"strict-origin-when-cross-origin\" allowfullscreen><\/iframe>\n<\/div><\/figure>\n\n\n\n<p>Clip Mata Tohora : \u00ab\u00a0<em>Un haka pour les c\u00e9tac\u00e9s<\/em> \u00ab\u00a0, <a rel=\"noreferrer noopener\" href=\"http:\/\/www.matatohora.com\/?p=5484\" target=\"_blank\">voir le texte et la traduction ici.<\/a><\/p>\n\n\n\n<p class=\"has-text-align-center has-text-color has-background\" style=\"color:#f4f7f8;background-color:#0572a1;font-size:22px\"><strong>Mata Tohora&#8230; <\/strong>qui sommes-nous ?<\/p>\n\n\n\n<p><span style=\"color: #003366;\">Bas\u00e9e \u00e0 Tahiti depuis 2013, Mata Tohora est une <strong>association polyn\u00e9sienne<\/strong> de Loi 1901, pour la <strong>protection des mammif\u00e8res marins<\/strong>, \u00e0 buts <strong>scientifique<\/strong> et <strong>p\u00e9dagogique<\/strong>.<\/span><\/p>\n\n\n\n<p class=\"subtitle-color\"><span style=\"color: #003366;\">Nombreux&nbsp;sont ceux&nbsp;qui nous ont sollicit\u00e9s pour cr\u00e9er une association, et finalement, c&rsquo;est pour<\/span> <a href=\"http:\/\/www.matatohora.com\/?page_id=150\" target=\"_blank\" rel=\"noopener noreferrer\">La Journ\u00e9e de la Baleine<\/a><span style=\"color: #003366;\">, <strong>\u00e9v\u00e9nement p\u00e9dagogique unique<\/strong>, sur le th\u00e8me des baleines \u00e0 bosse, destin\u00e9 aux <strong>enfants d\u00e9favoris\u00e9s ou handicap\u00e9s<\/strong>, que nous avons cr\u00e9\u00e9 Mata Tohora.&nbsp;<\/span><\/p>\n\n\n\n<p class=\"has-text-align-left has-vivid-red-color has-text-color\"><span style=\"color: #003366;\"><strong>AMELIORER LES CONNAISSANCES et LES TRANSMETTRE, FORMER, INFORMER, SENSIBILISER et COMMUNIQUER, telles sont les missions de Mata Tohora.<\/strong><\/span><\/p>\n\n\n\n<p><span style=\"color: #003366;\">Avec son \u00e9quipe constitu\u00e9e de <strong>chercheurs en biologie marine<\/strong> et de <strong>v\u00e9t\u00e9rinaires<\/strong>, elle cr\u00e9e des <strong>programmes de recherche<\/strong> pour <strong>mieux connaitre<\/strong> les <strong>c\u00e9tac\u00e9s<\/strong>, <strong>identifier<\/strong> et <strong>mesurer<\/strong> les <strong>dangers<\/strong> et&nbsp;<strong>propose<\/strong>&nbsp;ainsi au gouvernement des <strong>mesures de protection adapt\u00e9e<\/strong>.<br>Son esprit <strong>pluridisciplinaire<\/strong> f\u00e9d\u00e8re les <strong>passionn\u00e9s<\/strong> de mammif\u00e8res marins, amateurs et professionnels pour r\u00e9aliser tous <strong>ensemble<\/strong> des <strong>projets innovants<\/strong>, toujours pour l&rsquo;int\u00e9r\u00eat des c\u00e9tac\u00e9s dans leur milieu naturel.<\/span><\/p>\n\n\n\n<p><span style=\"color: #003366;\">Mata Tohora <strong>agit rapidement et efficacement sur l&rsquo;ensemble des 5 archipels de la Polyn\u00e9sie<\/strong> : Les b\u00e9n\u00e9voles de son <strong>r\u00e9seau<\/strong> sont form\u00e9s pour intervenir en cas de probl\u00e8mes (baleines ou dauphins pris dans des filets, ou dans des lignes perli\u00e8res, \u00e9chouage de c\u00e9tac\u00e9s vivants ou morts, etc.)<\/span><\/p>\n\n\n\n<p><span style=\"color: #003366;\">Plusieurs activit\u00e9s et \u00e9v\u00e8nements vous sont propos\u00e9s tout au long de l\u2019ann\u00e9e, sur l\u2019ensemble de la Polyn\u00e9sie fran\u00e7aise : \u00e9tudes, stages, conf\u00e9rences, communication grand public et notamment sur l\u2019eau, sensibilisation dans les \u00e9coles, etc.<\/span><\/p>\n\n\n\n<p class=\"has-text-color\" style=\"color:#00314d\">Mata Tohora n\u2019organise pas de whale-watching pour aller voir les dauphins et les baleines, ni pour nager avec eux.&nbsp;<br>Nos sorties en mer ont pour objectif l\u2019\u00e9tude et la sensibilisation pour prot\u00e9ger les c\u00e9tac\u00e9s&nbsp;: on prot\u00e8ge mieux ce que l\u2019on connait.<br><strong>Nos observations se font selon un protocole scientifique respectueux des animaux<\/strong>&nbsp;; et nos images sont prises \u00e0 distance, en prenant le temps n\u00e9cessaire\u2026 <strong>Patience et respect<\/strong> sont les ma\u00eetres mots de Mata Tohora pour une observation respectueuse <strong>uniquement dans le milieu naturel<\/strong> des animaux, c&rsquo;est-\u00e0-dire chez eux ! <\/p>\n\n\n\n<p><span style=\"color: #003366;\">Alors, suivez l\u2019actualit\u00e9 et \u00e0 vous abonnez sur nos r\u00e9seaux <a href=\"https:\/\/www.facebook.com\/matatohora\" target=\"_blank\" rel=\"noreferrer noopener\">Facebook<\/a> et <a href=\"https:\/\/www.instagram.com\/matatohora\/\" target=\"_blank\" rel=\"noreferrer noopener\">Instagram <\/a><\/span><\/p>\n\n\n\n<p><strong><span style=\"color: #003366;\">Merci par avance et \u00e0 bient\u00f4t !&#8230;<\/span><\/strong><br><br><\/p>\n\n\n\n<figure class=\"wp-block-embed is-type-video is-provider-youtube wp-block-embed-youtube wp-embed-aspect-16-9 wp-has-aspect-ratio\"><div class=\"wp-block-embed__wrapper\">\n<iframe loading=\"lazy\" title=\"Une Baleine men\u00e9e par le bout du nez !\" width=\"500\" height=\"281\" src=\"https:\/\/www.youtube.com\/embed\/or1Z32wOKAA?feature=oembed\" frameborder=\"0\" allow=\"accelerometer; autoplay; clipboard-write; encrypted-media; gyroscope; picture-in-picture; web-share\" referrerpolicy=\"strict-origin-when-cross-origin\" allowfullscreen><\/iframe>\n<\/div><\/figure>\n\n\n\n<p><\/p>\n","protected":false},"excerpt":{"rendered":"<p>Clip Mata Tohora : \u00ab\u00a0Un haka pour les c\u00e9tac\u00e9s \u00ab\u00a0, voir le texte et la traduction ici. Mata Tohora&#8230; qui sommes-nous ? Bas\u00e9e \u00e0 Tahiti depuis 2013, Mata Tohora est une association polyn\u00e9sienne de Loi 1901, pour la protection des mammif\u00e8res marins, \u00e0 buts scientifique et p\u00e9dagogique. Nombreux&nbsp;sont ceux&nbsp;qui nous ont sollicit\u00e9s pour cr\u00e9er une &hellip; <\/p>\n<p><a class=\"more-link block-button\" href=\"http:\/\/www.matatohora.com\/\">Continuer \u00e0 lire\u00a0\u00bb<\/a><\/p>\n","protected":false},"author":1,"featured_media":0,"parent":0,"menu_order":0,"comment_status":"closed","ping_status":"open","template":"","meta":[],"_links":{"self":[{"href":"http:\/\/www.matatohora.com\/index.php?rest_route=\/wp\/v2\/pages\/6"}],"collection":[{"href":"http:\/\/www.matatohora.com\/index.php?rest_route=\/wp\/v2\/pages"}],"about":[{"href":"http:\/\/www.matatohora.com\/index.php?rest_route=\/wp\/v2\/types\/page"}],"author":[{"embeddable":true,"href":"http:\/\/www.matatohora.com\/index.php?rest_route=\/wp\/v2\/users\/1"}],"replies":[{"embeddable":true,"href":"http:\/\/www.matatohora.com\/index.php?rest_route=%2Fwp%2Fv2%2Fcomments&post=6"}],"version-history":[{"count":97,"href":"http:\/\/www.matatohora.com\/index.php?rest_route=\/wp\/v2\/pages\/6\/revisions"}],"predecessor-version":[{"id":7400,"href":"http:\/\/www.matatohora.com\/index.php?rest_route=\/wp\/v2\/pages\/6\/revisions\/7400"}],"wp:attachment":[{"href":"http:\/\/www.matatohora.com\/index.php?rest_route=%2Fwp%2Fv2%2Fmedia&parent=6"}],"curies":[{"name":"wp","href":"https:\/\/api.w.org\/{rel}","templated":true}]}}