{"id":5204,"date":"2020-04-06T17:11:28","date_gmt":"2020-04-07T03:11:28","guid":{"rendered":"http:\/\/www.matatohora.com\/?page_id=5204"},"modified":"2021-10-12T11:20:46","modified_gmt":"2021-10-12T21:20:46","slug":"echouage-qui-contacter","status":"publish","type":"page","link":"http:\/\/www.matatohora.com\/?page_id=5204","title":{"rendered":"Urgences : Qui contacter"},"content":{"rendered":"\n<figure class=\"wp-block-image\"><img decoding=\"async\" loading=\"lazy\" width=\"1024\" height=\"323\" src=\"http:\/\/www.matatohora.com\/wp-content\/uploads\/2020\/10\/texte-intro-Urgences-1024x323.jpg\" alt=\"\" class=\"wp-image-5596\" srcset=\"http:\/\/www.matatohora.com\/wp-content\/uploads\/2020\/10\/texte-intro-Urgences-1024x323.jpg 1024w, http:\/\/www.matatohora.com\/wp-content\/uploads\/2020\/10\/texte-intro-Urgences-300x95.jpg 300w, http:\/\/www.matatohora.com\/wp-content\/uploads\/2020\/10\/texte-intro-Urgences-768x242.jpg 768w, http:\/\/www.matatohora.com\/wp-content\/uploads\/2020\/10\/texte-intro-Urgences.jpg 1346w\" sizes=\"(max-width: 1024px) 100vw, 1024px\" \/><\/figure>\n\n\n\n<p style=\"text-align:left\"><strong>Urgences (\u00e9chouages, animal en difficult\u00e9, dans les passes ou dans le lagon) ou harc\u00e8lements :   <\/strong><br>&#8211;  La Direction de l&rsquo;environnement, responsable des esp\u00e8ces prot\u00e9g\u00e9es : 40 47 66 49<br>&#8211; A Moorea : Brigade nautique de la commune de Moorea : 87 70 46 57<br>&#8211; A Tahiti : Brigade nautique de la Gendarmerie : 40 80 37 00<br>&#8211; Mata Tohora et R\u00e9seau local d&rsquo;\u00e9chouage (voir tableau ci-dessous)<\/p>\n\n\n\n<p><strong>Baleines dans la<\/strong> <strong>passe de Papeete<\/strong> (Tahiti) ou de <strong>Vaiare<\/strong> (Moorea) : <br>&#8211; Vigie du Port : 40 47 48 50<\/p>\n\n\n\n<p><strong>T\u00e9moins d&rsquo;un \u00e9chouage<\/strong> d&rsquo;un dauphin, d&rsquo;une baleine ou d&rsquo;une tortue, vivant ou mort, contactez : <br>&#8211; la direction de l&rsquo;environnement : 40 47 66 49 ou 87 20 32 55<br>&#8211; la gendarmerie ou la mairie ou les pompiers de votre commune<br>&#8211; le r\u00e9f\u00e9rent du R\u00e9seau Local d&rsquo;Echouage de votre \u00eele (voir tableau ci-dessous)<br><\/p>\n\n\n\n<div class=\"wp-block-image\"><figure class=\"aligncenter is-resized\"><img decoding=\"async\" loading=\"lazy\" src=\"http:\/\/www.matatohora.com\/wp-content\/uploads\/2020\/04\/Contacts-r\u00e9f\u00e9rents-RLE-2020-web.jpg\" alt=\"\" class=\"wp-image-5208\" width=\"537\" height=\"824\" srcset=\"http:\/\/www.matatohora.com\/wp-content\/uploads\/2020\/04\/Contacts-r\u00e9f\u00e9rents-RLE-2020-web.jpg 620w, http:\/\/www.matatohora.com\/wp-content\/uploads\/2020\/04\/Contacts-r\u00e9f\u00e9rents-RLE-2020-web-195x300.jpg 195w\" sizes=\"(max-width: 537px) 100vw, 537px\" \/><figcaption>Liste officielle des r\u00e9f\u00e9rents du RLE de Polyn\u00e9sie fran\u00e7aise <\/figcaption><\/figure><\/div>\n\n\n\n<p style=\"background-color:#e49678;text-align:center\" class=\"has-background\"><strong>En cas d&rsquo;\u00e9chouage d&rsquo;un animal vivant, vous pouvez apporter les premiers secours en attendant le r\u00e9f\u00e9rent.&nbsp;<\/strong><br><a rel=\"noreferrer noopener\" href=\"http:\/\/www.matatohora.com\/?page_id=1949\" target=\"_blank\"><strong>Plus d&rsquo;informations ici.&nbsp;<\/strong><\/a><br><strong>Restez en contact t\u00e9l\u00e9phonique avec le r\u00e9f\u00e9rent pour lui indiquer le site exact de l&rsquo;\u00e9chouage.<\/strong><\/p>\n\n\n\n<p style=\"text-align:left\">Vous pouvez \u00e9galement enregistrer cet \u00e9chouage sur le site : <br><a rel=\"noreferrer noopener\" href=\"https:\/\/l.facebook.com\/l.php?u=https%3A%2F%2Fpolynesie.magis.nc%2Fobservatoire%2F%3Ffbclid%3DIwAR3iMHAO2ViOe1xNAYDmrO1CljphwUAmHghOsJqGmJuv4C2LPbHQQOlMopw%23detailsTab&amp;h=AT0xFfFF6sSBK0YGW5oSIym7GhZQXjhi2XxVJ9wmoJnw-9CL1Y37yCLjVZIAJdEGoYd29zPryDksawb0KjJaiFVow-QkLSbcR4vkFq92taMK5rTg5_80-HzEn0HizrDAd49k7DbjSd0ORoMv4ykPFgYCJ7_2oQed9B66IXeVJzruLEf63jTC4Os4U4QWUSoCui22wNgShr79skSOIGzT9lEaJhTYBxyTYJH-tsGm8Yhmr8YbjFpbAoOnpHsaP5qERJ6FRFk0LUsFiOvr-zjntFjC9mjiCxwWqXf5U914OPoZ_pssbKfsi_XAH2EZBElB_8H7__5nN1bx-dF1pT_LHzH0iC44ZRfIlAZ1FoYiuHmzWFzx7yYvdX7aSZ22zrfaWNiYWPzDse7kUg90dFZ-hkJpU7RCDfG0DnMCdKUjqfv_WxW_M0q9BZaitJ9ixNTLDxFKZWAepvpoEeUcWWFqsUuatdhk_YNfnhD4jqN4NKBCv7gH2d62FytbpgmWkecUGjgTg_O0NHXPeVDcZeSQVSWUgGTfMd7vLCD2enu0yQqILBIFRpwv_Mxaym5GQVr1uccOOM_FWVVcpVbLK7I8yvVwtOhOP8vLEd8LfhjwMGCEIFsui9-uqRoqaRjdCY0xuCJtg1Sy\" target=\"_blank\">https:\/\/polynesie.magis.nc\/observatoire\/#detailsTab <\/a><br>Les R\u00e9f\u00e9rents du R\u00e9seau Local d\u2019Echouage seront directement inform\u00e9s en fonction du lieu de l\u2019\u00e9chouage.&nbsp;<\/p>\n\n\n\n<p style=\"text-align:center\">Merci de votre collaboration !<\/p>\n","protected":false},"excerpt":{"rendered":"<p>Urgences (\u00e9chouages, animal en difficult\u00e9, dans les passes ou dans le lagon) ou harc\u00e8lements : &#8211; La Direction de l&rsquo;environnement, responsable des esp\u00e8ces prot\u00e9g\u00e9es : 40 47 66 49&#8211; A Moorea : Brigade nautique de la commune de Moorea : 87 70 46 57&#8211; A Tahiti : Brigade nautique de la Gendarmerie : 40 80 &hellip; <\/p>\n<p><a class=\"more-link block-button\" href=\"http:\/\/www.matatohora.com\/?page_id=5204\">Continuer \u00e0 lire\u00a0\u00bb<\/a><\/p>\n","protected":false},"author":2,"featured_media":3594,"parent":0,"menu_order":0,"comment_status":"closed","ping_status":"closed","template":"","meta":[],"_links":{"self":[{"href":"http:\/\/www.matatohora.com\/index.php?rest_route=\/wp\/v2\/pages\/5204"}],"collection":[{"href":"http:\/\/www.matatohora.com\/index.php?rest_route=\/wp\/v2\/pages"}],"about":[{"href":"http:\/\/www.matatohora.com\/index.php?rest_route=\/wp\/v2\/types\/page"}],"author":[{"embeddable":true,"href":"http:\/\/www.matatohora.com\/index.php?rest_route=\/wp\/v2\/users\/2"}],"replies":[{"embeddable":true,"href":"http:\/\/www.matatohora.com\/index.php?rest_route=%2Fwp%2Fv2%2Fcomments&post=5204"}],"version-history":[{"count":30,"href":"http:\/\/www.matatohora.com\/index.php?rest_route=\/wp\/v2\/pages\/5204\/revisions"}],"predecessor-version":[{"id":6024,"href":"http:\/\/www.matatohora.com\/index.php?rest_route=\/wp\/v2\/pages\/5204\/revisions\/6024"}],"wp:featuredmedia":[{"embeddable":true,"href":"http:\/\/www.matatohora.com\/index.php?rest_route=\/wp\/v2\/media\/3594"}],"wp:attachment":[{"href":"http:\/\/www.matatohora.com\/index.php?rest_route=%2Fwp%2Fv2%2Fmedia&parent=5204"}],"curies":[{"name":"wp","href":"https:\/\/api.w.org\/{rel}","templated":true}]}}