{"id":5145,"date":"2020-01-31T20:27:34","date_gmt":"2020-02-01T06:27:34","guid":{"rendered":"http:\/\/www.matatohora.com\/?page_id=5145"},"modified":"2020-05-28T10:56:26","modified_gmt":"2020-05-28T20:56:26","slug":"fiches-didentification-2","status":"publish","type":"page","link":"http:\/\/www.matatohora.com\/?page_id=5145","title":{"rendered":"Fiches d&rsquo;identification"},"content":{"rendered":"\n<p style=\"background-color:#036d9b;color:#fcfcfc\" class=\"has-text-color has-background\">La Polyn\u00e9sie compte une vingtaine de c\u00e9tac\u00e9s r\u00e9pertori\u00e9s dans ces eaux d\u2019une superficie de 5 millions de Km2. Parmi ces esp\u00e8ces, on distingue 12 dauphins qui vous sont d\u00e9crites ci-dessous.<br><br>Ces outils p\u00e9dagogiques sont cr\u00e9\u00e9s par Mata Tohora et mis \u00e0 votre disposition gratuitement, gr\u00e2ce \u00e0 nos\u00a0<a rel=\"noreferrer noopener\" href=\"http:\/\/www.matatohora.com\/?page_id=118\" target=\"_blank\"><em>partenaires<\/em><\/a>\u00a0qui nous accompagnent.<br>Les enseignants d\u00e9sirant approfondir le th\u00e8me des mammif\u00e8res marins peuvent t\u00e9l\u00e9charger.\u00a0<br>Merci de respecter les droits d\u2019auteurs en citant leur source.<\/p>\n\n\n\n<p style=\"color:#046b97;text-align:center\" class=\"has-text-color\"><em>Pour plus d\u2019informations, n\u2019h\u00e9sitez pas \u00e0 nous&nbsp;<\/em><a rel=\"noreferrer noopener\" href=\"http:\/\/www.matatohora.com\/?page_id=74\" target=\"_blank\">contacter<\/a><em>.<\/em><br><em>Nous vous proposons \u00e9galement des&nbsp;<a rel=\"noreferrer noopener\" href=\"http:\/\/www.matatohora.com\/?cat=39\" target=\"_blank\">films p\u00e9dagogiques&nbsp;<\/a><\/em><br><em>pour compl\u00e9ter ces informations.<\/em><\/p>\n\n\n\n<figure class=\"wp-block-image\"><img decoding=\"async\" loading=\"lazy\" width=\"724\" height=\"1024\" src=\"http:\/\/www.matatohora.com\/wp-content\/uploads\/2020\/01\/Fiche-identification-dauphins-1-724x1024.jpg\" alt=\"\" class=\"wp-image-5146\" srcset=\"http:\/\/www.matatohora.com\/wp-content\/uploads\/2020\/01\/Fiche-identification-dauphins-1-724x1024.jpg 724w, http:\/\/www.matatohora.com\/wp-content\/uploads\/2020\/01\/Fiche-identification-dauphins-1-212x300.jpg 212w, http:\/\/www.matatohora.com\/wp-content\/uploads\/2020\/01\/Fiche-identification-dauphins-1-768x1086.jpg 768w\" sizes=\"(max-width: 724px) 100vw, 724px\" \/><\/figure>\n\n\n\n<figure class=\"wp-block-image\"><img decoding=\"async\" loading=\"lazy\" width=\"724\" height=\"1024\" src=\"http:\/\/www.matatohora.com\/wp-content\/uploads\/2020\/01\/Fiche-identification-dauphins-2-724x1024.jpg\" alt=\"\" class=\"wp-image-5147\" srcset=\"http:\/\/www.matatohora.com\/wp-content\/uploads\/2020\/01\/Fiche-identification-dauphins-2-724x1024.jpg 724w, http:\/\/www.matatohora.com\/wp-content\/uploads\/2020\/01\/Fiche-identification-dauphins-2-212x300.jpg 212w, http:\/\/www.matatohora.com\/wp-content\/uploads\/2020\/01\/Fiche-identification-dauphins-2-768x1086.jpg 768w\" sizes=\"(max-width: 724px) 100vw, 724px\" \/><\/figure>\n\n\n\n<figure class=\"wp-block-image\"><img decoding=\"async\" loading=\"lazy\" width=\"724\" height=\"1024\" src=\"http:\/\/www.matatohora.com\/wp-content\/uploads\/2020\/01\/Fiche-identification-dauphins-3-724x1024.jpg\" alt=\"\" class=\"wp-image-5148\" srcset=\"http:\/\/www.matatohora.com\/wp-content\/uploads\/2020\/01\/Fiche-identification-dauphins-3-724x1024.jpg 724w, http:\/\/www.matatohora.com\/wp-content\/uploads\/2020\/01\/Fiche-identification-dauphins-3-212x300.jpg 212w, http:\/\/www.matatohora.com\/wp-content\/uploads\/2020\/01\/Fiche-identification-dauphins-3-768x1086.jpg 768w\" sizes=\"(max-width: 724px) 100vw, 724px\" \/><\/figure>\n","protected":false},"excerpt":{"rendered":"<p>La Polyn\u00e9sie compte une vingtaine de c\u00e9tac\u00e9s r\u00e9pertori\u00e9s dans ces eaux d\u2019une superficie de 5 millions de Km2. Parmi ces esp\u00e8ces, on distingue 12 dauphins qui vous sont d\u00e9crites ci-dessous. Ces outils p\u00e9dagogiques sont cr\u00e9\u00e9s par Mata Tohora et mis \u00e0 votre disposition gratuitement, gr\u00e2ce \u00e0 nos\u00a0partenaires\u00a0qui nous accompagnent.Les enseignants d\u00e9sirant approfondir le th\u00e8me des &hellip; <\/p>\n<p><a class=\"more-link block-button\" href=\"http:\/\/www.matatohora.com\/?page_id=5145\">Continuer \u00e0 lire\u00a0\u00bb<\/a><\/p>\n","protected":false},"author":2,"featured_media":0,"parent":0,"menu_order":0,"comment_status":"closed","ping_status":"closed","template":"","meta":[],"_links":{"self":[{"href":"http:\/\/www.matatohora.com\/index.php?rest_route=\/wp\/v2\/pages\/5145"}],"collection":[{"href":"http:\/\/www.matatohora.com\/index.php?rest_route=\/wp\/v2\/pages"}],"about":[{"href":"http:\/\/www.matatohora.com\/index.php?rest_route=\/wp\/v2\/types\/page"}],"author":[{"embeddable":true,"href":"http:\/\/www.matatohora.com\/index.php?rest_route=\/wp\/v2\/users\/2"}],"replies":[{"embeddable":true,"href":"http:\/\/www.matatohora.com\/index.php?rest_route=%2Fwp%2Fv2%2Fcomments&post=5145"}],"version-history":[{"count":2,"href":"http:\/\/www.matatohora.com\/index.php?rest_route=\/wp\/v2\/pages\/5145\/revisions"}],"predecessor-version":[{"id":5272,"href":"http:\/\/www.matatohora.com\/index.php?rest_route=\/wp\/v2\/pages\/5145\/revisions\/5272"}],"wp:attachment":[{"href":"http:\/\/www.matatohora.com\/index.php?rest_route=%2Fwp%2Fv2%2Fmedia&parent=5145"}],"curies":[{"name":"wp","href":"https:\/\/api.w.org\/{rel}","templated":true}]}}