{"id":5106,"date":"2020-01-31T18:51:13","date_gmt":"2020-02-01T04:51:13","guid":{"rendered":"http:\/\/www.matatohora.com\/?page_id=5106"},"modified":"2021-07-04T03:03:50","modified_gmt":"2021-07-04T13:03:50","slug":"les-cetaces-qui-sont-ils","status":"publish","type":"page","link":"http:\/\/www.matatohora.com\/?page_id=5106","title":{"rendered":"Les c\u00e9tac\u00e9s, qui sont-ils ?"},"content":{"rendered":"\n<p style=\"background-color:#0377a9;color:#ffffff\" class=\"has-text-color has-background\">Ces outils p\u00e9dagogiques sont cr\u00e9\u00e9s par Mata Tohora et mis \u00e0 votre disposition gratuitement, gr\u00e2ce \u00e0 nos <a rel=\"noreferrer noopener\" aria-label=\" (s\u2019ouvre dans un nouvel onglet)\" href=\"http:\/\/www.matatohora.com\/?page_id=118\" target=\"_blank\"><em>partenaires<\/em><\/a><em> <\/em>qui nous accompagnent.<br>Les enseignants d\u00e9sirant approfondir le th\u00e8me des mammif\u00e8res marins peuvent les t\u00e9l\u00e9charger. <br>Merci de respecter les droits d&rsquo;auteurs en citant leur source. <\/p>\n\n\n\n<p style=\"color:#066690;text-align:center\" class=\"has-text-color\"><em>Pour plus d&rsquo;informations, n&rsquo;h\u00e9sitez pas \u00e0 nous <\/em><a href=\"http:\/\/www.matatohora.com\/?page_id=74\" target=\"_blank\" rel=\"noreferrer noopener\" aria-label=\" (s\u2019ouvre dans un nouvel onglet)\">contacter<\/a><em>.<\/em><\/p>\n\n\n\n<figure class=\"wp-block-image\"><img decoding=\"async\" src=\"http:\/\/www.matatohora.com\/wp-content\/uploads\/2020\/01\/Quest-ce-quun-mammif\u00e8re-marin--1024x766.png\" alt=\"L\u2019attribut alt de cette image est vide, son nom de fichier est Quest-ce-quun-mammif\u00e8re-marin--1024x766.png.\"\/><figcaption>\u00a9 Mata Tohora<\/figcaption><\/figure>\n\n\n\n<figure class=\"wp-block-image\"><img decoding=\"async\" loading=\"lazy\" width=\"1024\" height=\"734\" src=\"http:\/\/www.matatohora.com\/wp-content\/uploads\/2021\/07\/Ce-ne-sont-pas-des-poissons--1024x734.jpg\" alt=\"\" class=\"wp-image-5945\" srcset=\"http:\/\/www.matatohora.com\/wp-content\/uploads\/2021\/07\/Ce-ne-sont-pas-des-poissons--1024x734.jpg 1024w, http:\/\/www.matatohora.com\/wp-content\/uploads\/2021\/07\/Ce-ne-sont-pas-des-poissons--300x215.jpg 300w, http:\/\/www.matatohora.com\/wp-content\/uploads\/2021\/07\/Ce-ne-sont-pas-des-poissons--768x551.jpg 768w, http:\/\/www.matatohora.com\/wp-content\/uploads\/2021\/07\/Ce-ne-sont-pas-des-poissons-.jpg 1392w\" sizes=\"(max-width: 1024px) 100vw, 1024px\" \/><figcaption>\u00a9 Mata Tohora<\/figcaption><\/figure>\n\n\n\n<figure class=\"wp-block-image\"><img decoding=\"async\" loading=\"lazy\" width=\"1024\" height=\"763\" src=\"http:\/\/www.matatohora.com\/wp-content\/uploads\/2021\/07\/poisson-vs-mamm-marin-1024x763.jpg\" alt=\"\" class=\"wp-image-5948\" srcset=\"http:\/\/www.matatohora.com\/wp-content\/uploads\/2021\/07\/poisson-vs-mamm-marin-1024x763.jpg 1024w, http:\/\/www.matatohora.com\/wp-content\/uploads\/2021\/07\/poisson-vs-mamm-marin-300x223.jpg 300w, http:\/\/www.matatohora.com\/wp-content\/uploads\/2021\/07\/poisson-vs-mamm-marin-768x572.jpg 768w, http:\/\/www.matatohora.com\/wp-content\/uploads\/2021\/07\/poisson-vs-mamm-marin.jpg 1101w\" sizes=\"(max-width: 1024px) 100vw, 1024px\" \/><figcaption>\u00a9 Mata Tohora<\/figcaption><\/figure>\n\n\n\n<figure class=\"wp-block-image\"><img decoding=\"async\" src=\"http:\/\/www.matatohora.com\/wp-content\/uploads\/2020\/01\/Origine-des-c\u00e9tac\u00e9s-871x1024.jpg\" alt=\"L\u2019attribut alt de cette image est vide, son nom de fichier est Origine-des-c\u00e9tac\u00e9s-871x1024.jpg.\"\/><figcaption>\u00a9 Mata Tohora<\/figcaption><\/figure>\n\n\n\n<figure class=\"wp-block-image\"><img decoding=\"async\" src=\"http:\/\/www.matatohora.com\/wp-content\/uploads\/2020\/01\/g\u00e9n\u00e9ralit\u00e9s-odontocete-mysticete-1024x1015.jpg\" alt=\"L\u2019attribut alt de cette image est vide, son nom de fichier est g\u00e9n\u00e9ralit\u00e9s-odontocete-mysticete-1024x1015.jpg.\"\/><figcaption>\u00a9 Mata Tohora<\/figcaption><\/figure>\n\n\n\n<figure class=\"wp-block-image\"><img decoding=\"async\" src=\"http:\/\/www.matatohora.com\/wp-content\/uploads\/2020\/01\/baleinesdauphins-pf-60x40-BD-1024x683.jpg\" alt=\"L\u2019attribut alt de cette image est vide, son nom de fichier est baleinesdauphins-pf-60x40-BD-1024x683.jpg.\"\/><figcaption>Affiches 40 X 60 cm disponibles \u00e0 la Direction de l&rsquo;environnement<\/figcaption><\/figure>\n","protected":false},"excerpt":{"rendered":"<p>Ces outils p\u00e9dagogiques sont cr\u00e9\u00e9s par Mata Tohora et mis \u00e0 votre disposition gratuitement, gr\u00e2ce \u00e0 nos partenaires qui nous accompagnent.Les enseignants d\u00e9sirant approfondir le th\u00e8me des mammif\u00e8res marins peuvent les t\u00e9l\u00e9charger. Merci de respecter les droits d&rsquo;auteurs en citant leur source. Pour plus d&rsquo;informations, n&rsquo;h\u00e9sitez pas \u00e0 nous contacter.<\/p>\n","protected":false},"author":2,"featured_media":0,"parent":0,"menu_order":0,"comment_status":"closed","ping_status":"closed","template":"","meta":[],"_links":{"self":[{"href":"http:\/\/www.matatohora.com\/index.php?rest_route=\/wp\/v2\/pages\/5106"}],"collection":[{"href":"http:\/\/www.matatohora.com\/index.php?rest_route=\/wp\/v2\/pages"}],"about":[{"href":"http:\/\/www.matatohora.com\/index.php?rest_route=\/wp\/v2\/types\/page"}],"author":[{"embeddable":true,"href":"http:\/\/www.matatohora.com\/index.php?rest_route=\/wp\/v2\/users\/2"}],"replies":[{"embeddable":true,"href":"http:\/\/www.matatohora.com\/index.php?rest_route=%2Fwp%2Fv2%2Fcomments&post=5106"}],"version-history":[{"count":9,"href":"http:\/\/www.matatohora.com\/index.php?rest_route=\/wp\/v2\/pages\/5106\/revisions"}],"predecessor-version":[{"id":5950,"href":"http:\/\/www.matatohora.com\/index.php?rest_route=\/wp\/v2\/pages\/5106\/revisions\/5950"}],"wp:attachment":[{"href":"http:\/\/www.matatohora.com\/index.php?rest_route=%2Fwp%2Fv2%2Fmedia&parent=5106"}],"curies":[{"name":"wp","href":"https:\/\/api.w.org\/{rel}","templated":true}]}}