{"id":5023,"date":"2020-01-16T20:58:19","date_gmt":"2020-01-17T06:58:19","guid":{"rendered":"http:\/\/www.matatohora.com\/?page_id=5023"},"modified":"2020-01-28T14:38:21","modified_gmt":"2020-01-29T00:38:21","slug":"2019-2","status":"publish","type":"page","link":"http:\/\/www.matatohora.com\/?page_id=5023","title":{"rendered":"2019"},"content":{"rendered":"\n<p>Voici notre 6 \u00e8me bilan d&rsquo;activit\u00e9s que nous sommes impatients de vous pr\u00e9senter ! A Tahiti, \u00e0 Moorea et dans tous les archipels, la diversit\u00e9 de nos actions men\u00e9es sur le terrain  vous sont r\u00e9sum\u00e9es ci-dessous !<br><\/p>\n\n\n\n<p>Ce bilan nous encourage \u00e0 poursuivre nos efforts tous ensemble avec l&rsquo;\u00e9troite collaboration de nos chers <a href=\"http:\/\/www.matatohora.com\/?page_id=118\">partenaires<\/a> et avec vous tous, toujours plus nombreux \u00e0 nous contacter et nous soutenir. <br><em>Recevez notre immense gratitude !<\/em><\/p>\n\n\n\n<p style=\"text-align:center\">Alors, bonne lecture !<\/p>\n\n\n\n<div class=\"wp-block-file aligncenter\"><a href=\"http:\/\/www.matatohora.com\/wp-content\/uploads\/2020\/01\/Bilan-Mata-Tohora-2019-BD.pdf\" class=\"wp-block-file__button\" download>Cliquez ici et retrouvez le bilan d&rsquo;activit\u00e9 2019 de Mata Tohora !<\/a><\/div>\n\n\n\n<figure class=\"wp-block-image\"><img decoding=\"async\" loading=\"lazy\" width=\"646\" height=\"306\" src=\"http:\/\/www.matatohora.com\/wp-content\/uploads\/2020\/01\/carte-remerciements-partenaires-2019-2020-1.jpg\" alt=\"\" class=\"wp-image-5029\" srcset=\"http:\/\/www.matatohora.com\/wp-content\/uploads\/2020\/01\/carte-remerciements-partenaires-2019-2020-1.jpg 646w, http:\/\/www.matatohora.com\/wp-content\/uploads\/2020\/01\/carte-remerciements-partenaires-2019-2020-1-300x142.jpg 300w\" sizes=\"(max-width: 646px) 100vw, 646px\" \/><\/figure>\n\n\n\n<p style=\"text-align:center\"><em>Merci \u00e0 tous pour votre soutien r\u00e9gulier <\/em><br><em>et \u00e0 nos <a href=\"http:\/\/www.matatohora.com\/?page_id=118\">partenaires<\/a> qui nous accompagnent fid\u00e8lement <\/em><br><em>et sans lesquels toutes ces actions ne seraient pas possibles !<\/em><br><\/p>\n","protected":false},"excerpt":{"rendered":"<p>Voici notre 6 \u00e8me bilan d&rsquo;activit\u00e9s que nous sommes impatients de vous pr\u00e9senter ! A Tahiti, \u00e0 Moorea et dans tous les archipels, la diversit\u00e9 de nos actions men\u00e9es sur le terrain vous sont r\u00e9sum\u00e9es ci-dessous ! Ce bilan nous encourage \u00e0 poursuivre nos efforts tous ensemble avec l&rsquo;\u00e9troite collaboration de nos chers partenaires et &hellip; <\/p>\n<p><a class=\"more-link block-button\" href=\"http:\/\/www.matatohora.com\/?page_id=5023\">Continuer \u00e0 lire\u00a0\u00bb<\/a><\/p>\n","protected":false},"author":2,"featured_media":0,"parent":0,"menu_order":0,"comment_status":"closed","ping_status":"closed","template":"","meta":[],"_links":{"self":[{"href":"http:\/\/www.matatohora.com\/index.php?rest_route=\/wp\/v2\/pages\/5023"}],"collection":[{"href":"http:\/\/www.matatohora.com\/index.php?rest_route=\/wp\/v2\/pages"}],"about":[{"href":"http:\/\/www.matatohora.com\/index.php?rest_route=\/wp\/v2\/types\/page"}],"author":[{"embeddable":true,"href":"http:\/\/www.matatohora.com\/index.php?rest_route=\/wp\/v2\/users\/2"}],"replies":[{"embeddable":true,"href":"http:\/\/www.matatohora.com\/index.php?rest_route=%2Fwp%2Fv2%2Fcomments&post=5023"}],"version-history":[{"count":6,"href":"http:\/\/www.matatohora.com\/index.php?rest_route=\/wp\/v2\/pages\/5023\/revisions"}],"predecessor-version":[{"id":5090,"href":"http:\/\/www.matatohora.com\/index.php?rest_route=\/wp\/v2\/pages\/5023\/revisions\/5090"}],"wp:attachment":[{"href":"http:\/\/www.matatohora.com\/index.php?rest_route=%2Fwp%2Fv2%2Fmedia&parent=5023"}],"curies":[{"name":"wp","href":"https:\/\/api.w.org\/{rel}","templated":true}]}}