{"id":4345,"date":"2019-02-06T15:56:48","date_gmt":"2019-02-07T01:56:48","guid":{"rendered":"http:\/\/www.matatohora.com\/?page_id=4345"},"modified":"2020-01-27T18:19:42","modified_gmt":"2020-01-28T04:19:42","slug":"2018-2","status":"publish","type":"page","link":"http:\/\/www.matatohora.com\/?page_id=4345","title":{"rendered":"2018"},"content":{"rendered":"<p style=\"text-align: center;\"><span style=\"color: #003366; font-size: 12pt;\"><strong>Retrouvez les moments les plus intenses et marquants<\/strong><\/span><\/p>\n<p style=\"text-align: center;\"><span style=\"color: #003366; font-size: 12pt;\"><strong>de cette 5 \u00e8me ann\u00e9e de passion\u00a0pour les c\u00e9tac\u00e9s\u00a0<\/strong><\/span><\/p>\n<p style=\"text-align: center;\"><span style=\"color: #003366; font-size: 12pt;\"><strong>en lisant ici <a href=\"http:\/\/www.matatohora.com\/wp-content\/uploads\/2019\/02\/Bilan-des-activit\u00e9s-Mata-Tohora-2018-BD.pdf\" target=\"_blank\" rel=\"noopener noreferrer\">le bilan de nos activit\u00e9s en 2018<\/a><\/strong><\/span><\/p>\n<p style=\"text-align: center;\">\n<p style=\"text-align: center;\"><a href=\"http:\/\/www.matatohora.com\/wp-content\/uploads\/2019\/02\/remerciements-.jpg\" rel=\"lightbox[4345]\"><img decoding=\"async\" loading=\"lazy\" class=\"alignright size-large wp-image-4371\" src=\"http:\/\/www.matatohora.com\/wp-content\/uploads\/2019\/02\/remerciements--1024x608.jpg\" alt=\"\" width=\"1024\" height=\"608\" srcset=\"http:\/\/www.matatohora.com\/wp-content\/uploads\/2019\/02\/remerciements--1024x608.jpg 1024w, http:\/\/www.matatohora.com\/wp-content\/uploads\/2019\/02\/remerciements--300x178.jpg 300w, http:\/\/www.matatohora.com\/wp-content\/uploads\/2019\/02\/remerciements--768x456.jpg 768w, http:\/\/www.matatohora.com\/wp-content\/uploads\/2019\/02\/remerciements-.jpg 1134w\" sizes=\"(max-width: 1024px) 100vw, 1024px\" \/><\/a><\/p>\n<p style=\"text-align: center;\"><span style=\"color: #000000; font-size: 10pt;\">Un grand merci \u00e0 tous, de plus en plus nombreux \u00e0 nous soutenir. Vos informations contribuent \u00e9galement \u00a0\u00e0 enrichir les connaissances sur les c\u00e9tac\u00e9s \u00e0 Tahiti et dans les \u00eeles de chaque archipel.<br \/>\nMauruuru matai \u00e0 nos fid\u00e8les <a href=\"http:\/\/www.matatohora.com\/?page_id=118\">partenaires<\/a> sans lesquels ses actions ne pourraient avoir lieu.\u00a0<\/span><\/p>\n<p style=\"text-align: center;\"><span style=\"font-size: 10pt;\"><strong><span style=\"color: #800000;\">Ensemble, continuons pour les c\u00e9tac\u00e9s !<\/span><\/strong><\/span><\/p>\n<p style=\"text-align: center;\"><span style=\"font-size: 12pt;\"><strong><span style=\"color: #800000;\">\u00a0<\/span><\/strong><\/span><\/p>\n","protected":false},"excerpt":{"rendered":"<p>Retrouvez les moments les plus intenses et marquants de cette 5 \u00e8me ann\u00e9e de passion\u00a0pour les c\u00e9tac\u00e9s\u00a0 en lisant ici le bilan de nos activit\u00e9s en 2018 Un grand merci \u00e0 tous, de plus en plus nombreux \u00e0 nous soutenir. Vos informations contribuent \u00e9galement \u00a0\u00e0 enrichir les connaissances sur les c\u00e9tac\u00e9s \u00e0 Tahiti et dans &hellip; <\/p>\n<p><a class=\"more-link block-button\" href=\"http:\/\/www.matatohora.com\/?page_id=4345\">Continuer \u00e0 lire\u00a0\u00bb<\/a><\/p>\n","protected":false},"author":2,"featured_media":0,"parent":0,"menu_order":0,"comment_status":"closed","ping_status":"closed","template":"","meta":[],"_links":{"self":[{"href":"http:\/\/www.matatohora.com\/index.php?rest_route=\/wp\/v2\/pages\/4345"}],"collection":[{"href":"http:\/\/www.matatohora.com\/index.php?rest_route=\/wp\/v2\/pages"}],"about":[{"href":"http:\/\/www.matatohora.com\/index.php?rest_route=\/wp\/v2\/types\/page"}],"author":[{"embeddable":true,"href":"http:\/\/www.matatohora.com\/index.php?rest_route=\/wp\/v2\/users\/2"}],"replies":[{"embeddable":true,"href":"http:\/\/www.matatohora.com\/index.php?rest_route=%2Fwp%2Fv2%2Fcomments&post=4345"}],"version-history":[{"count":6,"href":"http:\/\/www.matatohora.com\/index.php?rest_route=\/wp\/v2\/pages\/4345\/revisions"}],"predecessor-version":[{"id":5077,"href":"http:\/\/www.matatohora.com\/index.php?rest_route=\/wp\/v2\/pages\/4345\/revisions\/5077"}],"wp:attachment":[{"href":"http:\/\/www.matatohora.com\/index.php?rest_route=%2Fwp%2Fv2%2Fmedia&parent=4345"}],"curies":[{"name":"wp","href":"https:\/\/api.w.org\/{rel}","templated":true}]}}