{"id":3875,"date":"2018-07-03T18:26:57","date_gmt":"2018-07-04T04:26:57","guid":{"rendered":"http:\/\/www.matatohora.com\/?page_id=3875"},"modified":"2018-07-03T19:19:49","modified_gmt":"2018-07-04T05:19:49","slug":"nous-avons-teste-pour-vous","status":"publish","type":"page","link":"http:\/\/www.matatohora.com\/?page_id=3875","title":{"rendered":"On a test\u00e9 pour vous !"},"content":{"rendered":"<p style=\"text-align: center;\"><span style=\"color: #003366; font-size: 12pt;\"><strong>Le whale-watching dans le monde avec Mata Tohora<\/strong><\/span><\/p>\n<p style=\"padding-left: 30px;\">Nos b\u00e9n\u00e9voles, forts de leurs exp\u00e9riences en whale-watching et dolphin-watching, mais aussi riches de leurs connaissances scientifiques sur ces animaux, participent \u00e0 diff\u00e9rentes sorties en mer dans le monde pour vous faire un back-up de leur exp\u00e9rience.<\/p>\n<p style=\"padding-left: 30px;\">Bas\u00e9 sur le principe de notre \u00e9thique\u00a0Eco-Responsable, nous vous donnerons notre avis sur les observations, organisations, respects des animaux.<\/p>\n<p style=\"padding-left: 30px;\">Vous trouverez \u00e9galement tout lien utile pour satisfaire votre passion !<\/p>\n<p style=\"padding-left: 30px;\">So&#8230; let&rsquo;s go !<\/p>\n<p style=\"padding-left: 30px;\"><a href=\"http:\/\/www.matatohora.com\/wp-content\/uploads\/2018\/07\/Agn\u00e8s-aux-jumelles-2-BD.jpg\" rel=\"lightbox[3875]\"><img decoding=\"async\" loading=\"lazy\" class=\" wp-image-3876 alignleft\" src=\"http:\/\/www.matatohora.com\/wp-content\/uploads\/2018\/07\/Agn\u00e8s-aux-jumelles-2-BD-1024x806.jpg\" alt=\"\" width=\"171\" height=\"134\" srcset=\"http:\/\/www.matatohora.com\/wp-content\/uploads\/2018\/07\/Agn\u00e8s-aux-jumelles-2-BD-1024x806.jpg 1024w, http:\/\/www.matatohora.com\/wp-content\/uploads\/2018\/07\/Agn\u00e8s-aux-jumelles-2-BD-300x236.jpg 300w, http:\/\/www.matatohora.com\/wp-content\/uploads\/2018\/07\/Agn\u00e8s-aux-jumelles-2-BD-768x604.jpg 768w, http:\/\/www.matatohora.com\/wp-content\/uploads\/2018\/07\/Agn\u00e8s-aux-jumelles-2-BD.jpg 1365w\" sizes=\"(max-width: 171px) 100vw, 171px\" \/><\/a> <a href=\"http:\/\/www.matatohora.com\/wp-content\/uploads\/2018\/07\/40A1497-copie.jpg\" rel=\"lightbox[3875]\"><img decoding=\"async\" loading=\"lazy\" class=\" wp-image-3877 alignleft\" src=\"http:\/\/www.matatohora.com\/wp-content\/uploads\/2018\/07\/40A1497-copie-1024x637.jpg\" alt=\"\" width=\"216\" height=\"134\" srcset=\"http:\/\/www.matatohora.com\/wp-content\/uploads\/2018\/07\/40A1497-copie-1024x637.jpg 1024w, http:\/\/www.matatohora.com\/wp-content\/uploads\/2018\/07\/40A1497-copie-300x187.jpg 300w, http:\/\/www.matatohora.com\/wp-content\/uploads\/2018\/07\/40A1497-copie-768x477.jpg 768w, http:\/\/www.matatohora.com\/wp-content\/uploads\/2018\/07\/40A1497-copie.jpg 1134w\" sizes=\"(max-width: 216px) 100vw, 216px\" \/><\/a> <a href=\"http:\/\/www.matatohora.com\/wp-content\/uploads\/2018\/07\/P1070091.jpg\" rel=\"lightbox[3875]\"><img decoding=\"async\" loading=\"lazy\" class=\" wp-image-3879 alignleft\" src=\"http:\/\/www.matatohora.com\/wp-content\/uploads\/2018\/07\/P1070091-1024x850.jpg\" alt=\"\" width=\"163\" height=\"135\" srcset=\"http:\/\/www.matatohora.com\/wp-content\/uploads\/2018\/07\/P1070091-1024x850.jpg 1024w, http:\/\/www.matatohora.com\/wp-content\/uploads\/2018\/07\/P1070091-300x249.jpg 300w, http:\/\/www.matatohora.com\/wp-content\/uploads\/2018\/07\/P1070091-768x637.jpg 768w, http:\/\/www.matatohora.com\/wp-content\/uploads\/2018\/07\/P1070091.jpg 1393w\" sizes=\"(max-width: 163px) 100vw, 163px\" \/><\/a><\/p>\n<p style=\"padding-left: 30px;\">\n<p style=\"padding-left: 30px;\">\n<p style=\"padding-left: 30px;\">\n<p style=\"padding-left: 30px;\">\n<p style=\"padding-left: 30px;\">\n<p style=\"padding-left: 30px;\">\n<p style=\"padding-left: 30px;\">\n<p style=\"padding-left: 30px;\"><a href=\"http:\/\/www.matatohora.com\/wp-content\/uploads\/2018\/07\/Carte-du-monde-WW.jpg\" rel=\"lightbox[3875]\"><img decoding=\"async\" loading=\"lazy\" class=\"wp-image-3886 alignleft\" src=\"http:\/\/www.matatohora.com\/wp-content\/uploads\/2018\/07\/Carte-du-monde-WW-1024x807.jpg\" alt=\"\" width=\"586\" height=\"462\" srcset=\"http:\/\/www.matatohora.com\/wp-content\/uploads\/2018\/07\/Carte-du-monde-WW-1024x807.jpg 1024w, http:\/\/www.matatohora.com\/wp-content\/uploads\/2018\/07\/Carte-du-monde-WW-300x236.jpg 300w, http:\/\/www.matatohora.com\/wp-content\/uploads\/2018\/07\/Carte-du-monde-WW-768x605.jpg 768w, http:\/\/www.matatohora.com\/wp-content\/uploads\/2018\/07\/Carte-du-monde-WW.jpg 1638w\" sizes=\"(max-width: 586px) 100vw, 586px\" \/><\/a><\/p>\n","protected":false},"excerpt":{"rendered":"<p>Le whale-watching dans le monde avec Mata Tohora Nos b\u00e9n\u00e9voles, forts de leurs exp\u00e9riences en whale-watching et dolphin-watching, mais aussi riches de leurs connaissances scientifiques sur ces animaux, participent \u00e0 diff\u00e9rentes sorties en mer dans le monde pour vous faire un back-up de leur exp\u00e9rience. Bas\u00e9 sur le principe de notre \u00e9thique\u00a0Eco-Responsable, nous vous donnerons &hellip; <\/p>\n<p><a class=\"more-link block-button\" href=\"http:\/\/www.matatohora.com\/?page_id=3875\">Continuer \u00e0 lire\u00a0\u00bb<\/a><\/p>\n","protected":false},"author":2,"featured_media":3876,"parent":0,"menu_order":0,"comment_status":"closed","ping_status":"closed","template":"","meta":[],"_links":{"self":[{"href":"http:\/\/www.matatohora.com\/index.php?rest_route=\/wp\/v2\/pages\/3875"}],"collection":[{"href":"http:\/\/www.matatohora.com\/index.php?rest_route=\/wp\/v2\/pages"}],"about":[{"href":"http:\/\/www.matatohora.com\/index.php?rest_route=\/wp\/v2\/types\/page"}],"author":[{"embeddable":true,"href":"http:\/\/www.matatohora.com\/index.php?rest_route=\/wp\/v2\/users\/2"}],"replies":[{"embeddable":true,"href":"http:\/\/www.matatohora.com\/index.php?rest_route=%2Fwp%2Fv2%2Fcomments&post=3875"}],"version-history":[{"count":5,"href":"http:\/\/www.matatohora.com\/index.php?rest_route=\/wp\/v2\/pages\/3875\/revisions"}],"predecessor-version":[{"id":3887,"href":"http:\/\/www.matatohora.com\/index.php?rest_route=\/wp\/v2\/pages\/3875\/revisions\/3887"}],"wp:featuredmedia":[{"embeddable":true,"href":"http:\/\/www.matatohora.com\/index.php?rest_route=\/wp\/v2\/media\/3876"}],"wp:attachment":[{"href":"http:\/\/www.matatohora.com\/index.php?rest_route=%2Fwp%2Fv2%2Fmedia&parent=3875"}],"curies":[{"name":"wp","href":"https:\/\/api.w.org\/{rel}","templated":true}]}}