{"id":3484,"date":"2017-12-28T14:00:11","date_gmt":"2017-12-29T00:00:11","guid":{"rendered":"http:\/\/www.matatohora.com\/?page_id=3484"},"modified":"2020-01-27T18:21:14","modified_gmt":"2020-01-28T04:21:14","slug":"2017-2","status":"publish","type":"page","link":"http:\/\/www.matatohora.com\/?page_id=3484","title":{"rendered":"2017"},"content":{"rendered":"<p style=\"text-align: center;\"><span style=\"font-size: 12pt;\"><strong><span style=\"color: #003366;\">Pour sa 4 \u00e8me ann\u00e9e, Mata Tohora vous pr\u00e9sente une synth\u00e8se de ses activit\u00e9s pour la protection des mammif\u00e8res marins dans leur milieu naturel !<\/span><\/strong><\/span><\/p>\n<p style=\"text-align: center;\">Voici ici le\u00a0<a href=\"http:\/\/www.matatohora.com\/wp-content\/uploads\/2017\/12\/Bila-dactivit\u00e9s-Mata-Tohora-2017.pdf\" target=\"_blank\" rel=\"noopener noreferrer\">Bilan d&rsquo;activit\u00e9s Mata Tohora 2017<\/a><\/p>\n<p style=\"text-align: center;\"><strong>Bonne lecture et \u00e0\u00a0bient\u00f4t\u00a0pour poursuivre\u00a0ensemble notre passion&#8230;<\/strong><\/p>\n<p><a href=\"http:\/\/www.matatohora.com\/wp-content\/uploads\/2017\/12\/poursuivons-laventure.jpg\" rel=\"lightbox[3484]\"><img decoding=\"async\" loading=\"lazy\" class=\"wp-image-3486 aligncenter\" src=\"http:\/\/www.matatohora.com\/wp-content\/uploads\/2017\/12\/poursuivons-laventure-1024x768.jpg\" alt=\"\" width=\"529\" height=\"397\" srcset=\"http:\/\/www.matatohora.com\/wp-content\/uploads\/2017\/12\/poursuivons-laventure-1024x768.jpg 1024w, http:\/\/www.matatohora.com\/wp-content\/uploads\/2017\/12\/poursuivons-laventure-300x225.jpg 300w, http:\/\/www.matatohora.com\/wp-content\/uploads\/2017\/12\/poursuivons-laventure-768x576.jpg 768w\" sizes=\"(max-width: 529px) 100vw, 529px\" \/><\/a><\/p>\n<p style=\"text-align: center;\">Un immense MERCI \u00e0 tous,<br \/>\nainsi qu&rsquo;\u00e0 nos <a href=\"http:\/\/www.matatohora.com\/?page_id=118\">partenaires<\/a> pour leur aide et leur partage.<\/p>\n","protected":false},"excerpt":{"rendered":"<p>Pour sa 4 \u00e8me ann\u00e9e, Mata Tohora vous pr\u00e9sente une synth\u00e8se de ses activit\u00e9s pour la protection des mammif\u00e8res marins dans leur milieu naturel ! Voici ici le\u00a0Bilan d&rsquo;activit\u00e9s Mata Tohora 2017 Bonne lecture et \u00e0\u00a0bient\u00f4t\u00a0pour poursuivre\u00a0ensemble notre passion&#8230; Un immense MERCI \u00e0 tous, ainsi qu&rsquo;\u00e0 nos partenaires pour leur aide et leur partage.<\/p>\n","protected":false},"author":2,"featured_media":3486,"parent":0,"menu_order":0,"comment_status":"closed","ping_status":"closed","template":"","meta":[],"_links":{"self":[{"href":"http:\/\/www.matatohora.com\/index.php?rest_route=\/wp\/v2\/pages\/3484"}],"collection":[{"href":"http:\/\/www.matatohora.com\/index.php?rest_route=\/wp\/v2\/pages"}],"about":[{"href":"http:\/\/www.matatohora.com\/index.php?rest_route=\/wp\/v2\/types\/page"}],"author":[{"embeddable":true,"href":"http:\/\/www.matatohora.com\/index.php?rest_route=\/wp\/v2\/users\/2"}],"replies":[{"embeddable":true,"href":"http:\/\/www.matatohora.com\/index.php?rest_route=%2Fwp%2Fv2%2Fcomments&post=3484"}],"version-history":[{"count":4,"href":"http:\/\/www.matatohora.com\/index.php?rest_route=\/wp\/v2\/pages\/3484\/revisions"}],"predecessor-version":[{"id":5078,"href":"http:\/\/www.matatohora.com\/index.php?rest_route=\/wp\/v2\/pages\/3484\/revisions\/5078"}],"wp:featuredmedia":[{"embeddable":true,"href":"http:\/\/www.matatohora.com\/index.php?rest_route=\/wp\/v2\/media\/3486"}],"wp:attachment":[{"href":"http:\/\/www.matatohora.com\/index.php?rest_route=%2Fwp%2Fv2%2Fmedia&parent=3484"}],"curies":[{"name":"wp","href":"https:\/\/api.w.org\/{rel}","templated":true}]}}