{"id":31,"date":"2013-10-22T22:04:23","date_gmt":"2013-10-23T08:04:23","guid":{"rendered":"http:\/\/matatohora.com\/?page_id=31"},"modified":"2016-06-11T11:18:42","modified_gmt":"2016-06-11T21:18:42","slug":"les-sedentaires","status":"publish","type":"page","link":"http:\/\/www.matatohora.com\/?page_id=31","title":{"rendered":"S\u00e9dentaires"},"content":{"rendered":"<p style=\"text-align: justify; padding-left: 30px;\">Certaines esp\u00e8ces nomades peuvent se s\u00e9dentariser selon les facteurs environnementaux.<\/p>\n<p style=\"text-align: justify; padding-left: 30px;\">Le dauphin \u00e0 long bec (<i>Stenella longirostris)<\/i>, le grand dauphin (<i>Tursiops trucatus<\/i>), le dauphin tachet\u00e9 (<i>Stenella attenuata<\/i>), et le dauphin \u00e0 bec \u00e9troit (<i>Steno bredanensis<\/i>), r\u00e9sident autour d\u2019une \u00eele, d\u2019un groupe d\u2019\u00eeles ou dans une baie si les conditions environnementales et notamment nutritionnelles sont propices.<\/p>\n<p style=\"text-align: justify; padding-left: 30px;\">Pour les baleines \u00e0 bec (<i>Ziphius cavirostris, Mesoplodon densirostris<\/i>), leur territoire peut parfois se limiter \u00e0 2 ou 3 \u00eeles (par exemple Tahiti-Moorea ou Huahine-Raiatea). En Polyn\u00e9sie, elles sont observ\u00e9es en petits groupes de 2 \u00e0 8. La discr\u00e9tion de ces animaux rend difficile la connaissance pr\u00e9cise de leur site de r\u00e9sidence.<\/p>\n<ul>\n<li><a title=\"Dauphin \u00e0 bec \u00e9troit ou Steno\" href=\"http:\/\/www.matatohora.com\/?p=311\" target=\"_blank\">Dauphin \u00e0 bec \u00e9troit<\/a><\/li>\n<li><a title=\"Dauphin \u00e0 long bec\" href=\"http:\/\/www.matatohora.com\/?p=317\" target=\"_blank\">Dauphin \u00e0 long bec<\/a><\/li>\n<li><a title=\"Dauphin tachet\u00e9\" href=\"http:\/\/www.matatohora.com\/?p=313\" target=\"_blank\">Dauphin tachet\u00e9<\/a><\/li>\n<li><a title=\"Grand dauphin\" href=\"http:\/\/www.matatohora.com\/?p=315\" target=\"_blank\">Grand dauphin<\/a><\/li>\n<\/ul>\n","protected":false},"excerpt":{"rendered":"<p>Certaines esp\u00e8ces nomades peuvent se s\u00e9dentariser selon les facteurs environnementaux. Le dauphin \u00e0 long bec (Stenella longirostris), le grand dauphin (Tursiops trucatus), le dauphin tachet\u00e9 (Stenella attenuata), et le dauphin \u00e0 bec \u00e9troit (Steno bredanensis), r\u00e9sident autour d\u2019une \u00eele, d\u2019un groupe d\u2019\u00eeles ou dans une baie si les conditions environnementales et notamment nutritionnelles sont propices. &hellip; <\/p>\n<p><a class=\"more-link block-button\" href=\"http:\/\/www.matatohora.com\/?page_id=31\">Continuer \u00e0 lire\u00a0\u00bb<\/a><\/p>\n","protected":false},"author":1,"featured_media":0,"parent":0,"menu_order":0,"comment_status":"open","ping_status":"closed","template":"","meta":[],"_links":{"self":[{"href":"http:\/\/www.matatohora.com\/index.php?rest_route=\/wp\/v2\/pages\/31"}],"collection":[{"href":"http:\/\/www.matatohora.com\/index.php?rest_route=\/wp\/v2\/pages"}],"about":[{"href":"http:\/\/www.matatohora.com\/index.php?rest_route=\/wp\/v2\/types\/page"}],"author":[{"embeddable":true,"href":"http:\/\/www.matatohora.com\/index.php?rest_route=\/wp\/v2\/users\/1"}],"replies":[{"embeddable":true,"href":"http:\/\/www.matatohora.com\/index.php?rest_route=%2Fwp%2Fv2%2Fcomments&post=31"}],"version-history":[{"count":17,"href":"http:\/\/www.matatohora.com\/index.php?rest_route=\/wp\/v2\/pages\/31\/revisions"}],"predecessor-version":[{"id":1979,"href":"http:\/\/www.matatohora.com\/index.php?rest_route=\/wp\/v2\/pages\/31\/revisions\/1979"}],"wp:attachment":[{"href":"http:\/\/www.matatohora.com\/index.php?rest_route=%2Fwp%2Fv2%2Fmedia&parent=31"}],"curies":[{"name":"wp","href":"https:\/\/api.w.org\/{rel}","templated":true}]}}