{"id":29,"date":"2013-10-22T22:03:46","date_gmt":"2013-10-23T08:03:46","guid":{"rendered":"http:\/\/matatohora.com\/?page_id=29"},"modified":"2016-06-11T11:19:33","modified_gmt":"2016-06-11T21:19:33","slug":"les-nomades","status":"publish","type":"page","link":"http:\/\/www.matatohora.com\/?page_id=29","title":{"rendered":"Nomades"},"content":{"rendered":"<p style=\"text-align: justify; padding-left: 30px;\">Les c\u00e9tac\u00e9s nomades sont remarqu\u00e9s \u00e0 proximit\u00e9 du r\u00e9cif-barri\u00e8re ou plus au large selon une aire de r\u00e9partition assez vaste et mal connue. Ainsi, plusieurs petits et grands delphinid\u00e9s sont visibles \u00e0 proximit\u00e9 des \u00eeles, o\u00f9 ils trouvent leur nourriture.<\/p>\n<p style=\"text-align: justify; padding-left: 30px;\">Les globic\u00e9phales sont quant \u00e0 eux rencontr\u00e9s dans des fonds de 500 \u00e0 1000 m\u00e8tres. Il n\u2019est pas rare d\u2019apercevoir d\u2019autres esp\u00e8ces de dauphins en leur compagnie, tel que le dauphin de Fraser ou le dauphin d\u2019Electre. Tous les deux d\u2019une taille d\u2019environ 2,50 m\u00e8tres, ils forment des groupes de plusieurs centaines d\u2019individus.<\/p>\n<p style=\"text-align: justify; padding-left: 30px;\">Les orques sont \u00e9galement observ\u00e9es parfois pr\u00e8s des c\u00f4tes, surtout pendant la saison de la migration des baleines \u00e0 bosse.<\/p>\n<ul>\n<li><a title=\"Globic\u00e9phale tropical\" href=\"http:\/\/www.matatohora.com\/?p=328\">Globic\u00e9phale<\/a><\/li>\n<li><a title=\"Dauphin de Fraser\" href=\"http:\/\/www.matatohora.com\/?p=330\">Dauphin de Fraser<\/a><\/li>\n<li><a title=\"Dauphin d\u2019Electre\" href=\"http:\/\/www.matatohora.com\/?p=332\">Dauphin d\u2019Electre<\/a><\/li>\n<li><a title=\"Orque\" href=\"http:\/\/www.matatohora.com\/?p=334\">Orque<\/a><\/li>\n<\/ul>\n","protected":false},"excerpt":{"rendered":"<p>Les c\u00e9tac\u00e9s nomades sont remarqu\u00e9s \u00e0 proximit\u00e9 du r\u00e9cif-barri\u00e8re ou plus au large selon une aire de r\u00e9partition assez vaste et mal connue. Ainsi, plusieurs petits et grands delphinid\u00e9s sont visibles \u00e0 proximit\u00e9 des \u00eeles, o\u00f9 ils trouvent leur nourriture. Les globic\u00e9phales sont quant \u00e0 eux rencontr\u00e9s dans des fonds de 500 \u00e0 1000 m\u00e8tres. &hellip; <\/p>\n<p><a class=\"more-link block-button\" href=\"http:\/\/www.matatohora.com\/?page_id=29\">Continuer \u00e0 lire\u00a0\u00bb<\/a><\/p>\n","protected":false},"author":1,"featured_media":0,"parent":0,"menu_order":0,"comment_status":"open","ping_status":"closed","template":"","meta":[],"_links":{"self":[{"href":"http:\/\/www.matatohora.com\/index.php?rest_route=\/wp\/v2\/pages\/29"}],"collection":[{"href":"http:\/\/www.matatohora.com\/index.php?rest_route=\/wp\/v2\/pages"}],"about":[{"href":"http:\/\/www.matatohora.com\/index.php?rest_route=\/wp\/v2\/types\/page"}],"author":[{"embeddable":true,"href":"http:\/\/www.matatohora.com\/index.php?rest_route=\/wp\/v2\/users\/1"}],"replies":[{"embeddable":true,"href":"http:\/\/www.matatohora.com\/index.php?rest_route=%2Fwp%2Fv2%2Fcomments&post=29"}],"version-history":[{"count":9,"href":"http:\/\/www.matatohora.com\/index.php?rest_route=\/wp\/v2\/pages\/29\/revisions"}],"predecessor-version":[{"id":1980,"href":"http:\/\/www.matatohora.com\/index.php?rest_route=\/wp\/v2\/pages\/29\/revisions\/1980"}],"wp:attachment":[{"href":"http:\/\/www.matatohora.com\/index.php?rest_route=%2Fwp%2Fv2%2Fmedia&parent=29"}],"curies":[{"name":"wp","href":"https:\/\/api.w.org\/{rel}","templated":true}]}}