{"id":2590,"date":"2016-09-15T21:03:23","date_gmt":"2016-09-16T07:03:23","guid":{"rendered":"http:\/\/www.matatohora.com\/?page_id=2590"},"modified":"2020-01-13T16:08:06","modified_gmt":"2020-01-14T02:08:06","slug":"whale-watchers-labellises","status":"publish","type":"page","link":"http:\/\/www.matatohora.com\/?page_id=2590","title":{"rendered":"Whale-watchers labellis\u00e9s"},"content":{"rendered":"\n<p style=\"background-color:#51a7cc;color:#f3f7f8;text-align:center\" class=\"has-text-color has-background\"><strong>Pour une activit\u00e9 \u00e9co-responsable&#8230;. Exigez le LABEL !<\/strong><\/p>\n\n\n\n<p style=\"color:#04709f;text-align:center\" class=\"has-text-color\"><strong>Vous souhaitez partir \u00e0 la rencontre des baleines et des dauphins sans perturber leur tranquillit\u00e9&nbsp;?<\/strong><\/p>\n\n\n\n<p style=\"color:#0371a0;text-align:center\" class=\"has-text-color\"><strong>C\u2019est possible en Polyn\u00e9sie fran\u00e7aise avec le 1er label \u00e9co-touristique &nbsp;!<\/strong><\/p>\n\n\n\n<p style=\"text-align:center\" class=\"has-text-color has-vivid-red-color\"><strong>&#x26a0;&#xfe0f; &nbsp;Voici la nouvelle liste des op\u00e9rateurs labellis\u00e9s<\/strong><br>Cette liste peut \u00e9voluer au cours de l&rsquo;ann\u00e9e <\/p>\n\n\n\n<div class=\"wp-block-file aligncenter\"><a href=\"http:\/\/www.matatohora.com\/wp-content\/uploads\/2020\/01\/liste-label-2020.jpg\" class=\"wp-block-file__button\" download rel=\"lightbox[2590]\">Cliquez ici pour obtenir la liste des labellis\u00e9s Mata Tohora<\/a><\/div>\n\n\n\n<figure class=\"wp-block-embed-youtube wp-block-embed is-type-video is-provider-youtube wp-embed-aspect-16-9 wp-has-aspect-ratio\"><div class=\"wp-block-embed__wrapper\">\n<iframe loading=\"lazy\" width=\"500\" height=\"281\" src=\"https:\/\/www.youtube.com\/embed\/H7fL13JZKyk?feature=oembed\" frameborder=\"0\" allow=\"accelerometer; autoplay; encrypted-media; gyroscope; picture-in-picture\" allowfullscreen><\/iframe>\n<\/div><\/figure>\n\n\n\n<p style=\"color:#02638d;text-align:center\" class=\"has-text-color\"><strong>Mata Tohora s\u2019est engag\u00e9e pour mener des actions<\/strong><br><strong>pour la protection des c\u00e9tac\u00e9s en libert\u00e9.\ufeff<\/strong><\/p>\n\n\n\n<p><strong>Pour plus d&rsquo;informations&nbsp;:<\/strong><\/p>\n\n\n\n<p>Ce label est&nbsp;<span style=\"color: #003366;\"><strong>exclusivement d\u00e9di\u00e9 aux professionnels de Whale-Watching&nbsp;de la Polyn\u00e9sie fran\u00e7aise ayant l&rsquo;autorisation de la Direction de l&rsquo;Environnement pour exercer \u00e0 but commercial. <\/strong><span style=\"color: #000000;\">Il<\/span><\/span>&nbsp;entre dans une&nbsp;<strong>d<span style=\"color: #003366;\">\u00e9marche de qualit\u00e9<br>pour un&nbsp;respect maximal des mammif\u00e8res marins.<\/span><\/strong><\/p>\n\n\n\n<p>L\u2019objectif est de&nbsp;<strong><span style=\"color: #003366;\">valoriser cette activit\u00e9 \u00e9co-touristique, pour le public en qu\u00eate d\u2019une approche respectueuse<\/span><\/strong>.<\/p>\n\n\n\n<p>En effet, vous \u00eates nombreux \u00e0 nous solliciter&nbsp;pour connaitre les soci\u00e9t\u00e9s de whale-watching qui respectent le plus les animaux&#8230; L&rsquo;id\u00e9e du Label est donc n\u00e9e pour r\u00e9pondre \u00e0 vos besoins.<\/p>\n\n\n\n<p>Il&nbsp;est indiqu\u00e9 par un pavillon sur le bateau de l&rsquo;op\u00e9rateur labellis\u00e9 et&nbsp;sur ses supports publicitaires.<\/p>\n\n\n\n<p>Le principe est simple :<\/p>\n\n\n\n<div class=\"wp-block-image\"><figure class=\"alignleft is-resized\"><a href=\"http:\/\/www.matatohora.com\/wp-content\/uploads\/2016\/09\/Logo-2018-Label-MATA-TOHORA.jpg\" rel=\"lightbox[2590]\"><img decoding=\"async\" loading=\"lazy\" src=\"http:\/\/www.matatohora.com\/wp-content\/uploads\/2016\/09\/Logo-2018-Label-MATA-TOHORA-1024x997.jpg\" alt=\"\" class=\"wp-image-4007\" width=\"236\" height=\"230\" srcset=\"http:\/\/www.matatohora.com\/wp-content\/uploads\/2016\/09\/Logo-2018-Label-MATA-TOHORA-1024x997.jpg 1024w, http:\/\/www.matatohora.com\/wp-content\/uploads\/2016\/09\/Logo-2018-Label-MATA-TOHORA-300x292.jpg 300w, http:\/\/www.matatohora.com\/wp-content\/uploads\/2016\/09\/Logo-2018-Label-MATA-TOHORA-768x748.jpg 768w\" sizes=\"(max-width: 236px) 100vw, 236px\" \/><\/a><\/figure><\/div>\n\n\n\n<p><strong>En plus du&nbsp;Code de l&rsquo;Environnement<\/strong>, lui-m\u00eame&nbsp;<strong>obligatoire<\/strong>&nbsp;pour toutes personnes priv\u00e9es ou professionnelles d\u00e9sirant aller voir les c\u00e9tac\u00e9s, les whale-watchers labellis\u00e9s&nbsp;<strong>s&rsquo;engagent \u00e0 respecter des r\u00e8gles d&rsquo;approche \u00e9co-responsables.&nbsp;<\/strong>Ces&nbsp;<strong>r\u00e8gles suppl\u00e9mentaires sont inscrites dans la&nbsp;&nbsp;<a href=\"http:\/\/www.matatohora.com\/wp-content\/uploads\/2016\/09\/Label-MATA-TOHORA-2018.pdf\" target=\"_blank\" rel=\"noopener noreferrer\">charte<\/a>&nbsp;que le whale-watcher labellis\u00e9 a&nbsp;sign\u00e9<\/strong>.<\/p>\n\n\n\n<p>Pour toutes infractions r\u00e9elles et s\u00e9rieuses relatives \u00e0 cette pr\u00e9sente charte, un comit\u00e9 sera r\u00e9uni pour d\u00e9lib\u00e9rer de la reconduction de ce label.<\/p>\n\n\n\n<p>Contrairement au Code de l&rsquo;Environnement, les chartes n&rsquo;ayant pas de&nbsp;valeur juridique, l&rsquo;engagement est uniquement moral et r\u00e9pond \u00e0 une \u00e9thique. En revanche, au bout de 3 infractions le label pourra \u00eatre retir\u00e9 pour l\u2019ann\u00e9e en cours. Le pavillon sera restitu\u00e9 \u00e0 l\u2019association.<\/p>\n\n\n\n<p>Cette charte est susceptible d&rsquo;\u00eatre r\u00e9actualis\u00e9e tous les ans, en fonction des r\u00e9visions du code de l\u2019environnement en Polyn\u00e9sie Fran\u00e7aise, des donn\u00e9es acquises par la recherche et en fonction de l&rsquo;\u00e9volution de l&rsquo;activit\u00e9.<\/p>\n\n\n\n<p style=\"color:#056892\" class=\"has-text-color\">Ce label ne peut&nbsp;<strong>en aucun cas se substituer au Code de l\u2019Environnement, ni aux autorisations obligatoires pour exercer cette activit\u00e9 \u00e0 but commercial.<\/strong><\/p>\n\n\n\n<p><strong>Au m\u00eame titre que cette d\u00e9marche ne peut faire l\u2019objet d\u2019une priorit\u00e9 autour des mammif\u00e8res marins.<\/strong><\/p>\n\n\n\n<p>En tant que professionnel \u00e9co-responsable, le whale-watcher labellis\u00e9 participe aux frais du Label.&nbsp;Cela comprend :<\/p>\n\n\n\n<ul><li>des \u00ab&nbsp;<strong>clients surprises<\/strong>&nbsp;\u00bb r\u00e9servant des sorties baleines financ\u00e9es par Mata Tohora, afin de s\u2019assurer du respect de la Charte du Label<\/li><li>un&nbsp;<strong>pavillon<\/strong>&nbsp;pour son bateau<\/li><li>une&nbsp;<strong>formation<\/strong>&nbsp;qui est dispens\u00e9e au whale-watcher labellis\u00e9 pour s\u2019assurer de la compr\u00e9hension et de l\u2019application des r\u00e8gles non seulement du Code de l\u2019Environnement et bien sur de la Charte Mata Tohora. Elle&nbsp;a lieu sur le bateau de chacun face \u00e0 des cas concrets, au cas par cas. La formation r\u00e9pond au besoin, \u00e0 l\u2019exp\u00e9rience et \u00e0 l\u2019activit\u00e9 de chaque professionnel labellis\u00e9.<\/li><li>des&nbsp;<strong>outils p\u00e9dagogiques<\/strong>&nbsp;distribu\u00e9s aux whale-watchers labellis\u00e9s (plaquettes \u00e9tanches etc.).<\/li><li>la&nbsp;<strong>promotion&nbsp;<\/strong>du&nbsp;Label. L&rsquo;association valorise cette d\u00e9marche&nbsp;dans les Salons (Salon du Tourisme, de l&rsquo;Environnement, etc.) et aupr\u00e8s du GIE Tourisme ainsi que les h\u00f4tels et les pensions, etc.<\/li><li>la r\u00e9alisation et la diffusion&nbsp;de&nbsp;diff\u00e9rents&nbsp;<strong>outils de communication<\/strong>&nbsp;(films, flyers, pub radios, etc.)<\/li><li>les&nbsp;<strong>d\u00e9placements dans les \u00eeles o\u00f9 se situent les op\u00e9rateurs labellis\u00e9s&nbsp;<\/strong><\/li><li><strong>les d\u00e9placements sur l&rsquo;eau<\/strong>&nbsp;afin de s&rsquo;assurer du respect de la charte sign\u00e9e par les op\u00e9rateurs labellis\u00e9s.<\/li><\/ul>\n\n\n\n<p style=\"color:#03658e;text-align:center\" class=\"has-text-color\"><strong><span style=\"color: #003366;\">Ensemble, prot\u00e9geons les c\u00e9tac\u00e9s !<\/span><\/strong><\/p>\n\n\n\n<div class=\"wp-block-image\"><figure class=\"aligncenter\"><a href=\"http:\/\/www.matatohora.com\/wp-content\/uploads\/2016\/01\/\u00a9-BENET-AGNES.-IMG_2893.jpg\"  rel=\"lightbox[2590] attachment wp-att-1798\"><img decoding=\"async\" loading=\"lazy\" width=\"430\" height=\"286\" src=\"http:\/\/www.matatohora.com\/wp-content\/uploads\/2016\/01\/\u00a9-BENET-AGNES.-IMG_2893.jpg\" alt=\"\u00a9 BENET AGNES. IMG_2893\" class=\"wp-image-1798\" srcset=\"http:\/\/www.matatohora.com\/wp-content\/uploads\/2016\/01\/\u00a9-BENET-AGNES.-IMG_2893.jpg 430w, http:\/\/www.matatohora.com\/wp-content\/uploads\/2016\/01\/\u00a9-BENET-AGNES.-IMG_2893-300x200.jpg 300w, http:\/\/www.matatohora.com\/wp-content\/uploads\/2016\/01\/\u00a9-BENET-AGNES.-IMG_2893-120x80.jpg 120w\" sizes=\"(max-width: 430px) 100vw, 430px\" \/><\/a><\/figure><\/div>\n","protected":false},"excerpt":{"rendered":"<p>Pour une activit\u00e9 \u00e9co-responsable&#8230;. Exigez le LABEL ! Vous souhaitez partir \u00e0 la rencontre des baleines et des dauphins sans perturber leur tranquillit\u00e9&nbsp;? C\u2019est possible en Polyn\u00e9sie fran\u00e7aise avec le 1er label \u00e9co-touristique &nbsp;! &#x26a0;&#xfe0f; &nbsp;Voici la nouvelle liste des op\u00e9rateurs labellis\u00e9sCette liste peut \u00e9voluer au cours de l&rsquo;ann\u00e9e Mata Tohora s\u2019est engag\u00e9e pour mener &hellip; <\/p>\n<p><a class=\"more-link block-button\" href=\"http:\/\/www.matatohora.com\/?page_id=2590\">Continuer \u00e0 lire\u00a0\u00bb<\/a><\/p>\n","protected":false},"author":2,"featured_media":2443,"parent":0,"menu_order":0,"comment_status":"closed","ping_status":"closed","template":"","meta":[],"_links":{"self":[{"href":"http:\/\/www.matatohora.com\/index.php?rest_route=\/wp\/v2\/pages\/2590"}],"collection":[{"href":"http:\/\/www.matatohora.com\/index.php?rest_route=\/wp\/v2\/pages"}],"about":[{"href":"http:\/\/www.matatohora.com\/index.php?rest_route=\/wp\/v2\/types\/page"}],"author":[{"embeddable":true,"href":"http:\/\/www.matatohora.com\/index.php?rest_route=\/wp\/v2\/users\/2"}],"replies":[{"embeddable":true,"href":"http:\/\/www.matatohora.com\/index.php?rest_route=%2Fwp%2Fv2%2Fcomments&post=2590"}],"version-history":[{"count":42,"href":"http:\/\/www.matatohora.com\/index.php?rest_route=\/wp\/v2\/pages\/2590\/revisions"}],"predecessor-version":[{"id":5007,"href":"http:\/\/www.matatohora.com\/index.php?rest_route=\/wp\/v2\/pages\/2590\/revisions\/5007"}],"wp:featuredmedia":[{"embeddable":true,"href":"http:\/\/www.matatohora.com\/index.php?rest_route=\/wp\/v2\/media\/2443"}],"wp:attachment":[{"href":"http:\/\/www.matatohora.com\/index.php?rest_route=%2Fwp%2Fv2%2Fmedia&parent=2590"}],"curies":[{"name":"wp","href":"https:\/\/api.w.org\/{rel}","templated":true}]}}