{"id":25,"date":"2013-10-22T21:52:54","date_gmt":"2013-10-23T07:52:54","guid":{"rendered":"http:\/\/matatohora.com\/?page_id=25"},"modified":"2016-06-11T11:20:40","modified_gmt":"2016-06-11T21:20:40","slug":"les-grands-migrateurs","status":"publish","type":"page","link":"http:\/\/www.matatohora.com\/?page_id=25","title":{"rendered":"Migrateurs"},"content":{"rendered":"<p style=\"text-align: justify; padding-left: 30px;\">Les baleines sont les grandes migratrices de ces populations. Les eaux chaudes de l\u2019Oc\u00e9anie offrent un lieu propice \u00e0 la mise-bas pour les bal\u00e9nopt\u00e8res. C\u2019est \u00e9galement le lieu de leur reproduction.<\/p>\n<p style=\"text-align: justify; padding-left: 30px;\">Les rorquals et les m\u00e9gapt\u00e8res fr\u00e9quentent l\u2019Antarctique environ 6 mois dans l\u2019ann\u00e9e, o\u00f9 les eaux avoisinent 0\u00b0C. Eaux riches en plancton, les baleines avalent 90 % de leur ration annuelle. \u00c0 la fin du mois d\u2019avril (\u00e9t\u00e9 austral), elles quittent leur \u00ab\u00a0garde-manger \u00bb. Il semblerait que les rorquals migrent uniquement lors de l\u2019ann\u00e9e de leur reproduction (1 an sur 2). Contrairement aux m\u00e9gapt\u00e8res, ils sont difficiles \u00e0 localiser. Les baleines \u00e0 bosse, quant \u00e0 elles, cherchent la proximit\u00e9 des terres pour mettre bas et s\u2019accoupler. Leur migration est relativement bien connue.<\/p>\n<p style=\"text-align: justify; padding-left: 30px;\">De fin juin \u00e0 fin novembre, les m\u00e9gapt\u00e8res remontent progressivement des Australes jusqu\u2019aux Marquises, occupant de pr\u00e9f\u00e9rence les zones prot\u00e9g\u00e9es des pr\u00e9dateurs du baleineau, tels que les requins ou les orques. Ainsi, les observations de m\u00e9gapt\u00e8res sont r\u00e9guli\u00e8res pr\u00e8s du r\u00e9cif-barri\u00e8re, dans les baies abrit\u00e9es et parfois \u00e0 l\u2019int\u00e9rieur du lagon.<\/p>\n<p style=\"text-align: justify; padding-left: 30px;\">L\u2019eau chaude favorise l\u2019\u00e9conomie d\u2019\u00e9nergie durant le je\u00fbne et qui fournit au baleineau nouveau-n\u00e9 les conditions optimales pour les premi\u00e8res semaines de sa vie.<\/p>\n<p style=\"text-align: justify; padding-left: 30px;\">Le cachalot est \u00e9galement un migrateur qui fr\u00e9quente les eaux tropicales. On peut en voir surtout dans l\u2019archipel des Tuamotu.<\/p>\n<ul>\n<li><a title=\"Baleine \u00e0 bosse\" href=\"http:\/\/www.matatohora.com\/?p=338\">Baleine \u00e0 bosse<\/a><\/li>\n<li><a title=\"Cachalot\" href=\"http:\/\/www.matatohora.com\/?p=340\">Cachalot<\/a><\/li>\n<\/ul>\n","protected":false},"excerpt":{"rendered":"<p>Les baleines sont les grandes migratrices de ces populations. Les eaux chaudes de l\u2019Oc\u00e9anie offrent un lieu propice \u00e0 la mise-bas pour les bal\u00e9nopt\u00e8res. C\u2019est \u00e9galement le lieu de leur reproduction. Les rorquals et les m\u00e9gapt\u00e8res fr\u00e9quentent l\u2019Antarctique environ 6 mois dans l\u2019ann\u00e9e, o\u00f9 les eaux avoisinent 0\u00b0C. Eaux riches en plancton, les baleines avalent &hellip; <\/p>\n<p><a class=\"more-link block-button\" href=\"http:\/\/www.matatohora.com\/?page_id=25\">Continuer \u00e0 lire\u00a0\u00bb<\/a><\/p>\n","protected":false},"author":1,"featured_media":0,"parent":0,"menu_order":0,"comment_status":"open","ping_status":"closed","template":"","meta":[],"_links":{"self":[{"href":"http:\/\/www.matatohora.com\/index.php?rest_route=\/wp\/v2\/pages\/25"}],"collection":[{"href":"http:\/\/www.matatohora.com\/index.php?rest_route=\/wp\/v2\/pages"}],"about":[{"href":"http:\/\/www.matatohora.com\/index.php?rest_route=\/wp\/v2\/types\/page"}],"author":[{"embeddable":true,"href":"http:\/\/www.matatohora.com\/index.php?rest_route=\/wp\/v2\/users\/1"}],"replies":[{"embeddable":true,"href":"http:\/\/www.matatohora.com\/index.php?rest_route=%2Fwp%2Fv2%2Fcomments&post=25"}],"version-history":[{"count":14,"href":"http:\/\/www.matatohora.com\/index.php?rest_route=\/wp\/v2\/pages\/25\/revisions"}],"predecessor-version":[{"id":1981,"href":"http:\/\/www.matatohora.com\/index.php?rest_route=\/wp\/v2\/pages\/25\/revisions\/1981"}],"wp:attachment":[{"href":"http:\/\/www.matatohora.com\/index.php?rest_route=%2Fwp%2Fv2%2Fmedia&parent=25"}],"curies":[{"name":"wp","href":"https:\/\/api.w.org\/{rel}","templated":true}]}}