{"id":2214,"date":"2016-07-11T19:22:07","date_gmt":"2016-07-12T05:22:07","guid":{"rendered":"http:\/\/www.matatohora.com\/?page_id=2214"},"modified":"2020-01-27T18:23:07","modified_gmt":"2020-01-28T04:23:07","slug":"2015-2","status":"publish","type":"page","link":"http:\/\/www.matatohora.com\/?page_id=2214","title":{"rendered":"2015"},"content":{"rendered":"<p style=\"text-align: center;\">Voici le\u00a0<a href=\"http:\/\/www.matatohora.com\/wp-content\/uploads\/2016\/07\/Bilan-dactivit\u00e9-MATA-TOHORA-2015.pdf\" target=\"_blank\" rel=\"noopener noreferrer\">Bilan d&rsquo;activit\u00e9 MATA TOHORA 2015<\/a>.<\/p>\n<p style=\"text-align: center; padding-left: 30px;\">Mata Tohora remercie toutes les personnes qui ont particip\u00e9 aux activit\u00e9s, \u00e0 la m\u00e9diatisation ainsi que toutes celles et ceux qui nous ont soutenus et contact\u00e9s tout au long de la saison des baleines \u00e0 bosse,<br \/>\net notamment tous nos <a href=\"http:\/\/www.matatohora.com\/?page_id=118\">partenaires<\/a>.<br \/>\nMauruuru roa.<\/p>\n<p style=\"text-align: center;\">Bonne lecture<\/p>\n<p style=\"text-align: center;\"><a href=\"http:\/\/www.matatohora.com\/wp-content\/uploads\/2015\/07\/logo-baleines.jpg\"  rel=\"lightbox[2214] attachment wp-att-1454\"><img decoding=\"async\" loading=\"lazy\" class=\"size-full wp-image-1454 aligncenter\" src=\"http:\/\/www.matatohora.com\/wp-content\/uploads\/2015\/07\/logo-baleines.jpg\" alt=\"logo + baleines\" width=\"679\" height=\"387\" srcset=\"http:\/\/www.matatohora.com\/wp-content\/uploads\/2015\/07\/logo-baleines.jpg 679w, http:\/\/www.matatohora.com\/wp-content\/uploads\/2015\/07\/logo-baleines-300x171.jpg 300w\" sizes=\"(max-width: 679px) 100vw, 679px\" \/><\/a><\/p>\n","protected":false},"excerpt":{"rendered":"<p>Voici le\u00a0Bilan d&rsquo;activit\u00e9 MATA TOHORA 2015. Mata Tohora remercie toutes les personnes qui ont particip\u00e9 aux activit\u00e9s, \u00e0 la m\u00e9diatisation ainsi que toutes celles et ceux qui nous ont soutenus et contact\u00e9s tout au long de la saison des baleines \u00e0 bosse, et notamment tous nos partenaires. Mauruuru roa. Bonne lecture<\/p>\n","protected":false},"author":2,"featured_media":0,"parent":0,"menu_order":0,"comment_status":"closed","ping_status":"closed","template":"","meta":[],"_links":{"self":[{"href":"http:\/\/www.matatohora.com\/index.php?rest_route=\/wp\/v2\/pages\/2214"}],"collection":[{"href":"http:\/\/www.matatohora.com\/index.php?rest_route=\/wp\/v2\/pages"}],"about":[{"href":"http:\/\/www.matatohora.com\/index.php?rest_route=\/wp\/v2\/types\/page"}],"author":[{"embeddable":true,"href":"http:\/\/www.matatohora.com\/index.php?rest_route=\/wp\/v2\/users\/2"}],"replies":[{"embeddable":true,"href":"http:\/\/www.matatohora.com\/index.php?rest_route=%2Fwp%2Fv2%2Fcomments&post=2214"}],"version-history":[{"count":5,"href":"http:\/\/www.matatohora.com\/index.php?rest_route=\/wp\/v2\/pages\/2214\/revisions"}],"predecessor-version":[{"id":5080,"href":"http:\/\/www.matatohora.com\/index.php?rest_route=\/wp\/v2\/pages\/2214\/revisions\/5080"}],"wp:attachment":[{"href":"http:\/\/www.matatohora.com\/index.php?rest_route=%2Fwp%2Fv2%2Fmedia&parent=2214"}],"curies":[{"name":"wp","href":"https:\/\/api.w.org\/{rel}","templated":true}]}}