{"id":1949,"date":"2016-06-10T16:16:00","date_gmt":"2016-06-11T02:16:00","guid":{"rendered":"http:\/\/www.matatohora.com\/?page_id=1949"},"modified":"2022-07-29T23:41:48","modified_gmt":"2022-07-30T09:41:48","slug":"echouage-que-faire","status":"publish","type":"page","link":"http:\/\/www.matatohora.com\/?page_id=1949","title":{"rendered":"Echouage&#8230; Que faire ?"},"content":{"rendered":"\n<div class=\"entry-content clearfix\">\n<div class=\"\" style=\"padding-left: 60px; text-align: center;\">\n<p style=\"padding-left: 30px;\"><span style=\"font-size: 10pt;\"><strong><span style=\"color: #003366; font-size: 12pt;\">R\u00e9seau Local d\u2019Echouage (RLE)<\/span><\/strong><\/span><\/p>\n<\/div>\n<p><iframe loading=\"lazy\" title=\"Que faire en cas d&#039;\u00e9chouages en Polyn\u00e9sie ?\" width=\"500\" height=\"281\" src=\"https:\/\/www.youtube.com\/embed\/l5w5UtTDyaE?feature=oembed\" frameborder=\"0\" allow=\"accelerometer; autoplay; clipboard-write; encrypted-media; gyroscope; picture-in-picture\" allowfullscreen><\/iframe><\/p>\n<\/div>\n\n\n\n<p class=\"has-text-align-center has-vivid-red-color has-text-color\"><strong>NOUVELLE LISTE DE REFERENTS !<\/strong><\/p>\n\n\n\n<div class=\"wp-block-file\"><a id=\"wp-block-file--media-a726131d-395c-43da-ace9-be3feb38f4e7\" href=\"http:\/\/www.matatohora.com\/wp-content\/uploads\/2019\/12\/Contacts-r\u00e9f\u00e9rents-RLE-2020-web-1.pdf\">Retrouvez les 40 r\u00e9f\u00e9rents du RLE, selon l&rsquo;\u00eele concern\u00e9e<\/a><a href=\"http:\/\/www.matatohora.com\/wp-content\/uploads\/2019\/12\/Contacts-r\u00e9f\u00e9rents-RLE-2020-web-1.pdf\" class=\"wp-block-file__button\" download aria-describedby=\"wp-block-file--media-a726131d-395c-43da-ace9-be3feb38f4e7\">T\u00e9l\u00e9charger<\/a><\/div>\n\n\n\n<p class=\"has-text-align-center has-very-dark-gray-color has-vivid-red-background-color has-text-color has-background\"><strong>Consignes en cas d\u2019\u00e9chouage&nbsp;<\/strong><\/p>\n\n\n\n<p class=\"has-text-color has-background\" style=\"background-color:#0375a6;color:#fafafa;font-size:18px\"><strong>Pr\u00e9venir la Direction de l\u2019Environnement : 40 47 66 49 ou le 17 et la Municipalit\u00e9<\/strong>&nbsp;concern\u00e9e afin d\u2019organiser l\u2019intervention.<br><\/p>\n\n\n\n<p class=\"has-text-align-center\"><a href=\"http:\/\/www.matatohora.com\/wp-content\/uploads\/2022\/02\/Guide-des-echouages-MM-BD.pdf\" target=\"_blank\" rel=\"noreferrer noopener\">Voir le Guide des \u00e9chouages des mammif\u00e8res marins de la Polyn\u00e9sie fran\u00e7aise ici<\/a><\/p>\n\n\n\n<p><strong>L\u2019id\u00e9e de ce r\u00e9seau est de pouvoir intervenir rapidement en ayant les gestes adapt\u00e9s \u00e0 la situation, tant pour la s\u00e9curit\u00e9 des usagers (pour \u00e9viter toute contamination bact\u00e9riologique des eaux de baignades par les animaux morts, par exemple) que pour les c\u00e9tac\u00e9s&nbsp;ou les tortues, s\u2019ils sont vivants.&nbsp;<\/strong><\/p>\n\n\n\n<p class=\"has-vivid-red-color has-text-color\"><br><strong>Pour faciliter l\u2019intervention, signaler le lieu exact, l\u2019accessibilit\u00e9 et si possible prendre des photos et identifier l\u2019informateur.<\/strong><\/p>\n\n\n\n<p class=\"has-text-align-center has-vivid-red-color has-text-color\"><strong>Si l\u2019animal est mort :&nbsp;<\/strong><\/p>\n\n\n\n<p>Pour des&nbsp;<strong>raisons de s\u00e9curit\u00e9 et de salubrit\u00e9 publique<\/strong>, un&nbsp;<strong>p\u00e9rim\u00e8tre de s\u00e9curit\u00e9<\/strong>&nbsp;est aussit\u00f4t mis en place par les services techniques communaux. En effet, les&nbsp;<strong>carcasses en putr\u00e9faction h\u00e9bergent un r\u00e9servoir bact\u00e9rien important<\/strong>. De plus des micro-organismes pathog\u00e8nes port\u00e9s par les mammif\u00e8res marins sont pr\u00e9sents dans la salive, l\u2019air expir\u00e9, le sang, les urines, mati\u00e8res f\u00e9cales et les diff\u00e9rents organes. Des personnes r\u00e9f\u00e9renc\u00e9es et habilit\u00e9es r\u00e9aliseront des pr\u00e9l\u00e8vements selon un protocole d\u00e9fini et tenteront d\u2019identifier l\u2019esp\u00e8ce et les causes de l\u2019\u00e9chouage, selon l\u2019\u00e9tat de d\u00e9composition de l\u2019animal. <br><strong>Toute manipulation doit se faire avec des gants par des personnes habilit\u00e9es.&nbsp;<\/strong><br><strong>Il est interdit de pr\u00e9lever les dents, les vert\u00e8bres ou autres parties de l\u2019animal.&nbsp;<\/strong><\/p>\n\n\n\n<p class=\"has-text-align-center has-vivid-red-color has-text-color\"><strong>Si l\u2019animal est vivant <\/strong><\/p>\n\n\n\n<p>Faire attention \u00e0 la caudale et aux projections provenant de l\u2019\u00e9vent. Les grands c\u00e9tac\u00e9s \u00e9chou\u00e9s sont capables de mouvements impr\u00e9visibles qui peuvent pr\u00e9senter un danger.<br><strong>Ne jamais tirer ou lever un animal par ses nageoires<\/strong><\/p>\n\n\n\n<p class=\"has-text-color\" style=\"color:#055e92\"><strong>Les bons gestes :<\/strong><\/p>\n\n\n\n<p>\u2013&nbsp;<strong>S\u2019assurer de la vivacit\u00e9 de l\u2019animal<\/strong>&nbsp;en v\u00e9rifiant le rythme cardiaque (1 \u00e0 3 respirations par minute ; celui-ci augmente avec le stress), l\u2019\u00e9mission de vocalisations (diminue avec le stress).<br>\u2013&nbsp;<strong>Examiner son \u00e9tat d\u2019embonpoint<\/strong>&nbsp;(flancs et arri\u00e8re de la t\u00eate creus\u00e9s, saillies osseuses des c\u00f4tes, etc) pr\u00e9sence ou pas d\u2019\u00e9coulement par les orifices naturels\u2026<br>\u2013 Sur le sable :&nbsp;<strong>positionner l\u2019animal sur le ventre en faisant attention aux nageoires<\/strong>. Creuser des trous sous les nageoires pectorales (sur le cot\u00e9)<br>\u2013 Sur les rochers, l\u2019animal pourra \u00eatre laiss\u00e9 temporairement sur le flanc ou au mieux \u00eatre plac\u00e9 sur un matelas.<br>\u2013&nbsp;<strong>Maintenir la peau humide et la prot\u00e9ger du soleil \u00e0 l\u2019aide de draps ou de serviettes mouill\u00e9s.<\/strong><br>\u2013&nbsp;<strong>Prot\u00e9ger l\u2019\u00e9vent (les narines) et les yeux des projections d\u2019eau ou de sable.<\/strong><br>\u2013&nbsp;<strong>Limiter le stress<\/strong>&nbsp;: Demander aux personnes pr\u00e9sentes de parler \u00e0 voix basse, d\u2019\u00e9viter les mouvements brusques<br>\u2013 Eloigner, en dehors du p\u00e9rim\u00e8tre de s\u00e9curit\u00e9, toutes personnes n\u2019ayant pas d\u2019intervention \u00e0 faire autour de l\u2019animal <br>&#8211; Ne pas cr\u00e9er d\u2019attroupement pour \u00e9viter le stress suppl\u00e9mentaire de l\u2019animal.<br>\u2013 Eloigner les animaux domestiques en dehors du p\u00e9rim\u00e8tre de s\u00e9curit\u00e9.<\/p>\n\n\n\n<p><strong>Pour proc\u00e9der au renflouage<\/strong>&nbsp;:&nbsp;La mise \u00e0 l\u2019eau est&nbsp;<strong>r\u00e9alisable uniquement pour les petits c\u00e9tac\u00e9s<\/strong>. <br>Un matelas ou un brancard et une embarcation faciliteront le transport vers la mer. Si le poids de l\u2019animal et le nombre d\u2019intervenants le permet,&nbsp;<strong>proc\u00e9der en soulevant l\u2019animal en pla\u00e7ant les mains sous le ventre, la t\u00eate et le p\u00e9doncule caudal.&nbsp;<\/strong>Mais ne jamais lever par les nageoires. Le trajet s\u2019effectue&nbsp;<strong>\u00e0 faible vitesse pour limiter le stress par le bruit et les vibrations.&nbsp;Une fois \u00e0 l\u2019eau, soutenir l\u2019animal jusqu\u2019\u00e0 ce qu\u2019il retrouve un \u00e9quilibre et des mouvements volontaires pour respirer hors de l\u2019eau et nager.&nbsp;<\/strong><br><strong>Ne jamais agir seul. <\/strong><br><strong>Pour des raisons d\u2019hygi\u00e8ne, toutes les manipulations doivent se faire avec des gants.&nbsp;<\/strong><\/p>\n\n\n\n<div class=\"wp-block-image\"><figure class=\"aligncenter\"><a href=\"http:\/\/www.matatohora.com\/wp-content\/uploads\/2018\/08\/recto-verso-BD.jpg\" rel=\"lightbox[1949]\"><img decoding=\"async\" loading=\"lazy\" width=\"713\" height=\"487\" src=\"http:\/\/www.matatohora.com\/wp-content\/uploads\/2018\/08\/recto-verso-BD.jpg\" alt=\"\" class=\"wp-image-4074\" srcset=\"http:\/\/www.matatohora.com\/wp-content\/uploads\/2018\/08\/recto-verso-BD.jpg 713w, http:\/\/www.matatohora.com\/wp-content\/uploads\/2018\/08\/recto-verso-BD-300x205.jpg 300w\" sizes=\"(max-width: 713px) 100vw, 713px\" \/><\/a><\/figure><\/div>\n","protected":false},"excerpt":{"rendered":"<p>R\u00e9seau Local d\u2019Echouage (RLE) NOUVELLE LISTE DE REFERENTS ! Consignes en cas d\u2019\u00e9chouage&nbsp; Pr\u00e9venir la Direction de l\u2019Environnement : 40 47 66 49 ou le 17 et la Municipalit\u00e9&nbsp;concern\u00e9e afin d\u2019organiser l\u2019intervention. Voir le Guide des \u00e9chouages des mammif\u00e8res marins de la Polyn\u00e9sie fran\u00e7aise ici L\u2019id\u00e9e de ce r\u00e9seau est de pouvoir intervenir rapidement en &hellip; <\/p>\n<p><a class=\"more-link block-button\" href=\"http:\/\/www.matatohora.com\/?page_id=1949\">Continuer \u00e0 lire\u00a0\u00bb<\/a><\/p>\n","protected":false},"author":2,"featured_media":0,"parent":0,"menu_order":0,"comment_status":"closed","ping_status":"closed","template":"","meta":[],"_links":{"self":[{"href":"http:\/\/www.matatohora.com\/index.php?rest_route=\/wp\/v2\/pages\/1949"}],"collection":[{"href":"http:\/\/www.matatohora.com\/index.php?rest_route=\/wp\/v2\/pages"}],"about":[{"href":"http:\/\/www.matatohora.com\/index.php?rest_route=\/wp\/v2\/types\/page"}],"author":[{"embeddable":true,"href":"http:\/\/www.matatohora.com\/index.php?rest_route=\/wp\/v2\/users\/2"}],"replies":[{"embeddable":true,"href":"http:\/\/www.matatohora.com\/index.php?rest_route=%2Fwp%2Fv2%2Fcomments&post=1949"}],"version-history":[{"count":41,"href":"http:\/\/www.matatohora.com\/index.php?rest_route=\/wp\/v2\/pages\/1949\/revisions"}],"predecessor-version":[{"id":6347,"href":"http:\/\/www.matatohora.com\/index.php?rest_route=\/wp\/v2\/pages\/1949\/revisions\/6347"}],"wp:attachment":[{"href":"http:\/\/www.matatohora.com\/index.php?rest_route=%2Fwp%2Fv2%2Fmedia&parent=1949"}],"curies":[{"name":"wp","href":"https:\/\/api.w.org\/{rel}","templated":true}]}}