{"id":158,"date":"2013-10-25T22:58:00","date_gmt":"2013-10-26T08:58:00","guid":{"rendered":"http:\/\/matatohora.com\/?page_id=158"},"modified":"2020-07-06T19:27:27","modified_gmt":"2020-07-07T05:27:27","slug":"programme-cest-assez","status":"publish","type":"page","link":"http:\/\/www.matatohora.com\/?page_id=158","title":{"rendered":"Programme \u00ab\u00a0C&rsquo;est Assez !\u00a0\u00bb"},"content":{"rendered":"<p style=\"text-align: center;\"><strong><span style=\"color: #ff0000; font-size: 12pt;\">Observation des\u00a0mammif\u00e8res marins\u00a0dans leur milieu naturel\u00a0:<br \/>activit\u00e9 de loisir en famille et entre amis<\/span><\/strong><\/p>\n<p style=\"text-align: center;\"><strong><span style=\"color: #333399; font-size: 12pt;\">En Polyn\u00e9sie fran\u00e7aise, nous avons la chance de pouvoir profiter du spectacle naturel<br \/><\/span><span style=\"color: #333399; font-size: 12pt;\">des dauphins et des <\/span><span style=\"color: #333399; font-size: 12pt;\">baleines, pr\u00e8s des barri\u00e8res r\u00e9cifales.<\/span><\/strong><\/p>\n<p style=\"text-align: center;\"><span style=\"color: #333399; font-size: 12pt;\">Dans le contexte de cette<strong>\u00a0activit\u00e9 grandissante<\/strong>, il est alors apparu essentiel de r\u00e9agir pour <strong>pr\u00e9server<br \/>ces mammif\u00e8res marins et\u00a0permettre un d\u00e9veloppement durable de ce loisir.<\/strong><\/span><\/p>\n<p style=\"text-align: justify; padding-left: 30px;\">Le programme \u00ab\u00a0<strong>C&rsquo;est Assez!<\/strong>\u00a0\u00bb est donc n\u00e9 en 2012&#8230;<\/p>\n<p style=\"padding-left: 30px;\">\u00ab\u00a0<strong>C\u2019est Assez\u00a0!<\/strong>\u00a0\u00bb est un programme d\u2019\u00e9tude et de sensibilisation sur le th\u00e8me des mammif\u00e8res marins.<\/p>\n<p style=\"padding-left: 30px;\">Il a \u00e9t\u00e9\u00a0mis en place en\u00a02012 pour la Direction de l\u2019Environnement (DIREN), par Dr Agn\u00e8s BENET, biologiste marin et responsable du bureau d\u2019\u00e9tudes PROGEM, suite \u00e0 une \u00e9tude sur le whale-watching en Polyn\u00e9sie fran\u00e7aise r\u00e9alis\u00e9e par PROGEM pour la DIREN en 2007.<\/p>\n<p style=\"padding-left: 30px;\">En 2014, PROGEM a confi\u00e9 le programme \u00e0 l\u2019association MATA TOHORA, mandat\u00e9e par le Minist\u00e8re de l\u2019Environnement et r\u00e9f\u00e9rent pour les mammif\u00e8res marins.<\/p>\n<p style=\"text-align: justify; padding-left: 30px;\">Ce projet s\u2019inscrit dans l\u2019ensemble du programme d\u2019\u00e9tudes des mammif\u00e8res marins du sanctuaire de Polyn\u00e9sie fran\u00e7aise act\u00e9 lors du s\u00e9minaire sur les esp\u00e8ces embl\u00e9matiques organis\u00e9 en d\u00e9cembre 2012 par le Minist\u00e8re de l\u2019Environnement.<\/p>\n<p style=\"text-align: justify; padding-left: 30px;\">Il s\u2019agit donc d\u2019une <strong>campagne qui s\u2019articule autour de deux actions compl\u00e9mentaires<\/strong> r\u00e9alis\u00e9es par une <strong>pr\u00e9sence r\u00e9guli\u00e8re sur l\u2019eau<\/strong> autour de Tahiti, Moorea et d\u2019autres \u00eeles identifi\u00e9es comme site vuln\u00e9rable.<\/p>\n<ul style=\"text-align: justify;\">\n<li>La premi\u00e8re action vise \u00e0 participer au <strong>recensement des mammif\u00e8res marins<\/strong> autour de ces \u00eeles.<\/li>\n<li>La seconde action de cette campagne est la <strong>communication<\/strong> aupr\u00e8s des usagers de la mer directement sur les sites avec les mammif\u00e8res marins. L\u2019objectif est donc d\u2019apporter les connaissances n\u00e9cessaires et suffisantes au grand public afin de <strong>sensibiliser ces usagers de la mer \u00e0 la protection et \u00e0 une meilleure approche de ces mammif\u00e8res.<\/strong><\/li>\n<\/ul>\n<p style=\"padding-left: 30px;\">Le <strong>r\u00e9seau de partenaires<\/strong> d\u00e9j\u00e0 mis en place depuis les ann\u00e9es pr\u00e9c\u00e9dentes <strong>permet \u00e0 Mata Tohora de r\u00e9agir sur l\u2019eau<\/strong> en cas de n\u00e9cessit\u00e9 (c\u00e9tac\u00e9s en difficult\u00e9, \u00e9chouage, animaux dans les passes, interventions sur l\u2019eau, etc).<\/p>\n<p style=\"text-align: justify; padding-left: 30px;\"><strong>Mata Tohora se fait le relais des autorit\u00e9s comp\u00e9tentes<\/strong>. Elle est \u00e9galement \u00e0 l\u2019\u00e9coute des whale-watchers afin de recueillir leurs besoins pour am\u00e9liorer cette activit\u00e9 \u00e9co-touristique.<\/p>\n<p style=\"text-align: justify; padding-left: 30px;\">En 2014, dans le cadre d&rsquo;une mission aux Australes (Tubuai, Rurutu, Rimatara, Raivavae)\u00a0pour un \u00e9tat des lieux du whale-watching et le recensement des baleines \u00e0 bosses, Mata Tohora a repr\u00e9sent\u00e9 la DIREN pour informer et renseigner sur les formalit\u00e9s administratives et les obligations concernant le whale-watching en Polyn\u00e9sie fran\u00e7aise.<\/p>\n<p style=\"text-align: justify; padding-left: 30px;\"><strong>R\u00e9sultats en chiffres : Plus de 2400 personnes ont \u00e9t\u00e9 sensibilis\u00e9es sur l&rsquo;eau de 2012 \u00e0 aujourd&rsquo;hui.\u00a0<\/strong><\/p>\n\n\n<figure class=\"wp-block-image\"><img decoding=\"async\" loading=\"lazy\" width=\"1024\" height=\"230\" src=\"http:\/\/www.matatohora.com\/wp-content\/uploads\/2019\/08\/Bilan-Cest-Assez-2018-1024x230.jpg\" alt=\"\" class=\"wp-image-4703\" srcset=\"http:\/\/www.matatohora.com\/wp-content\/uploads\/2019\/08\/Bilan-Cest-Assez-2018-1024x230.jpg 1024w, http:\/\/www.matatohora.com\/wp-content\/uploads\/2019\/08\/Bilan-Cest-Assez-2018-300x67.jpg 300w, http:\/\/www.matatohora.com\/wp-content\/uploads\/2019\/08\/Bilan-Cest-Assez-2018-768x173.jpg 768w, http:\/\/www.matatohora.com\/wp-content\/uploads\/2019\/08\/Bilan-Cest-Assez-2018.jpg 1272w\" sizes=\"(max-width: 1024px) 100vw, 1024px\" \/><\/figure>\n\n\n\n<p>En savoir plus, lire : <a href=\"http:\/\/www.matatohora.com\/?page_id=20\">whale-watching en Polyn\u00e9sie fran\u00e7aise<\/a><\/p>\n\n\n\n<p><strong>N&rsquo;h\u00e9sitez pas \u00e0 <a href=\"http:\/\/www.matatohora.com\/?p=2082\">nous contacter<\/a> pour tout renseignement, et \u00e0 bient\u00f4t sur l&rsquo;eau !<\/strong><\/p>\n\n\n\n<p><strong>Equipe du Programme \u00ab\u00a0C&rsquo;est Assez!\u00a0\u00bb&nbsp;<\/strong><\/p>\n\n\n\n<div class=\"wp-block-image\"><figure class=\"aligncenter is-resized\"><a href=\"http:\/\/www.matatohora.com\/wp-content\/uploads\/2013\/10\/cartes-r\u00e9f\u00e9rents-2017.jpg\" rel=\"lightbox[158]\"><img decoding=\"async\" loading=\"lazy\" src=\"http:\/\/www.matatohora.com\/wp-content\/uploads\/2013\/10\/cartes-r\u00e9f\u00e9rents-2017.jpg\" alt=\"\" class=\"wp-image-3374\" width=\"399\" height=\"559\" srcset=\"http:\/\/www.matatohora.com\/wp-content\/uploads\/2013\/10\/cartes-r\u00e9f\u00e9rents-2017.jpg 574w, http:\/\/www.matatohora.com\/wp-content\/uploads\/2013\/10\/cartes-r\u00e9f\u00e9rents-2017-214x300.jpg 214w\" sizes=\"(max-width: 399px) 100vw, 399px\" \/><\/a><\/figure><\/div>\n\n\n\n<div class=\"wp-block-image\"><figure class=\"aligncenter is-resized\"><a href=\"http:\/\/www.matatohora.com\/wp-content\/uploads\/2014\/10\/Logo-stiker-MATA-TOHORA-Noir-que-les-baleines-Vers-AB.jpg\" rel=\"lightbox[158]\"><img decoding=\"async\" loading=\"lazy\" src=\"http:\/\/www.matatohora.com\/wp-content\/uploads\/2014\/10\/Logo-stiker-MATA-TOHORA-Noir-que-les-baleines-Vers-AB-1024x997.jpg\" alt=\"dos MATA TOHORA Noir\" class=\"wp-image-2009\" width=\"311\" height=\"302\" srcset=\"http:\/\/www.matatohora.com\/wp-content\/uploads\/2014\/10\/Logo-stiker-MATA-TOHORA-Noir-que-les-baleines-Vers-AB-1024x997.jpg 1024w, http:\/\/www.matatohora.com\/wp-content\/uploads\/2014\/10\/Logo-stiker-MATA-TOHORA-Noir-que-les-baleines-Vers-AB-300x292.jpg 300w, http:\/\/www.matatohora.com\/wp-content\/uploads\/2014\/10\/Logo-stiker-MATA-TOHORA-Noir-que-les-baleines-Vers-AB-768x748.jpg 768w\" sizes=\"(max-width: 311px) 100vw, 311px\" \/><\/a><\/figure><\/div>\n","protected":false},"excerpt":{"rendered":"<p>Observation des\u00a0mammif\u00e8res marins\u00a0dans leur milieu naturel\u00a0:activit\u00e9 de loisir en famille et entre amis En Polyn\u00e9sie fran\u00e7aise, nous avons la chance de pouvoir profiter du spectacle natureldes dauphins et des baleines, pr\u00e8s des barri\u00e8res r\u00e9cifales. Dans le contexte de cette\u00a0activit\u00e9 grandissante, il est alors apparu essentiel de r\u00e9agir pour pr\u00e9serverces mammif\u00e8res marins et\u00a0permettre un d\u00e9veloppement durable &hellip; <\/p>\n<p><a class=\"more-link block-button\" href=\"http:\/\/www.matatohora.com\/?page_id=158\">Continuer \u00e0 lire\u00a0\u00bb<\/a><\/p>\n","protected":false},"author":1,"featured_media":0,"parent":0,"menu_order":0,"comment_status":"closed","ping_status":"closed","template":"","meta":[],"_links":{"self":[{"href":"http:\/\/www.matatohora.com\/index.php?rest_route=\/wp\/v2\/pages\/158"}],"collection":[{"href":"http:\/\/www.matatohora.com\/index.php?rest_route=\/wp\/v2\/pages"}],"about":[{"href":"http:\/\/www.matatohora.com\/index.php?rest_route=\/wp\/v2\/types\/page"}],"author":[{"embeddable":true,"href":"http:\/\/www.matatohora.com\/index.php?rest_route=\/wp\/v2\/users\/1"}],"replies":[{"embeddable":true,"href":"http:\/\/www.matatohora.com\/index.php?rest_route=%2Fwp%2Fv2%2Fcomments&post=158"}],"version-history":[{"count":44,"href":"http:\/\/www.matatohora.com\/index.php?rest_route=\/wp\/v2\/pages\/158\/revisions"}],"predecessor-version":[{"id":5398,"href":"http:\/\/www.matatohora.com\/index.php?rest_route=\/wp\/v2\/pages\/158\/revisions\/5398"}],"wp:attachment":[{"href":"http:\/\/www.matatohora.com\/index.php?rest_route=%2Fwp%2Fv2%2Fmedia&parent=158"}],"curies":[{"name":"wp","href":"https:\/\/api.w.org\/{rel}","templated":true}]}}