{"id":148,"date":"2013-10-25T22:49:04","date_gmt":"2013-10-26T08:49:04","guid":{"rendered":"http:\/\/matatohora.com\/?page_id=148"},"modified":"2016-06-11T10:45:01","modified_gmt":"2016-06-11T20:45:01","slug":"stages-decouverte","status":"publish","type":"page","link":"http:\/\/www.matatohora.com\/?page_id=148","title":{"rendered":"Stages \u00ab\u00a0D\u00e9couverte\u00a0\u00bb"},"content":{"rendered":"<p style=\"text-align: center;\"><strong>Sorties en mer avec les enfants, en collaboration avec les associations qui \u0153uvrent pour les enfants en difficult\u00e9<\/strong><\/p>\n<p style=\"text-align: center;\"><strong>D\u00e9couvrir les mammif\u00e8res marins dans leur milieu, en toute libert\u00e9 !<\/strong><\/p>\n<p style=\"text-align: left;\">Dans le cadre de la sensibilisation et de la communication sur l&rsquo;eau, des stages de d\u00e9couverte sont organis\u00e9s tout au long de l&rsquo;ann\u00e9e et particuli\u00e8rement pendant la saison de la migration des baleines.<\/p>\n<p style=\"text-align: left;\">Apprendre pour mieux prot\u00e9ger &#8230; \u00a0et apprendre directement sur l&rsquo;eau, avec les scientifiques, s&rsquo;apercevoir des pressions qui p\u00e8sent sur les animaux, comprendre comment prot\u00e9ger activement le milieu marin, comment \u00e9viter les pollutions de l&rsquo;habitat des baleines et des dauphins.<\/p>\n<p style=\"text-align: left;\"><a href=\"http:\/\/www.matatohora.com\/wp-content\/uploads\/2013\/10\/005.jpg\" rel=\"lightbox[148]\"><img decoding=\"async\" loading=\"lazy\" class=\"alignnone size-medium wp-image-358\" alt=\"005.jpg\" src=\"http:\/\/www.matatohora.com\/wp-content\/uploads\/2013\/10\/005-300x188.jpg\" width=\"300\" height=\"188\" srcset=\"http:\/\/www.matatohora.com\/wp-content\/uploads\/2013\/10\/005-300x188.jpg 300w, http:\/\/www.matatohora.com\/wp-content\/uploads\/2013\/10\/005-1024x642.jpg 1024w, http:\/\/www.matatohora.com\/wp-content\/uploads\/2013\/10\/005.jpg 2048w\" sizes=\"(max-width: 300px) 100vw, 300px\" \/><\/a> <a href=\"http:\/\/www.matatohora.com\/wp-content\/uploads\/2013\/10\/jbaleine.png\" rel=\"lightbox[148]\"><img decoding=\"async\" loading=\"lazy\" class=\"alignnone size-medium wp-image-178\" alt=\"\" src=\"http:\/\/www.matatohora.com\/wp-content\/uploads\/2013\/10\/jbaleine-300x206.png\" width=\"300\" height=\"206\" srcset=\"http:\/\/www.matatohora.com\/wp-content\/uploads\/2013\/10\/jbaleine-300x206.png 300w, http:\/\/www.matatohora.com\/wp-content\/uploads\/2013\/10\/jbaleine.png 681w\" sizes=\"(max-width: 300px) 100vw, 300px\" \/><\/a> <a href=\"http:\/\/www.matatohora.com\/wp-content\/uploads\/2013\/10\/Baleine1.png\" rel=\"lightbox[148]\"><img decoding=\"async\" loading=\"lazy\" class=\"alignnone size-medium wp-image-7\" alt=\"Baleine\" src=\"http:\/\/www.matatohora.com\/wp-content\/uploads\/2013\/10\/Baleine1-300x282.png\" width=\"300\" height=\"282\" srcset=\"http:\/\/www.matatohora.com\/wp-content\/uploads\/2013\/10\/Baleine1-300x282.png 300w, http:\/\/www.matatohora.com\/wp-content\/uploads\/2013\/10\/Baleine1.png 423w\" sizes=\"(max-width: 300px) 100vw, 300px\" \/><\/a><a href=\"http:\/\/www.matatohora.com\/wp-content\/uploads\/2013\/10\/006.jpg\" rel=\"lightbox[148]\"><img decoding=\"async\" loading=\"lazy\" class=\"alignnone size-medium wp-image-357\" alt=\"006.jpg\" src=\"http:\/\/www.matatohora.com\/wp-content\/uploads\/2013\/10\/006-300x225.jpg\" width=\"300\" height=\"225\" srcset=\"http:\/\/www.matatohora.com\/wp-content\/uploads\/2013\/10\/006-300x225.jpg 300w, http:\/\/www.matatohora.com\/wp-content\/uploads\/2013\/10\/006-1024x768.jpg 1024w, http:\/\/www.matatohora.com\/wp-content\/uploads\/2013\/10\/006-160x120.jpg 160w, http:\/\/www.matatohora.com\/wp-content\/uploads\/2013\/10\/006.jpg 2048w\" sizes=\"(max-width: 300px) 100vw, 300px\" \/><\/a><\/p>\n<p style=\"text-align: left;\"><a href=\"http:\/\/www.matatohora.com\/wp-content\/uploads\/2013\/10\/D-long-bec-2.jpg\" rel=\"lightbox[148]\"><img decoding=\"async\" loading=\"lazy\" class=\"alignnone size-medium wp-image-666\" alt=\"D long bec 2\" src=\"http:\/\/www.matatohora.com\/wp-content\/uploads\/2013\/10\/D-long-bec-2-300x186.jpg\" width=\"300\" height=\"186\" srcset=\"http:\/\/www.matatohora.com\/wp-content\/uploads\/2013\/10\/D-long-bec-2-300x186.jpg 300w, http:\/\/www.matatohora.com\/wp-content\/uploads\/2013\/10\/D-long-bec-2-1024x638.jpg 1024w, http:\/\/www.matatohora.com\/wp-content\/uploads\/2013\/10\/D-long-bec-2.jpg 1263w\" sizes=\"(max-width: 300px) 100vw, 300px\" \/><\/a> <a href=\"http:\/\/www.matatohora.com\/wp-content\/uploads\/2013\/10\/D-long-bec-3.jpg\" rel=\"lightbox[148]\"><img decoding=\"async\" loading=\"lazy\" class=\"alignnone size-medium wp-image-667\" alt=\"D long bec 3\" src=\"http:\/\/www.matatohora.com\/wp-content\/uploads\/2013\/10\/D-long-bec-3-300x175.jpg\" width=\"300\" height=\"175\" srcset=\"http:\/\/www.matatohora.com\/wp-content\/uploads\/2013\/10\/D-long-bec-3-300x175.jpg 300w, http:\/\/www.matatohora.com\/wp-content\/uploads\/2013\/10\/D-long-bec-3-1024x598.jpg 1024w, http:\/\/www.matatohora.com\/wp-content\/uploads\/2013\/10\/D-long-bec-3.jpg 1325w\" sizes=\"(max-width: 300px) 100vw, 300px\" \/><\/a><\/p>\n<p style=\"text-align: left;\"><a href=\"http:\/\/www.matatohora.com\/wp-content\/uploads\/2013\/10\/Capture-d\u2019\u00e9cran-2013-06-16-\u00e0-19.12.07-copie.jpg\" rel=\"lightbox[148]\"><img decoding=\"async\" loading=\"lazy\" class=\"alignnone size-medium wp-image-670\" alt=\"Capture d\u2019\u00e9cran 2013-06-16 \u00e0 19.12.07 copie\" src=\"http:\/\/www.matatohora.com\/wp-content\/uploads\/2013\/10\/Capture-d\u2019\u00e9cran-2013-06-16-\u00e0-19.12.07-copie-260x300.jpg\" width=\"260\" height=\"300\" srcset=\"http:\/\/www.matatohora.com\/wp-content\/uploads\/2013\/10\/Capture-d\u2019\u00e9cran-2013-06-16-\u00e0-19.12.07-copie-260x300.jpg 260w, http:\/\/www.matatohora.com\/wp-content\/uploads\/2013\/10\/Capture-d\u2019\u00e9cran-2013-06-16-\u00e0-19.12.07-copie.jpg 480w\" sizes=\"(max-width: 260px) 100vw, 260px\" \/><\/a> <a href=\"http:\/\/www.matatohora.com\/wp-content\/uploads\/2013\/10\/dauphins-\u00e0-long-bec-Pointe-des-p\u00eacheurs-BD.jpg\" rel=\"lightbox[148]\"><img decoding=\"async\" loading=\"lazy\" class=\"alignnone size-medium wp-image-671\" alt=\"dauphins \u00e0 long bec Pointe des p\u00eacheurs BD\" src=\"http:\/\/www.matatohora.com\/wp-content\/uploads\/2013\/10\/dauphins-\u00e0-long-bec-Pointe-des-p\u00eacheurs-BD-300x173.jpg\" width=\"300\" height=\"173\" srcset=\"http:\/\/www.matatohora.com\/wp-content\/uploads\/2013\/10\/dauphins-\u00e0-long-bec-Pointe-des-p\u00eacheurs-BD-300x173.jpg 300w, http:\/\/www.matatohora.com\/wp-content\/uploads\/2013\/10\/dauphins-\u00e0-long-bec-Pointe-des-p\u00eacheurs-BD-1024x592.jpg 1024w\" sizes=\"(max-width: 300px) 100vw, 300px\" \/><\/a><\/p>\n<p>&nbsp;<\/p>\n","protected":false},"excerpt":{"rendered":"<p>Sorties en mer avec les enfants, en collaboration avec les associations qui \u0153uvrent pour les enfants en difficult\u00e9 D\u00e9couvrir les mammif\u00e8res marins dans leur milieu, en toute libert\u00e9 ! Dans le cadre de la sensibilisation et de la communication sur l&rsquo;eau, des stages de d\u00e9couverte sont organis\u00e9s tout au long de l&rsquo;ann\u00e9e et particuli\u00e8rement pendant &hellip; <\/p>\n<p><a class=\"more-link block-button\" href=\"http:\/\/www.matatohora.com\/?page_id=148\">Continuer \u00e0 lire\u00a0\u00bb<\/a><\/p>\n","protected":false},"author":1,"featured_media":0,"parent":0,"menu_order":0,"comment_status":"closed","ping_status":"closed","template":"","meta":[],"_links":{"self":[{"href":"http:\/\/www.matatohora.com\/index.php?rest_route=\/wp\/v2\/pages\/148"}],"collection":[{"href":"http:\/\/www.matatohora.com\/index.php?rest_route=\/wp\/v2\/pages"}],"about":[{"href":"http:\/\/www.matatohora.com\/index.php?rest_route=\/wp\/v2\/types\/page"}],"author":[{"embeddable":true,"href":"http:\/\/www.matatohora.com\/index.php?rest_route=\/wp\/v2\/users\/1"}],"replies":[{"embeddable":true,"href":"http:\/\/www.matatohora.com\/index.php?rest_route=%2Fwp%2Fv2%2Fcomments&post=148"}],"version-history":[{"count":6,"href":"http:\/\/www.matatohora.com\/index.php?rest_route=\/wp\/v2\/pages\/148\/revisions"}],"predecessor-version":[{"id":1975,"href":"http:\/\/www.matatohora.com\/index.php?rest_route=\/wp\/v2\/pages\/148\/revisions\/1975"}],"wp:attachment":[{"href":"http:\/\/www.matatohora.com\/index.php?rest_route=%2Fwp%2Fv2%2Fmedia&parent=148"}],"curies":[{"name":"wp","href":"https:\/\/api.w.org\/{rel}","templated":true}]}}