{"id":146,"date":"2013-10-25T22:48:16","date_gmt":"2013-10-26T08:48:16","guid":{"rendered":"http:\/\/matatohora.com\/?page_id=146"},"modified":"2020-12-21T01:03:55","modified_gmt":"2020-12-21T11:03:55","slug":"les-animations","status":"publish","type":"page","link":"http:\/\/www.matatohora.com\/?page_id=146","title":{"rendered":"Animations"},"content":{"rendered":"\n<p>Diff\u00e9rentes animations p\u00e9dagogiques&nbsp;sur le th\u00e8me des mammif\u00e8res marins sont organis\u00e9es pour les enfants et les adolescents.<\/p>\n\n\n\n<ul><li>\u00e0 Tahiti, Moorea et dans les \u00eeles selon nos d\u00e9placements, de l&rsquo;\u00e9cole primaire au Lyc\u00e9e<\/li><li>mais aussi sp\u00e9cifiquement avec&nbsp;les enfants de SOS Village et \u00e0 l&rsquo;h\u00f4pital du Taone, Service P\u00e9diatrie<\/li><li>\u00e0 la Presqu&rsquo;ile, centre de formation de Taravao<\/li><li>au Mus\u00e9e de Tahiti et des \u00eeles dans l&rsquo;espace \u00ab\u00a0c\u00e9tac\u00e9s\u00a0\u00bb en partenariat avec Mata Tohora<\/li><li>aux Journ\u00e9es Mondiales des Oc\u00e9ans dans l\u2019AREMITI Ferry, avec La Brigade Verte. Aller &#8211; retour Tahiti \/ Moorea avec plus de 200 enfants. Parler de la protection de la mer et des c\u00e9tac\u00e9s directement sur l&rsquo;eau !<\/li><li>\u00e0 l&rsquo;Universit\u00e9 en m\u00e9tropole<\/li><li>\u00e0 la F\u00eate de la Science<\/li><li>sur notre bateau lors des Journ\u00e9es de la Baleines organis\u00e9es par Mata Tohora pour les enfants d\u00e9favoris\u00e9s <\/li><li>etc.<\/li><\/ul>\n\n\n\n<figure class=\"wp-block-image\"><img decoding=\"async\" loading=\"lazy\" width=\"877\" height=\"625\" src=\"http:\/\/www.matatohora.com\/wp-content\/uploads\/2020\/02\/Dessin-enfant-remerciements.jpg\" alt=\"\" class=\"wp-image-5159\" srcset=\"http:\/\/www.matatohora.com\/wp-content\/uploads\/2020\/02\/Dessin-enfant-remerciements.jpg 877w, http:\/\/www.matatohora.com\/wp-content\/uploads\/2020\/02\/Dessin-enfant-remerciements-300x214.jpg 300w, http:\/\/www.matatohora.com\/wp-content\/uploads\/2020\/02\/Dessin-enfant-remerciements-768x547.jpg 768w\" sizes=\"(max-width: 877px) 100vw, 877px\" \/><figcaption>Des remerciements qui vont droit au c\u0153ur&#8230; (on excusera les fautes d&rsquo;orthographe ! ;)) )<\/figcaption><\/figure>\n\n\n\n<figure class=\"wp-block-image\"><img decoding=\"async\" loading=\"lazy\" width=\"1024\" height=\"700\" src=\"http:\/\/www.matatohora.com\/wp-content\/uploads\/2018\/12\/P1060247-BD-1024x700.jpg\" alt=\"\" class=\"wp-image-4249\" srcset=\"http:\/\/www.matatohora.com\/wp-content\/uploads\/2018\/12\/P1060247-BD-1024x700.jpg 1024w, http:\/\/www.matatohora.com\/wp-content\/uploads\/2018\/12\/P1060247-BD-300x205.jpg 300w, http:\/\/www.matatohora.com\/wp-content\/uploads\/2018\/12\/P1060247-BD-768x525.jpg 768w\" sizes=\"(max-width: 1024px) 100vw, 1024px\" \/><\/figure>\n\n\n\n<figure class=\"wp-block-image\"><img decoding=\"async\" loading=\"lazy\" width=\"1024\" height=\"804\" src=\"http:\/\/www.matatohora.com\/wp-content\/uploads\/2019\/09\/machoire-cachalot-logo-1024x804.jpg\" alt=\"\" class=\"wp-image-4870\" srcset=\"http:\/\/www.matatohora.com\/wp-content\/uploads\/2019\/09\/machoire-cachalot-logo-1024x804.jpg 1024w, http:\/\/www.matatohora.com\/wp-content\/uploads\/2019\/09\/machoire-cachalot-logo-300x235.jpg 300w, http:\/\/www.matatohora.com\/wp-content\/uploads\/2019\/09\/machoire-cachalot-logo-768x603.jpg 768w, http:\/\/www.matatohora.com\/wp-content\/uploads\/2019\/09\/machoire-cachalot-logo.jpg 1190w\" sizes=\"(max-width: 1024px) 100vw, 1024px\" \/><\/figure>\n\n\n\n<figure class=\"wp-block-image\"><img decoding=\"async\" loading=\"lazy\" width=\"750\" height=\"562\" src=\"http:\/\/www.matatohora.com\/wp-content\/uploads\/2019\/09\/70224492_3205652046126456_6882379122664800256_n-1.jpg\" alt=\"\" class=\"wp-image-4866\" srcset=\"http:\/\/www.matatohora.com\/wp-content\/uploads\/2019\/09\/70224492_3205652046126456_6882379122664800256_n-1.jpg 750w, http:\/\/www.matatohora.com\/wp-content\/uploads\/2019\/09\/70224492_3205652046126456_6882379122664800256_n-1-300x225.jpg 300w\" sizes=\"(max-width: 750px) 100vw, 750px\" \/><\/figure>\n\n\n\n<figure class=\"wp-block-image\"><img decoding=\"async\" loading=\"lazy\" width=\"960\" height=\"648\" src=\"http:\/\/www.matatohora.com\/wp-content\/uploads\/2020\/12\/Jeu-de-la-baleine-illustration-sensibilisation-.jpg\" alt=\"\" class=\"wp-image-5722\" srcset=\"http:\/\/www.matatohora.com\/wp-content\/uploads\/2020\/12\/Jeu-de-la-baleine-illustration-sensibilisation-.jpg 960w, http:\/\/www.matatohora.com\/wp-content\/uploads\/2020\/12\/Jeu-de-la-baleine-illustration-sensibilisation--300x203.jpg 300w, http:\/\/www.matatohora.com\/wp-content\/uploads\/2020\/12\/Jeu-de-la-baleine-illustration-sensibilisation--768x518.jpg 768w\" sizes=\"(max-width: 960px) 100vw, 960px\" \/><\/figure>\n\n\n<p><\/p>\n<p style=\"padding-left: 30px;\"><img decoding=\"async\" loading=\"lazy\" class=\"size-medium wp-image-552 aligncenter\" src=\"http:\/\/www.matatohora.com\/wp-content\/uploads\/2013\/10\/Fresque-BD-300x145.jpg\" alt=\"Fresque BD\" width=\"300\" height=\"145\" srcset=\"http:\/\/www.matatohora.com\/wp-content\/uploads\/2013\/10\/Fresque-BD-300x145.jpg 300w, http:\/\/www.matatohora.com\/wp-content\/uploads\/2013\/10\/Fresque-BD-1024x497.jpg 1024w\" sizes=\"(max-width: 300px) 100vw, 300px\" \/><a href=\"http:\/\/www.matatohora.com\/wp-content\/uploads\/2013\/10\/SOS-Village-2.jpg\" rel=\"lightbox[146]\"><img decoding=\"async\" loading=\"lazy\" class=\"size-medium wp-image-553 aligncenter\" src=\"http:\/\/www.matatohora.com\/wp-content\/uploads\/2013\/10\/SOS-Village-2-300x204.jpg\" alt=\"SOS Village 2\" width=\"300\" height=\"204\" srcset=\"http:\/\/www.matatohora.com\/wp-content\/uploads\/2013\/10\/SOS-Village-2-300x204.jpg 300w, http:\/\/www.matatohora.com\/wp-content\/uploads\/2013\/10\/SOS-Village-2-1024x698.jpg 1024w\" sizes=\"(max-width: 300px) 100vw, 300px\" \/><\/a> <a href=\"http:\/\/www.matatohora.com\/wp-content\/uploads\/2013\/10\/SOS-Village-4.jpg\" rel=\"lightbox[146]\"><img decoding=\"async\" loading=\"lazy\" class=\"size-medium wp-image-554 aligncenter\" src=\"http:\/\/www.matatohora.com\/wp-content\/uploads\/2013\/10\/SOS-Village-4-300x257.jpg\" alt=\"SOS Village 4\" width=\"300\" height=\"257\" srcset=\"http:\/\/www.matatohora.com\/wp-content\/uploads\/2013\/10\/SOS-Village-4-300x257.jpg 300w, http:\/\/www.matatohora.com\/wp-content\/uploads\/2013\/10\/SOS-Village-4-1024x879.jpg 1024w\" sizes=\"(max-width: 300px) 100vw, 300px\" \/><\/a><a href=\"http:\/\/www.matatohora.com\/wp-content\/uploads\/2013\/10\/Agnes-musee-des-iles.jpeg\" rel=\"lightbox[146]\"><img decoding=\"async\" loading=\"lazy\" class=\"size-medium wp-image-657 aligncenter\" src=\"http:\/\/www.matatohora.com\/wp-content\/uploads\/2013\/10\/Agnes-musee-des-iles-300x261.jpg\" alt=\"Agnes musee des iles\" width=\"300\" height=\"261\" srcset=\"http:\/\/www.matatohora.com\/wp-content\/uploads\/2013\/10\/Agnes-musee-des-iles-300x261.jpg 300w, http:\/\/www.matatohora.com\/wp-content\/uploads\/2013\/10\/Agnes-musee-des-iles.jpeg 400w\" sizes=\"(max-width: 300px) 100vw, 300px\" \/><\/a><\/p>\n<p style=\"padding-left: 30px;\"><a href=\"http:\/\/www.matatohora.com\/wp-content\/uploads\/2014\/06\/La-journ\u00e9e-de-loc\u00e9an.jpeg\" rel=\"lightbox[146]\"><img decoding=\"async\" loading=\"lazy\" class=\"size-medium wp-image-660 aligncenter\" src=\"http:\/\/www.matatohora.com\/wp-content\/uploads\/2014\/06\/La-journ\u00e9e-de-loc\u00e9an-300x215.jpg\" alt=\"La journ\u00e9e de l'oc\u00e9an\" width=\"300\" height=\"215\" srcset=\"http:\/\/www.matatohora.com\/wp-content\/uploads\/2014\/06\/La-journ\u00e9e-de-loc\u00e9an-300x215.jpg 300w, http:\/\/www.matatohora.com\/wp-content\/uploads\/2014\/06\/La-journ\u00e9e-de-loc\u00e9an-1024x735.jpg 1024w, http:\/\/www.matatohora.com\/wp-content\/uploads\/2014\/06\/La-journ\u00e9e-de-loc\u00e9an.jpeg 2048w\" sizes=\"(max-width: 300px) 100vw, 300px\" \/><\/a> <a href=\"http:\/\/www.matatohora.com\/wp-content\/uploads\/2014\/06\/AB.jpg\" rel=\"lightbox[146]\"><img decoding=\"async\" loading=\"lazy\" class=\"size-medium wp-image-659 aligncenter\" src=\"http:\/\/www.matatohora.com\/wp-content\/uploads\/2014\/06\/AB-300x168.jpg\" alt=\"AB\" width=\"300\" height=\"168\" srcset=\"http:\/\/www.matatohora.com\/wp-content\/uploads\/2014\/06\/AB-300x168.jpg 300w, http:\/\/www.matatohora.com\/wp-content\/uploads\/2014\/06\/AB-1024x576.jpg 1024w, http:\/\/www.matatohora.com\/wp-content\/uploads\/2014\/06\/AB.jpg 1920w\" sizes=\"(max-width: 300px) 100vw, 300px\" \/><\/a><\/p>\n<p style=\"padding-left: 30px;\"><a href=\"http:\/\/www.matatohora.com\/wp-content\/uploads\/2013\/10\/film-3.jpg\" rel=\"lightbox[146]\"><img decoding=\"async\" loading=\"lazy\" class=\"wp-image-1764 aligncenter\" src=\"http:\/\/www.matatohora.com\/wp-content\/uploads\/2013\/10\/film-3-1024x718.jpg\" alt=\"film 3\" width=\"304\" height=\"213\" srcset=\"http:\/\/www.matatohora.com\/wp-content\/uploads\/2013\/10\/film-3-1024x718.jpg 1024w, http:\/\/www.matatohora.com\/wp-content\/uploads\/2013\/10\/film-3-300x210.jpg 300w\" sizes=\"(max-width: 304px) 100vw, 304px\" \/><\/a><a href=\"http:\/\/www.matatohora.com\/wp-content\/uploads\/2013\/10\/journee-des-oc\u00e9ans-AREMITI-2015-2.jpeg\" rel=\"lightbox[146]\"><img decoding=\"async\" loading=\"lazy\" class=\" wp-image-1765 aligncenter\" src=\"http:\/\/www.matatohora.com\/wp-content\/uploads\/2013\/10\/journee-des-oc\u00e9ans-AREMITI-2015-2-1024x661.jpg\" alt=\"journee des oc\u00e9ans AREMITI 2015-2\" width=\"332\" height=\"214\" srcset=\"http:\/\/www.matatohora.com\/wp-content\/uploads\/2013\/10\/journee-des-oc\u00e9ans-AREMITI-2015-2-1024x661.jpg 1024w, http:\/\/www.matatohora.com\/wp-content\/uploads\/2013\/10\/journee-des-oc\u00e9ans-AREMITI-2015-2-300x194.jpg 300w, http:\/\/www.matatohora.com\/wp-content\/uploads\/2013\/10\/journee-des-oc\u00e9ans-AREMITI-2015-2.jpeg 2048w\" sizes=\"(max-width: 332px) 100vw, 332px\" \/><\/a> <a href=\"http:\/\/www.matatohora.com\/wp-content\/uploads\/2013\/10\/journee-des-oc\u00e9ans-AREMITI-2015.jpeg\" rel=\"lightbox[146]\"><img decoding=\"async\" loading=\"lazy\" class=\"wp-image-1766 aligncenter\" src=\"http:\/\/www.matatohora.com\/wp-content\/uploads\/2013\/10\/journee-des-oc\u00e9ans-AREMITI-2015-1024x768.jpg\" alt=\"journee des oc\u00e9ans AREMITI 2015\" width=\"286\" height=\"214\" srcset=\"http:\/\/www.matatohora.com\/wp-content\/uploads\/2013\/10\/journee-des-oc\u00e9ans-AREMITI-2015-1024x768.jpg 1024w, http:\/\/www.matatohora.com\/wp-content\/uploads\/2013\/10\/journee-des-oc\u00e9ans-AREMITI-2015-300x225.jpg 300w, http:\/\/www.matatohora.com\/wp-content\/uploads\/2013\/10\/journee-des-oc\u00e9ans-AREMITI-2015-160x120.jpg 160w, http:\/\/www.matatohora.com\/wp-content\/uploads\/2013\/10\/journee-des-oc\u00e9ans-AREMITI-2015.jpeg 2048w\" sizes=\"(max-width: 286px) 100vw, 286px\" \/><\/a> <a href=\"http:\/\/www.matatohora.com\/wp-content\/uploads\/2013\/10\/IMG_0913.jpg\" rel=\"lightbox[146]\"><img decoding=\"async\" loading=\"lazy\" class=\"wp-image-1768 aligncenter\" src=\"http:\/\/www.matatohora.com\/wp-content\/uploads\/2013\/10\/IMG_0913.jpg\" alt=\"IMG_0913\" width=\"287\" height=\"215\" srcset=\"http:\/\/www.matatohora.com\/wp-content\/uploads\/2013\/10\/IMG_0913.jpg 640w, http:\/\/www.matatohora.com\/wp-content\/uploads\/2013\/10\/IMG_0913-300x225.jpg 300w, http:\/\/www.matatohora.com\/wp-content\/uploads\/2013\/10\/IMG_0913-160x120.jpg 160w\" sizes=\"(max-width: 287px) 100vw, 287px\" \/><\/a><\/p>\n<p><\/p>\n<p><a href=\"http:\/\/www.matatohora.com\/wp-content\/uploads\/2013\/10\/Sans-titre-1.jpg\" rel=\"lightbox[146]\"><img decoding=\"async\" loading=\"lazy\" class=\" wp-image-1774 aligncenter\" src=\"http:\/\/www.matatohora.com\/wp-content\/uploads\/2013\/10\/Sans-titre-1-1024x367.jpg\" alt=\"Sans titre-1\" width=\"706\" height=\"253\" srcset=\"http:\/\/www.matatohora.com\/wp-content\/uploads\/2013\/10\/Sans-titre-1-1024x367.jpg 1024w, http:\/\/www.matatohora.com\/wp-content\/uploads\/2013\/10\/Sans-titre-1-300x107.jpg 300w, http:\/\/www.matatohora.com\/wp-content\/uploads\/2013\/10\/Sans-titre-1.jpg 1478w\" sizes=\"(max-width: 706px) 100vw, 706px\" \/><\/a><\/p>\n<p><\/p>\n<p><a href=\"http:\/\/www.matatohora.com\/wp-content\/uploads\/2013\/10\/la-d\u00e9peche-08-juin-2014.jpeg\" rel=\"lightbox[146]\"><img decoding=\"async\" loading=\"lazy\" class=\" wp-image-1767 aligncenter\" src=\"http:\/\/www.matatohora.com\/wp-content\/uploads\/2013\/10\/la-d\u00e9peche-08-juin-2014-776x1024.jpg\" alt=\"la d\u00e9peche 08 juin 2014\" width=\"647\" height=\"854\" srcset=\"http:\/\/www.matatohora.com\/wp-content\/uploads\/2013\/10\/la-d\u00e9peche-08-juin-2014-776x1024.jpg 776w, http:\/\/www.matatohora.com\/wp-content\/uploads\/2013\/10\/la-d\u00e9peche-08-juin-2014-227x300.jpg 227w, http:\/\/www.matatohora.com\/wp-content\/uploads\/2013\/10\/la-d\u00e9peche-08-juin-2014.jpeg 1551w\" sizes=\"(max-width: 647px) 100vw, 647px\" \/><\/a><\/p>","protected":false},"excerpt":{"rendered":"<p>Diff\u00e9rentes animations p\u00e9dagogiques&nbsp;sur le th\u00e8me des mammif\u00e8res marins sont organis\u00e9es pour les enfants et les adolescents. \u00e0 Tahiti, Moorea et dans les \u00eeles selon nos d\u00e9placements, de l&rsquo;\u00e9cole primaire au Lyc\u00e9e mais aussi sp\u00e9cifiquement avec&nbsp;les enfants de SOS Village et \u00e0 l&rsquo;h\u00f4pital du Taone, Service P\u00e9diatrie \u00e0 la Presqu&rsquo;ile, centre de formation de Taravao au &hellip; <\/p>\n<p><a class=\"more-link block-button\" href=\"http:\/\/www.matatohora.com\/?page_id=146\">Continuer \u00e0 lire\u00a0\u00bb<\/a><\/p>\n","protected":false},"author":1,"featured_media":0,"parent":0,"menu_order":0,"comment_status":"closed","ping_status":"closed","template":"","meta":[],"_links":{"self":[{"href":"http:\/\/www.matatohora.com\/index.php?rest_route=\/wp\/v2\/pages\/146"}],"collection":[{"href":"http:\/\/www.matatohora.com\/index.php?rest_route=\/wp\/v2\/pages"}],"about":[{"href":"http:\/\/www.matatohora.com\/index.php?rest_route=\/wp\/v2\/types\/page"}],"author":[{"embeddable":true,"href":"http:\/\/www.matatohora.com\/index.php?rest_route=\/wp\/v2\/users\/1"}],"replies":[{"embeddable":true,"href":"http:\/\/www.matatohora.com\/index.php?rest_route=%2Fwp%2Fv2%2Fcomments&post=146"}],"version-history":[{"count":20,"href":"http:\/\/www.matatohora.com\/index.php?rest_route=\/wp\/v2\/pages\/146\/revisions"}],"predecessor-version":[{"id":5723,"href":"http:\/\/www.matatohora.com\/index.php?rest_route=\/wp\/v2\/pages\/146\/revisions\/5723"}],"wp:attachment":[{"href":"http:\/\/www.matatohora.com\/index.php?rest_route=%2Fwp%2Fv2%2Fmedia&parent=146"}],"curies":[{"name":"wp","href":"https:\/\/api.w.org\/{rel}","templated":true}]}}