{"id":1457,"date":"2018-07-07T16:19:11","date_gmt":"2018-07-08T02:19:11","guid":{"rendered":"http:\/\/www.matatohora.com\/?page_id=1457"},"modified":"2018-10-05T16:53:31","modified_gmt":"2018-10-06T02:53:31","slug":"regles-dapproche","status":"publish","type":"page","link":"http:\/\/www.matatohora.com\/?page_id=1457","title":{"rendered":"R\u00e8gles d&rsquo;approche"},"content":{"rendered":"<p style=\"text-align: center;\"><span style=\"font-size: 12pt; color: #003366;\"><strong>Polyn\u00e9sie fran\u00e7aise : Un des plus grands sanctuaires au monde pour les c\u00e9tac\u00e9s&#8230;<\/strong><\/span><\/p>\n<p style=\"padding-left: 30px;\">En 2002 est n\u00e9 un des plus grands sanctuaires au monde avec une surface oc\u00e9anique de 5 millions de kilom\u00e8tres carr\u00e9s et 21 esp\u00e8ces de baleines et de dauphins, ce qui caract\u00e9rise une diversit\u00e9 biologique \u00e9lev\u00e9e.<\/p>\n<p style=\"padding-left: 30px;\">Le <a href=\"http:\/\/www.matatohora.com\/?page_id=20\" target=\"_blank\" rel=\"noopener noreferrer\">whale-watching<\/a> est une activit\u00e9 en plein d\u00e9veloppement\u00a0pour les pays qui ont la chance de pouvoir observer les c\u00e9tac\u00e9s dans leur milieu naturel. Pour autant, nous devons respecter ces animaux qui viennent se reposer, mettre bas et apporter le soin aux jeunes, se reproduire, se sociabiliser ou p\u00eacher, etc.<\/p>\n<p style=\"padding-left: 30px;\">A l\u2019instar de nombreux pays, la Polyn\u00e9sie fran\u00e7aise s\u2019est donc dot\u00e9e d\u2019une <strong>r\u00e9glementation en cr\u00e9ant le sanctuaire par l\u2019<a href=\"http:\/\/www.matatohora.com\/wp-content\/uploads\/2013\/10\/Arr%C3%AAt%C3%A9-n%C2%B0-622-CM-du-13-mai-2002.pdf\" target=\"_blank\" rel=\"noopener noreferrer\">Arr\u00eat\u00e9\u00a0n\u00b0 622 CM du 13 mai 2002<\/a>\u00a0&amp;\u00a0<a href=\"http:\/\/www.matatohora.com\/wp-content\/uploads\/2013\/10\/Arr%C3%AAt%C3%A9-n%C2%B0-623-CM-du-13-mai-2002.pdf\" target=\"_blank\" rel=\"noopener noreferrer\">Arr\u00eat\u00e9 n\u00b0 623 CM du 13 mai 2002<\/a><\/strong>.<\/p>\n<p style=\"padding-left: 30px;\">Ainsi, le <strong>harc\u00e8lement, la capture, la chasse sont strictement interdits<\/strong>.<\/p>\n<p style=\"padding-left: 30px;\">\u00ab\u00a0<strong>Par harc\u00e8lement on entend toute man\u0153uvre ou activit\u00e9 d&rsquo;observation qui aurait pour cons\u00e9quence de modifier le comportement des animaux, de les contraindre \u00e0 changer de direction, de vitesse, de dur\u00e9e d&rsquo;immersion, de les faire fuir ou de les bloquer contre le r\u00e9cif ou le rivage.\u00a0\u00bb <\/strong><strong>\u00a0\u00a0<a href=\"http:\/\/www.matatohora.com\/wp-content\/uploads\/2015\/07\/Art.-A-121-3-\u00e0-121-7.pdf\" target=\"_blank\" rel=\"noopener noreferrer\">Article A. 121-5 du Code de l&rsquo;Environnement.<\/a> \u00a0<\/strong><\/p>\n<p style=\"padding-left: 30px;\"><strong>En bateau, en a\u00e9ronef et dans l\u2019eau, l\u2019approche est donc r\u00e9glement\u00e9e :\u00a0<a href=\"http:\/\/www.matatohora.com\/wp-content\/uploads\/2015\/07\/Art.-A-121-28-\u00e0-121-33.pdf\" target=\"_blank\" rel=\"noopener noreferrer\">Art. A 121-28 \u00e0 121-33 du Code de l&rsquo;Environnement.<\/a><\/strong><\/p>\n<p style=\"padding-left: 30px;\"><strong>Pour les survols<\/strong> (tout\u00a0a\u00e9ronef confondu : avions, drones, etc), le Code de l&rsquo;Environnement autorise les approches des c\u00e9tac\u00e9s \u00e0 une <strong>altitude minimale de 300 m\u00e8tres<\/strong>. (Article A. 121-31)<\/p>\n<p style=\"padding-left: 30px;\">Les activit\u00e9s commerciales, les \u00e9tudes scientifiques et les prises audiovisuelles sont soumises \u00e0 autorisation d\u00e9livr\u00e9e par la Direction de l\u2019Environnement. Se rapprocher de la Direction de l&rsquo;Environnement.<\/p>\n<p style=\"padding-left: 30px;\"><strong>En cas de non respect des r\u00e8gles d&rsquo;approche,<\/strong> les <a href=\"http:\/\/www.matatohora.com\/wp-content\/uploads\/2013\/10\/sanctions.pdf\" target=\"_blank\" rel=\"noopener noreferrer\">sanctions<\/a> sont \u00e9galement pr\u00e9vues dans le Code de l\u2019Environnement de la Polyn\u00e9sie fran\u00e7aise.<\/p>\n<p style=\"text-align: center;\"><span style=\"font-size: 12pt; color: #800000;\"><strong>Comment observer les mammif\u00e8res marins en Polyn\u00e9sie fran\u00e7aise ?<\/strong><\/span><\/p>\n<p style=\"text-align: center;\">En moins de 4 minutes et en images &#8230; Bon film !<\/p>\n<p><iframe loading=\"lazy\" title=\"Comment observer les baleines en Polyn\u00e9sie fran\u00e7aise ?\" width=\"500\" height=\"281\" src=\"https:\/\/www.youtube.com\/embed\/FfOErxEEsmg?feature=oembed\" frameborder=\"0\" allow=\"accelerometer; autoplay; clipboard-write; encrypted-media; gyroscope; picture-in-picture\" allowfullscreen><\/iframe><\/p>\n<p style=\"padding-left: 60px;\"><a href=\"http:\/\/www.matatohora.com\/wp-content\/uploads\/2015\/07\/cercle-et-a\u00e9ronefs.jpg\" rel=\"lightbox[1457]\"><br \/>\n<\/a><\/p>\n<p style=\"padding-left: 60px;\"><a href=\"http:\/\/www.matatohora.com\/wp-content\/uploads\/2017\/06\/cercle-et-a\u00e9ronefs-DIREN.jpg\" rel=\"lightbox[1457]\"><br \/>\n<\/a><a href=\"http:\/\/www.matatohora.com\/wp-content\/uploads\/2018\/07\/cercle-et-a\u00e9ronefs-DIREN-reglementation-2018.jpg\" rel=\"lightbox[1457]\"><img decoding=\"async\" loading=\"lazy\" class=\"size-full wp-image-3932 aligncenter\" src=\"http:\/\/www.matatohora.com\/wp-content\/uploads\/2018\/07\/cercle-et-a\u00e9ronefs-DIREN-reglementation-2018.jpg\" alt=\"\" width=\"999\" height=\"509\" srcset=\"http:\/\/www.matatohora.com\/wp-content\/uploads\/2018\/07\/cercle-et-a\u00e9ronefs-DIREN-reglementation-2018.jpg 999w, http:\/\/www.matatohora.com\/wp-content\/uploads\/2018\/07\/cercle-et-a\u00e9ronefs-DIREN-reglementation-2018-300x153.jpg 300w, http:\/\/www.matatohora.com\/wp-content\/uploads\/2018\/07\/cercle-et-a\u00e9ronefs-DIREN-reglementation-2018-768x391.jpg 768w\" sizes=\"(max-width: 999px) 100vw, 999px\" \/><\/a><br \/>\n<a href=\"http:\/\/www.matatohora.com\/wp-content\/uploads\/2018\/07\/approches-1-et-2-DIREN-2018.jpg\" rel=\"lightbox[1457]\"><img decoding=\"async\" loading=\"lazy\" class=\"size-full wp-image-3927 aligncenter\" src=\"http:\/\/www.matatohora.com\/wp-content\/uploads\/2018\/07\/approches-1-et-2-DIREN-2018.jpg\" alt=\"\" width=\"933\" height=\"580\" srcset=\"http:\/\/www.matatohora.com\/wp-content\/uploads\/2018\/07\/approches-1-et-2-DIREN-2018.jpg 933w, http:\/\/www.matatohora.com\/wp-content\/uploads\/2018\/07\/approches-1-et-2-DIREN-2018-300x186.jpg 300w, http:\/\/www.matatohora.com\/wp-content\/uploads\/2018\/07\/approches-1-et-2-DIREN-2018-768x477.jpg 768w\" sizes=\"(max-width: 933px) 100vw, 933px\" \/><\/a><\/p>\n<p style=\"text-align: center;\">\n<p style=\"text-align: center;\">\n<p style=\"text-align: center;\"><a href=\"http:\/\/www.matatohora.com\/wp-content\/uploads\/2018\/07\/flyer-recto-verso-BD.jpg\" rel=\"lightbox[1457]\"><img decoding=\"async\" loading=\"lazy\" class=\"size-full wp-image-4116 aligncenter\" src=\"http:\/\/www.matatohora.com\/wp-content\/uploads\/2018\/07\/flyer-recto-verso-BD.jpg\" alt=\"\" width=\"850\" height=\"595\" srcset=\"http:\/\/www.matatohora.com\/wp-content\/uploads\/2018\/07\/flyer-recto-verso-BD.jpg 850w, http:\/\/www.matatohora.com\/wp-content\/uploads\/2018\/07\/flyer-recto-verso-BD-300x210.jpg 300w, http:\/\/www.matatohora.com\/wp-content\/uploads\/2018\/07\/flyer-recto-verso-BD-768x538.jpg 768w\" sizes=\"(max-width: 850px) 100vw, 850px\" \/><\/a><\/p>\n<p style=\"text-align: center;\">\n<p style=\"text-align: center;\">\n<p style=\"text-align: center;\"><strong><span style=\"font-size: 12pt; color: #333399;\">Pour une b<\/span><\/strong><strong><span style=\"font-size: 12pt; color: #333399;\">onne approche avec une observation respectueuse :<\/span><\/strong><\/p>\n<p style=\"text-align: center;\"><span style=\"color: #800000;\">Nouvelles dispositions du Code de l&rsquo;Environnement (2018) en rouge<\/span><\/p>\n<ul>\n<li><strong>R\u00e9duire sa vitesse \u00e0 3 n\u0153uds dans un rayon de 300 m <\/strong>(ce qui laisse le temps d&rsquo;observer la situation)<\/li>\n<li><strong>Analyse pr\u00e9alable de la situation<\/strong> (pr\u00e9sence de baleineau ? comportement des animaux : d\u00e9placement, repos, jeux, parade nuptiale, allaitement&#8230;)<\/li>\n<li><strong>Distance d&rsquo;observations : <span style=\"color: #800000;\">100 m\u00e8tres AVEC ou SANS\u00a0baleineau ; <span style=\"color: #000000;\">30 m\u00e8tres pour les dauphins<\/span><\/span><br \/>\n<\/strong><\/li>\n<li><strong>Adaptation au comportement<\/strong> (faire route parall\u00e8le au d\u00e9placement des animaux \u00e0 100 m avec ou sans\u00a0baleineau ; rester \u00e0 100 m minimum en cas de saut ou frappe r\u00e9p\u00e9ter de la nageoire caudale)<\/li>\n<li><strong>Position au niveau du r\u00e9cif<\/strong> : si la distance est suffisante (&gt; 100 m entre baleine et r\u00e9cif) nous devons nous positionner cot\u00e9 r\u00e9cif. Sinon observation impossible (restez dans la zone des 300 m).<\/li>\n<li><strong>Ne jamais pousser les animaux au fond d&rsquo;une baie ou dans une passe<\/strong><\/li>\n<li><strong>Stopper l\u2019observation si les baleines entrent ou sont dans le lagon <\/strong>(si pr\u00e9sence dans le lagon, pr\u00e9venir la Direction de l&rsquo;Environnement ou Mata Tohora)<\/li>\n<li><strong>A tout moment, reculer ou interrompre l\u2019observation si on constate un changement de comportement ou pr\u00e9sence d&rsquo;un baleineau trop jeune (blanc ou tr\u00e8s clair)<\/strong><\/li>\n<li><strong>Mettre le moteur au point mort si l\u2019animal se rapproche volontairement du bateau<\/strong><\/li>\n<li><strong>Ne jamais arr\u00eater son moteur m\u00eame \u00e0 l&rsquo;arr\u00eat<\/strong> (rester au point mort pour indiquer votre localisation \u00e0 l&rsquo;animal et rester man\u0153uvrable)<\/li>\n<li><strong>Approche au \u00be arri\u00e8re : jamais frontale ni \u00e0 l&rsquo;arri\u00e8re<\/strong><\/li>\n<li><strong>Suivre une trajectoire parall\u00e8le<\/strong> (cote \u00e0 cote, ne pas couper la route, ne pas d\u00e9passer, ne pas se mettre au milieu d\u2019un groupe de c\u00e9tac\u00e9s)<\/li>\n<li><strong>Pas de changement brusque de vitesse ou de direction<\/strong><\/li>\n<li><strong>Rester group\u00e9<\/strong> : chaque nouveau bateau sur la zone doit veiller \u00e0 rejoindre les embarcations d\u00e9j\u00e0 pr\u00e9sentes, group\u00e9es <strong>et du m\u00eame cot\u00e9 de la baleine (pas d\u2019encerclement)<\/strong><\/li>\n<\/ul>\n<ul>\n<li><strong>Limiter le temps d\u2019observation<br \/>\n<\/strong><\/li>\n<li><strong>L\u2019ordre d\u2019arriv\u00e9e des bateaux d\u00e9finit l\u2019ordre des mises \u00e0 l\u2019eau <\/strong>pour limiter le nombre de personnes \u00e0 l\u2019eau en m\u00eame temps<\/li>\n<li><strong>Cas de mise \u00e0 l\u2019eau impossible<\/strong> : mer agit\u00e9e, eau trouble, animaux nerveux, baleineau trop jeune (blanc, clair et nageoires molles)<\/li>\n<li><strong>Dans l&rsquo;eau, rester \u00e0 30 m<\/strong> :<strong> Nage calme, pas de saut ni de mouvement brusque, ni de cri<\/strong><\/li>\n<li><strong>Nageurs regroup\u00e9s \u00e9voluant dans le m\u00eame sens<\/strong><\/li>\n<li><strong>En fin d&rsquo;observation : S&rsquo;\u00e9loigner \u00e0 vitesse r\u00e9duite (3 n\u0153uds sur 300 m\u00e8tres)<\/strong><\/li>\n<li><span style=\"color: #800000;\"><strong>Observation interdite dans les baies, les passes et les lagons<\/strong><\/span><\/li>\n<li><strong><span style=\"color: #800000;\">Pour les professionnels : un guide de mise \u00e0 l&rsquo;eau est obligatoire pour accompagner les clients<\/span><\/strong><\/li>\n<\/ul>\n<p>&nbsp;<\/p>\n<p style=\"text-align: center;\"><a href=\"http:\/\/www.matatohora.com\/wp-content\/uploads\/2015\/07\/maman-et-bb-vue-a\u00e9rienne.jpg\"  rel=\"lightbox[1457] attachment wp-att-1481\"><img decoding=\"async\" loading=\"lazy\" class=\"wp-image-1481 aligncenter\" src=\"http:\/\/www.matatohora.com\/wp-content\/uploads\/2015\/07\/maman-et-bb-vue-a\u00e9rienne.jpg\" alt=\"maman et bb vue a\u00e9rienne\" width=\"228\" height=\"225\" \/><\/a><\/p>\n","protected":false},"excerpt":{"rendered":"<p>Polyn\u00e9sie fran\u00e7aise : Un des plus grands sanctuaires au monde pour les c\u00e9tac\u00e9s&#8230; En 2002 est n\u00e9 un des plus grands sanctuaires au monde avec une surface oc\u00e9anique de 5 millions de kilom\u00e8tres carr\u00e9s et 21 esp\u00e8ces de baleines et de dauphins, ce qui caract\u00e9rise une diversit\u00e9 biologique \u00e9lev\u00e9e. Le whale-watching est une activit\u00e9 en &hellip; <\/p>\n<p><a class=\"more-link block-button\" href=\"http:\/\/www.matatohora.com\/?page_id=1457\">Continuer \u00e0 lire\u00a0\u00bb<\/a><\/p>\n","protected":false},"author":2,"featured_media":1393,"parent":0,"menu_order":0,"comment_status":"closed","ping_status":"closed","template":"","meta":[],"_links":{"self":[{"href":"http:\/\/www.matatohora.com\/index.php?rest_route=\/wp\/v2\/pages\/1457"}],"collection":[{"href":"http:\/\/www.matatohora.com\/index.php?rest_route=\/wp\/v2\/pages"}],"about":[{"href":"http:\/\/www.matatohora.com\/index.php?rest_route=\/wp\/v2\/types\/page"}],"author":[{"embeddable":true,"href":"http:\/\/www.matatohora.com\/index.php?rest_route=\/wp\/v2\/users\/2"}],"replies":[{"embeddable":true,"href":"http:\/\/www.matatohora.com\/index.php?rest_route=%2Fwp%2Fv2%2Fcomments&post=1457"}],"version-history":[{"count":39,"href":"http:\/\/www.matatohora.com\/index.php?rest_route=\/wp\/v2\/pages\/1457\/revisions"}],"predecessor-version":[{"id":4596,"href":"http:\/\/www.matatohora.com\/index.php?rest_route=\/wp\/v2\/pages\/1457\/revisions\/4596"}],"wp:featuredmedia":[{"embeddable":true,"href":"http:\/\/www.matatohora.com\/index.php?rest_route=\/wp\/v2\/media\/1393"}],"wp:attachment":[{"href":"http:\/\/www.matatohora.com\/index.php?rest_route=%2Fwp%2Fv2%2Fmedia&parent=1457"}],"curies":[{"name":"wp","href":"https:\/\/api.w.org\/{rel}","templated":true}]}}