{"id":139,"date":"2013-10-25T22:42:27","date_gmt":"2013-10-26T08:42:27","guid":{"rendered":"http:\/\/matatohora.com\/?page_id=139"},"modified":"2016-06-11T10:26:58","modified_gmt":"2016-06-11T20:26:58","slug":"le-milieu-marin","status":"publish","type":"page","link":"http:\/\/www.matatohora.com\/?page_id=139","title":{"rendered":"Milieu marin, un \u00e9cosyst\u00e8me en constante \u00e9volution&#8230;"},"content":{"rendered":"<p>&nbsp;<\/p>\n<p><span style=\"font-size: medium;\">Aujourd&rsquo;hui, de nombreuses recherches scientifiques s&rsquo;int\u00e9ressent \u00e0 la probl\u00e9matique de l&rsquo;\u00e9volution des populations\u00a0sous l&rsquo;effet du changement climatique. <\/span><\/p>\n<p><span style=\"font-size: medium;\">Sans entrer dans les d\u00e9tails, rappelons que les param\u00e8tres physico-chimiques de l&rsquo;eau de mer \u00e9voluent depuis quelques\u00a0d\u00e9cennies sous l&rsquo;effet d&rsquo;une augmentation de \u00a0la concentration des gaz \u00e0 effet de serre (principalement CO<span style=\"font-size: 8pt;\">2<\/span>). Ainsi, l&rsquo;\u00e9l\u00e9vation de la temp\u00e9rature de l&rsquo;eau de surface, entre autres,\u00a0perturbe l&rsquo;\u00e9quilibre des niches \u00e9cologiques.\u00a0<\/span><\/p>\n<p><span style=\"font-size: 12pt;\">En effet, dans le cas des populations de baleines \u00e0 bosse, la chasse et le harc\u00e8lement ne sont malheureusement pas les seules pressions qui p\u00e8sent sur elles. Leur\u00a0habitat est menac\u00e9 autant par la pollution des oc\u00e9ans que par le changement climatique. <\/span><\/p>\n<p><span style=\"font-size: 12pt;\">Pendant environ 4 mois, ces c\u00e9tac\u00e9s se nourrissent de krill dans l&rsquo;oc\u00e9an Antarctique et constituent ainsi leur r\u00e9serve de graisse. <\/span><\/p>\n<p><span style=\"font-size: 12pt;\">Avec le r\u00e9chauffement de la temp\u00e9rature de l&rsquo;eau de surface des oc\u00e9ans, les eaux riches en nutriments et donc en krill risquent d&rsquo;\u00eatre d\u00e9plac\u00e9es vers des r\u00e9gions plus froides, plus au sud, obligeant les baleines \u00e0 parcourir davantage de kilom\u00e8tres (estim\u00e9 \u00e0 environ 500 km) vers le pole sud. <\/span><\/p>\n<p><span style=\"font-size: 12pt;\">Les baleines devront donc d\u00e9penser plus d&rsquo;\u00e9nergie pour se nourrir. Elles seront alors regroup\u00e9es dans des zones \u00ab\u00a0de nourrissage\u00a0\u00bb plus petites, avec des ressources alimentaires plus faibles.\u00a0<\/span><\/p>\n","protected":false},"excerpt":{"rendered":"<p>&nbsp; Aujourd&rsquo;hui, de nombreuses recherches scientifiques s&rsquo;int\u00e9ressent \u00e0 la probl\u00e9matique de l&rsquo;\u00e9volution des populations\u00a0sous l&rsquo;effet du changement climatique. Sans entrer dans les d\u00e9tails, rappelons que les param\u00e8tres physico-chimiques de l&rsquo;eau de mer \u00e9voluent depuis quelques\u00a0d\u00e9cennies sous l&rsquo;effet d&rsquo;une augmentation de \u00a0la concentration des gaz \u00e0 effet de serre (principalement CO2). Ainsi, l&rsquo;\u00e9l\u00e9vation de la temp\u00e9rature &hellip; <\/p>\n<p><a class=\"more-link block-button\" href=\"http:\/\/www.matatohora.com\/?page_id=139\">Continuer \u00e0 lire\u00a0\u00bb<\/a><\/p>\n","protected":false},"author":1,"featured_media":0,"parent":0,"menu_order":0,"comment_status":"closed","ping_status":"closed","template":"","meta":[],"_links":{"self":[{"href":"http:\/\/www.matatohora.com\/index.php?rest_route=\/wp\/v2\/pages\/139"}],"collection":[{"href":"http:\/\/www.matatohora.com\/index.php?rest_route=\/wp\/v2\/pages"}],"about":[{"href":"http:\/\/www.matatohora.com\/index.php?rest_route=\/wp\/v2\/types\/page"}],"author":[{"embeddable":true,"href":"http:\/\/www.matatohora.com\/index.php?rest_route=\/wp\/v2\/users\/1"}],"replies":[{"embeddable":true,"href":"http:\/\/www.matatohora.com\/index.php?rest_route=%2Fwp%2Fv2%2Fcomments&post=139"}],"version-history":[{"count":7,"href":"http:\/\/www.matatohora.com\/index.php?rest_route=\/wp\/v2\/pages\/139\/revisions"}],"predecessor-version":[{"id":1968,"href":"http:\/\/www.matatohora.com\/index.php?rest_route=\/wp\/v2\/pages\/139\/revisions\/1968"}],"wp:attachment":[{"href":"http:\/\/www.matatohora.com\/index.php?rest_route=%2Fwp%2Fv2%2Fmedia&parent=139"}],"curies":[{"name":"wp","href":"https:\/\/api.w.org\/{rel}","templated":true}]}}