{"id":137,"date":"2013-10-25T22:42:04","date_gmt":"2013-10-26T08:42:04","guid":{"rendered":"http:\/\/matatohora.com\/?page_id=137"},"modified":"2018-12-09T17:18:13","modified_gmt":"2018-12-10T03:18:13","slug":"les-echouages","status":"publish","type":"page","link":"http:\/\/www.matatohora.com\/?page_id=137","title":{"rendered":"Echouages"},"content":{"rendered":"<p style=\"text-align: center;\"><span style=\"color: #ff0000; font-size: 14pt;\"><strong>Attention, en cas d&rsquo;\u00e9chouage, <\/strong><\/span><\/p>\n<p style=\"text-align: center;\"><span style=\"color: #ff0000; font-size: 14pt;\"><strong>pr\u00e9venir la DIREN +689 40 47 66\u00a049<\/strong><\/span><\/p>\n<p style=\"text-align: center;\"><span style=\"color: #ff0000; font-size: 14pt;\"><strong>ou le 17\u00a0<\/strong><\/span><\/p>\n<p style=\"padding-left: 30px; text-align: center;\"><span style=\"font-size: 10pt;\"><strong><span style=\"color: #003366; font-size: 12pt;\">\u00a0 \u00a0 R\u00e9seau Local d\u2019Echouage (RLE)<\/span><\/strong><\/span><\/p>\n<p><iframe loading=\"lazy\" width=\"500\" height=\"281\" src=\"https:\/\/www.youtube.com\/embed\/l5w5UtTDyaE?feature=oembed\" frameborder=\"0\" allow=\"accelerometer; autoplay; encrypted-media; gyroscope; picture-in-picture\" allowfullscreen><\/iframe><\/p>\n<p style=\"text-align: left; padding-left: 30px;\"><span style=\"font-size: 10pt;\"><strong><a href=\"http:\/\/www.matatohora.com\/wp-content\/uploads\/2017\/02\/page-de-garde-RLE.jpg\" rel=\"lightbox[137]\"><img decoding=\"async\" loading=\"lazy\" class=\"wp-image-2926 alignleft\" src=\"http:\/\/www.matatohora.com\/wp-content\/uploads\/2017\/02\/page-de-garde-RLE-720x1024.jpg\" alt=\"\" width=\"154\" height=\"219\" srcset=\"http:\/\/www.matatohora.com\/wp-content\/uploads\/2017\/02\/page-de-garde-RLE-720x1024.jpg 720w, http:\/\/www.matatohora.com\/wp-content\/uploads\/2017\/02\/page-de-garde-RLE-211x300.jpg 211w, http:\/\/www.matatohora.com\/wp-content\/uploads\/2017\/02\/page-de-garde-RLE-768x1092.jpg 768w, http:\/\/www.matatohora.com\/wp-content\/uploads\/2017\/02\/page-de-garde-RLE.jpg 898w\" sizes=\"(max-width: 154px) 100vw, 154px\" \/><\/a><\/strong><\/span><\/p>\n<p style=\"padding-left: 30px; text-align: left;\"><span style=\"font-size: 12pt;\"><strong><a href=\"http:\/\/www.matatohora.com\/wp-content\/uploads\/2013\/10\/Contacts-r\u00e9f\u00e9rents-RLE-2018.pdf\" target=\"_blank\" rel=\"noopener noreferrer\">Retrouvez tous les r\u00e9f\u00e9rents ici, selon l&rsquo;ile concern\u00e9e.<\/a><\/strong><\/span><\/p>\n<p style=\"padding-left: 30px; text-align: center;\"><span style=\"font-size: 10pt;\"><strong>L\u2019id\u00e9e de ce r\u00e9seau est de pouvoir intervenir rapidement en ayant les gestes adapt\u00e9s \u00e0 la situation, tant pour la s\u00e9curit\u00e9 des usagers (pour \u00e9viter toute contamination bact\u00e9riologique des eaux de baignades par les animaux morts, par exemple) que pour les c\u00e9tac\u00e9s\u00a0<\/strong><strong>ou les tortues, s\u2019ils sont vivants.\u00a0<\/strong><\/span><\/p>\n<p style=\"text-align: center;\">Nous rappelons que les mammif\u00e8res marins sont des esp\u00e8ces prot\u00e9g\u00e9es par le code de l&rsquo;environnement : seules les personnes habilit\u00e9es\u00a0<span class=\"userContent\">ont le droit de les manipuler\u00a0<\/span><\/p>\n<p>&nbsp;<\/p>\n<ul>\n<li><strong>\u00a0<span class=\"userContent\">Le 05 mai 2014 : Papeari (TAHITI) (Source et cr\u00e9dit photos DIREN Tahiti)<\/span><\/strong><\/li>\n<\/ul>\n<p style=\"padding-left: 30px;\"><span class=\"userContent\">La cellule esp\u00e8ces marines embl\u00e9matiques de la DIREN a \u00e9t\u00e9 pr\u00e9venu de l&rsquo;\u00e9chouage\u00a0d&rsquo;un b\u00e9b\u00e9 dauphin \u00e0 long bec pr\u00e9sentant\u00a0des blessures graves inflig\u00e9es par des Squalelets f\u00e9roces ou Coockiecutter shark.<\/span><\/p>\n<p>&nbsp;<\/p>\n<p style=\"padding-left: 90px;\"><a href=\"http:\/\/www.matatohora.com\/wp-content\/uploads\/2013\/10\/Dauphin-\u00e0-long-bec-bless\u00e9-_intubation-avec-solution-de-glucose-pour-le-r\u00e9hydrater.jpg\" rel=\"lightbox[137]\"><img decoding=\"async\" loading=\"lazy\" class=\"size-medium wp-image-695 alignleft\" src=\"http:\/\/www.matatohora.com\/wp-content\/uploads\/2013\/10\/Dauphin-\u00e0-long-bec-bless\u00e9-_intubation-avec-solution-de-glucose-pour-le-r\u00e9hydrater-225x300.jpg\" alt=\"Dauphin \u00e0 long bec bless\u00e9 _intubation avec solution de glucose pour le r\u00e9hydrater\" width=\"225\" height=\"300\" srcset=\"http:\/\/www.matatohora.com\/wp-content\/uploads\/2013\/10\/Dauphin-\u00e0-long-bec-bless\u00e9-_intubation-avec-solution-de-glucose-pour-le-r\u00e9hydrater-225x300.jpg 225w, http:\/\/www.matatohora.com\/wp-content\/uploads\/2013\/10\/Dauphin-\u00e0-long-bec-bless\u00e9-_intubation-avec-solution-de-glucose-pour-le-r\u00e9hydrater.jpg 720w\" sizes=\"(max-width: 225px) 100vw, 225px\" \/><\/a><a href=\"http:\/\/www.matatohora.com\/wp-content\/uploads\/2013\/10\/Dauphin-\u00e0-long-bec-bless\u00e9-_-injection-dantibiotiques-\u00e0-large-spectre-et-cortico\u00efdes.jpg\" rel=\"lightbox[137]\"><img decoding=\"async\" loading=\"lazy\" class=\"alignnone size-medium wp-image-693\" src=\"http:\/\/www.matatohora.com\/wp-content\/uploads\/2013\/10\/Dauphin-\u00e0-long-bec-bless\u00e9-_-injection-dantibiotiques-\u00e0-large-spectre-et-cortico\u00efdes-300x225.jpg\" alt=\"Dauphin \u00e0 long bec bless\u00e9 _ injection d'antibiotiques \u00e0 large spectre et cortico\u00efdes\" width=\"300\" height=\"225\" srcset=\"http:\/\/www.matatohora.com\/wp-content\/uploads\/2013\/10\/Dauphin-\u00e0-long-bec-bless\u00e9-_-injection-dantibiotiques-\u00e0-large-spectre-et-cortico\u00efdes-300x225.jpg 300w, http:\/\/www.matatohora.com\/wp-content\/uploads\/2013\/10\/Dauphin-\u00e0-long-bec-bless\u00e9-_-injection-dantibiotiques-\u00e0-large-spectre-et-cortico\u00efdes-160x120.jpg 160w, http:\/\/www.matatohora.com\/wp-content\/uploads\/2013\/10\/Dauphin-\u00e0-long-bec-bless\u00e9-_-injection-dantibiotiques-\u00e0-large-spectre-et-cortico\u00efdes.jpg 800w\" sizes=\"(max-width: 300px) 100vw, 300px\" \/><\/a><\/p>\n<p>&nbsp;<\/p>\n<p>&nbsp;<\/p>\n<p>&nbsp;<\/p>\n<p>&nbsp;<\/p>\n<p style=\"padding-left: 60px;\"><a href=\"http:\/\/www.matatohora.com\/wp-content\/uploads\/2013\/10\/Dauphin-\u00e0-long-bec-avec-impacts-au-niveau-de-labdomen.jpg\" rel=\"lightbox[137]\"><img decoding=\"async\" loading=\"lazy\" class=\"size-medium wp-image-687 alignnone\" src=\"http:\/\/www.matatohora.com\/wp-content\/uploads\/2013\/10\/Dauphin-\u00e0-long-bec-avec-impacts-au-niveau-de-labdomen-300x225.jpg\" alt=\"Dauphin \u00e0 long bec avec impacts au niveau de l'abdomen\" width=\"300\" height=\"225\" srcset=\"http:\/\/www.matatohora.com\/wp-content\/uploads\/2013\/10\/Dauphin-\u00e0-long-bec-avec-impacts-au-niveau-de-labdomen-300x225.jpg 300w, http:\/\/www.matatohora.com\/wp-content\/uploads\/2013\/10\/Dauphin-\u00e0-long-bec-avec-impacts-au-niveau-de-labdomen-160x120.jpg 160w, http:\/\/www.matatohora.com\/wp-content\/uploads\/2013\/10\/Dauphin-\u00e0-long-bec-avec-impacts-au-niveau-de-labdomen.jpg 800w\" sizes=\"(max-width: 300px) 100vw, 300px\" \/><\/a> <a href=\"http:\/\/www.matatohora.com\/wp-content\/uploads\/2013\/10\/Dauphin-\u00e0-long-bec-avec-morsure-de-Cutter-Shark-cot\u00e9-droit-de-la-queue.jpg\" rel=\"lightbox[137]\"><img decoding=\"async\" loading=\"lazy\" class=\"alignnone size-medium wp-image-689\" src=\"http:\/\/www.matatohora.com\/wp-content\/uploads\/2013\/10\/Dauphin-\u00e0-long-bec-avec-morsure-de-Cutter-Shark-cot\u00e9-droit-de-la-queue-300x225.jpg\" alt=\"Dauphin \u00e0 long bec avec morsure de Cutter Shark cot\u00e9 droit de la queue\" width=\"300\" height=\"225\" srcset=\"http:\/\/www.matatohora.com\/wp-content\/uploads\/2013\/10\/Dauphin-\u00e0-long-bec-avec-morsure-de-Cutter-Shark-cot\u00e9-droit-de-la-queue-300x225.jpg 300w, http:\/\/www.matatohora.com\/wp-content\/uploads\/2013\/10\/Dauphin-\u00e0-long-bec-avec-morsure-de-Cutter-Shark-cot\u00e9-droit-de-la-queue-160x120.jpg 160w, http:\/\/www.matatohora.com\/wp-content\/uploads\/2013\/10\/Dauphin-\u00e0-long-bec-avec-morsure-de-Cutter-Shark-cot\u00e9-droit-de-la-queue.jpg 800w\" sizes=\"(max-width: 300px) 100vw, 300px\" \/><\/a> <a href=\"http:\/\/www.matatohora.com\/wp-content\/uploads\/2013\/10\/Dauphin-\u00e0-long-bec-avec-morsure-de-Cutter-Shark-au-niveau-ventral.jpg\" rel=\"lightbox[137]\"><img decoding=\"async\" loading=\"lazy\" class=\"alignnone size-medium wp-image-688\" src=\"http:\/\/www.matatohora.com\/wp-content\/uploads\/2013\/10\/Dauphin-\u00e0-long-bec-avec-morsure-de-Cutter-Shark-au-niveau-ventral-300x225.jpg\" alt=\"Dauphin \u00e0 long bec avec morsure de Cutter Shark au niveau ventral\" width=\"300\" height=\"225\" srcset=\"http:\/\/www.matatohora.com\/wp-content\/uploads\/2013\/10\/Dauphin-\u00e0-long-bec-avec-morsure-de-Cutter-Shark-au-niveau-ventral-300x225.jpg 300w, http:\/\/www.matatohora.com\/wp-content\/uploads\/2013\/10\/Dauphin-\u00e0-long-bec-avec-morsure-de-Cutter-Shark-au-niveau-ventral-160x120.jpg 160w, http:\/\/www.matatohora.com\/wp-content\/uploads\/2013\/10\/Dauphin-\u00e0-long-bec-avec-morsure-de-Cutter-Shark-au-niveau-ventral.jpg 960w\" sizes=\"(max-width: 300px) 100vw, 300px\" \/><\/a><\/p>\n<p>&nbsp;<\/p>\n<p style=\"padding-left: 30px;\">Diagnostique :<\/p>\n<ul>\n<li>Morsures de Squalelets f\u00e9roces\u00a0sur le c\u00f4t\u00e9 droit de la queue, sous le ventre et sur le c\u00f4t\u00e9 gauche de la queue.<\/li>\n<li>Impacts au niveau de l&rsquo;abdomen<\/li>\n<\/ul>\n<p>&nbsp;<\/p>\n<p style=\"padding-left: 30px;\">Actes du V\u00e9t\u00e9rinaire Dr Christophe Giraud :<\/p>\n<ul>\n<li>Injections d&rsquo;antibiotiques \u00e0 large spectre et de cortico\u00efdes pour am\u00e9liorer l&rsquo;\u00e9tat de sant\u00e9 de l&rsquo;animal<\/li>\n<li><span id=\"fbPhotoSnowliftCaption\" class=\"fbPhotosPhotoCaption\" tabindex=\"0\">Prise de sang r\u00e9alis\u00e9e au niveau de la queue de l&rsquo;animal<\/span><\/li>\n<li><span id=\"fbPhotoSnowliftCaption\" class=\"fbPhotosPhotoCaption\" tabindex=\"0\">Intubation de l&rsquo;animal avec une solution de glucose pour le r\u00e9hydrater<\/span><\/li>\n<li>Mesures de l&rsquo;animal<\/li>\n<\/ul>\n<p>&nbsp;<\/p>\n<div class=\"\"><\/div>\n<div class=\"\"><a href=\"https:\/\/www.youtube.com\/watch?v=iByyuUqKxM0&amp;feature=youtu.be\" target=\"_blank\" rel=\"noopener noreferrer\">Vid\u00e9o expliquant les risques d&rsquo;un \u00e9chouage d&rsquo;un animal de grande taille. La vitesse de d\u00e9composition est acc\u00e9l\u00e9r\u00e9e avec une temp\u00e9rature ext\u00e9rieure \u00e9lev\u00e9e. <\/a><\/div>\n<div class=\"\"><\/div>\n<p>&nbsp;<\/p>\n<div class=\"\" style=\"padding-left: 30px; text-align: center;\"><span style=\"color: #ff0000; font-size: 14pt;\"><strong>RAPPEL : Consignes en cas d\u2019\u00e9chouage\u00a0<\/strong><\/span><\/div>\n<div class=\"\" style=\"padding-left: 30px;\"><strong>Pr\u00e9venir la Direction de l&rsquo;Environnement\u00a0et la Municipalit\u00e9<\/strong> concern\u00e9e afin d\u2019organiser l\u2019intervention.<\/div>\n<div class=\"\" style=\"padding-left: 30px;\">ou pr\u00e9venir l\u2019association MATA TOHORA qui se chargera de communiquer avec les autorit\u00e9s comp\u00e9tentes (notamment en dehors des horaires d\u2019ouverture).<\/div>\n<div class=\"\" style=\"padding-left: 30px;\">Pour faciliter l\u2019intervention, signaler le lieu exact, l\u2019accessibilit\u00e9 et si possible prendre des photos et identifier l&rsquo;informateur.<\/div>\n<div class=\"\" style=\"padding-left: 30px;\"><\/div>\n<div class=\"\" style=\"padding-left: 30px; text-align: center;\"><span style=\"text-decoration: underline; color: #ff0000;\"><strong>Si l\u2019animal est mort :\u00a0<\/strong><\/span><\/div>\n<div class=\"\" style=\"padding-left: 30px;\">Pour des\u00a0<strong>raisons de s\u00e9curit\u00e9 et de salubrit\u00e9 publique<\/strong>, un\u00a0<strong>p\u00e9rim\u00e8tre de s\u00e9curit\u00e9<\/strong>\u00a0est aussit\u00f4t mis en place par les services techniques communaux.<\/div>\n<div class=\"\" style=\"padding-left: 30px;\">En effet, les\u00a0<strong>carcasses en putr\u00e9faction h\u00e9bergent un r\u00e9servoir bact\u00e9rien important<\/strong>. De plus des micro-organismes pathog\u00e8nes port\u00e9s par les mammif\u00e8res marins sont pr\u00e9sents dans la salive, l\u2019air expir\u00e9, le sang, les urines, mati\u00e8res f\u00e9cales et les diff\u00e9rents organes.<\/div>\n<div class=\"\" style=\"padding-left: 30px;\">Des personnes r\u00e9f\u00e9renc\u00e9es et habilit\u00e9es r\u00e9aliseront des pr\u00e9l\u00e8vements selon un protocole d\u00e9fini et tenteront d\u2019identifier l\u2019esp\u00e8ce et les causes de l\u2019\u00e9chouage, selon l\u2019\u00e9tat de d\u00e9composition de l\u2019animal.<\/div>\n<div class=\"\" style=\"padding-left: 30px;\"><strong>Toute manipulation doit se faire avec des gants par des personnes habilit\u00e9es.\u00a0<\/strong><\/div>\n<div class=\"\" style=\"padding-left: 30px;\"><strong>Il est interdit de pr\u00e9lever les dents, les vert\u00e8bres ou autres parties de l\u2019animal.\u00a0<\/strong><\/div>\n<div class=\"\" style=\"padding-left: 30px;\"><\/div>\n<div class=\"\" style=\"padding-left: 30px; text-align: center;\"><span style=\"text-decoration: underline; color: #ff0000;\"><strong>Si l\u2019animal est vivant :<\/strong><\/span><\/div>\n<div class=\"\" style=\"padding-left: 30px;\">Faire attention \u00e0 la caudale et aux projections provenant de l\u2019\u00e9vent. Les grands c\u00e9tac\u00e9s \u00e9chou\u00e9s sont capables de mouvements impr\u00e9visibles qui peuvent pr\u00e9senter un danger.<\/div>\n<div class=\"\" style=\"padding-left: 30px;\"><strong>Ne jamais tirer ou lever un animal par ses nageoires<\/strong><\/div>\n<div class=\"\" style=\"padding-left: 30px;\">Les bons gestes :<\/div>\n<div class=\"\" style=\"padding-left: 30px;\">&#8211;\u00a0<strong>S\u2019assurer de la vivacit\u00e9 de l\u2019animal<\/strong>\u00a0en v\u00e9rifiant le rythme cardiaque (1 \u00e0 3 respirations par minute ; celui-ci augmente avec le stress), l\u2019\u00e9mission de vocalisations (diminue avec le stress).<\/div>\n<div class=\"\" style=\"padding-left: 30px;\">&#8211;\u00a0<strong>Examiner son \u00e9tat d\u2019embonpoint<\/strong>\u00a0(flancs et arri\u00e8re de la t\u00eate creus\u00e9s, saillies osseuses des c\u00f4tes, etc) pr\u00e9sence ou pas d\u2019\u00e9coulement par les orifices naturels\u2026<\/div>\n<div class=\"\" style=\"padding-left: 30px;\">&#8211; Sur le sable :\u00a0<strong>positionner l\u2019animal sur le ventre en faisant attention aux nageoires<\/strong>. Creuser des trous sous les nageoires pectorales (sur le cot\u00e9)<\/div>\n<div class=\"\" style=\"padding-left: 30px;\">&#8211; Sur les rochers, l\u2019animal pourra \u00eatre laiss\u00e9 temporairement sur le flanc ou au mieux \u00eatre plac\u00e9 sur un matelas.<\/div>\n<div class=\"\" style=\"padding-left: 30px;\">&#8211;\u00a0<strong>Maintenir la peau humide et la prot\u00e9ger du soleil \u00e0 l\u2019aide de draps ou de serviettes mouill\u00e9s.<\/strong><\/div>\n<div class=\"\" style=\"padding-left: 30px;\">&#8211;\u00a0<strong>Prot\u00e9ger l\u2019\u00e9vent (les narines) et les yeux des projections d\u2019eau ou de sable.<\/strong><\/div>\n<div class=\"\" style=\"padding-left: 30px;\">&#8211;\u00a0<strong>Limiter le stress<\/strong>\u00a0: Demander aux personnes pr\u00e9sentes de parler \u00e0 voix basse, d\u2019\u00e9viter les mouvements brusques<\/div>\n<div class=\"\" style=\"padding-left: 30px;\">&#8211; Eloigner, en dehors du p\u00e9rim\u00e8tre de s\u00e9curit\u00e9, toutes personnes n\u2019ayant pas d\u2019intervention \u00e0 faire autour de l\u2019animal : Ne pas cr\u00e9er d\u2019attroupement pour \u00e9viter le stress suppl\u00e9mentaire de l\u2019animal.<\/div>\n<div class=\"\" style=\"padding-left: 30px;\">&#8211; Eloigner les animaux domestiques en dehors du p\u00e9rim\u00e8tre de s\u00e9curit\u00e9.<\/div>\n<div class=\"\" style=\"padding-left: 30px;\"><\/div>\n<div class=\"\" style=\"padding-left: 30px; text-align: center;\"><span style=\"color: #ff0000;\"><strong>Pour proc\u00e9der au renflouage<\/strong>\u00a0:<\/span><\/div>\n<div class=\"\" style=\"padding-left: 30px;\">\u00a0La mise \u00e0 l\u2019eau est\u00a0<strong>r\u00e9alisable<\/strong>\u00a0<strong>uniquement pour les petits c\u00e9tac\u00e9s<\/strong>.<\/div>\n<div class=\"\" style=\"padding-left: 30px;\">Un matelas, un brancard et une embarcation faciliteront le transport vers la mer.<\/div>\n<div class=\"\" style=\"padding-left: 30px;\">Si le poids de l\u2019animal et le nombre d\u2019intervenants le permet,\u00a0<strong>proc\u00e9der en soulevant l\u2019animal en pla\u00e7ant les mains sous le ventre, la t\u00eate et le p\u00e9doncule caudal.\u00a0<\/strong><\/div>\n<div class=\"\" style=\"padding-left: 30px;\">Mais ne jamais lever par les nageoires.<\/div>\n<div class=\"\" style=\"padding-left: 30px;\">Le trajet s\u2019effectue\u00a0<strong>\u00e0 faible vitesse pour limiter le stress par le bruit et les vibrations.\u00a0<\/strong><\/div>\n<div class=\"\" style=\"padding-left: 30px;\"><strong>Une fois \u00e0 l\u2019eau, soutenir l\u2019animal jusqu\u2019\u00e0 ce qu\u2019il retrouve un \u00e9quilibre et des mouvements volontaires pour respirer hors de l\u2019eau et nager.\u00a0<\/strong><\/div>\n<div class=\"\" style=\"padding-left: 30px;\"><strong>Ne jamais agir seul. Pour des raisons d\u2019hygi\u00e8ne, toutes les manipulations doivent se faire avec des gants.\u00a0<\/strong><\/div>\n","protected":false},"excerpt":{"rendered":"<p>Attention, en cas d&rsquo;\u00e9chouage, pr\u00e9venir la DIREN +689 40 47 66\u00a049 ou le 17\u00a0 \u00a0 \u00a0 R\u00e9seau Local d\u2019Echouage (RLE) Retrouvez tous les r\u00e9f\u00e9rents ici, selon l&rsquo;ile concern\u00e9e. L\u2019id\u00e9e de ce r\u00e9seau est de pouvoir intervenir rapidement en ayant les gestes adapt\u00e9s \u00e0 la situation, tant pour la s\u00e9curit\u00e9 des usagers (pour \u00e9viter toute contamination &hellip; <\/p>\n<p><a class=\"more-link block-button\" href=\"http:\/\/www.matatohora.com\/?page_id=137\">Continuer \u00e0 lire\u00a0\u00bb<\/a><\/p>\n","protected":false},"author":1,"featured_media":0,"parent":0,"menu_order":0,"comment_status":"closed","ping_status":"closed","template":"","meta":[],"_links":{"self":[{"href":"http:\/\/www.matatohora.com\/index.php?rest_route=\/wp\/v2\/pages\/137"}],"collection":[{"href":"http:\/\/www.matatohora.com\/index.php?rest_route=\/wp\/v2\/pages"}],"about":[{"href":"http:\/\/www.matatohora.com\/index.php?rest_route=\/wp\/v2\/types\/page"}],"author":[{"embeddable":true,"href":"http:\/\/www.matatohora.com\/index.php?rest_route=\/wp\/v2\/users\/1"}],"replies":[{"embeddable":true,"href":"http:\/\/www.matatohora.com\/index.php?rest_route=%2Fwp%2Fv2%2Fcomments&post=137"}],"version-history":[{"count":35,"href":"http:\/\/www.matatohora.com\/index.php?rest_route=\/wp\/v2\/pages\/137\/revisions"}],"predecessor-version":[{"id":4191,"href":"http:\/\/www.matatohora.com\/index.php?rest_route=\/wp\/v2\/pages\/137\/revisions\/4191"}],"wp:attachment":[{"href":"http:\/\/www.matatohora.com\/index.php?rest_route=%2Fwp%2Fv2%2Fmedia&parent=137"}],"curies":[{"name":"wp","href":"https:\/\/api.w.org\/{rel}","templated":true}]}}