{"id":135,"date":"2013-10-25T22:40:34","date_gmt":"2013-10-26T08:40:34","guid":{"rendered":"http:\/\/matatohora.com\/?page_id=135"},"modified":"2016-06-11T10:25:55","modified_gmt":"2016-06-11T20:25:55","slug":"la-recherche-participative","status":"publish","type":"page","link":"http:\/\/www.matatohora.com\/?page_id=135","title":{"rendered":"Recherche participative"},"content":{"rendered":"<address><span style=\"color: #ff0000;\">Affichez ou masquez des couches d&rsquo;information en cliquant sur le bouton \u00ab\u00a0L\u00e9gende\u00a0\u00bb (barre d&rsquo;outils sup\u00e9rrieure)<br \/>\n<\/span><\/address>\n<address><span style=\"color: #ff0000;\">Ajoutez une observation : cliquez sur \u00ab\u00a0\u00c9dition\u00a0\u00bb et \u00ab\u00a0Cr\u00e9er une observation\u00a0\u00bb puis \u00ab\u00a0ajouter\u00a0\u00bb (bas de la fen\u00eatre)<br \/>\n<\/span><\/address>\n<address>\n<h2><em><strong><span style=\"color: #ff0000;\"><a href=\"http:\/\/www.ptpu.geolocweb.org\/index.php\/view\/map\/?repository=mm&amp;project=MM\" target=\"_blank\"><span style=\"color: #ff0000;\">OBSERVATOIRE DES MAMMIF\u00c8RES MARINS DISPONIBLE EN PLEIN \u00c9CRAN<\/span><\/a><\/span><\/strong><\/em><\/h2>\n<\/address>\n<p><iFrame src=\"http:\/\/ptpu.geolocweb.org\/index.php\/view\/map\/?repository=mm&amp;project=MM\" width=\"100%\" height=\"500px\" frameborder=\"0\" scrolling=\"border:1px solid blue;align:left;\"><\/iFrame><\/p>\n<p>&nbsp;<\/p>\n<p>&nbsp;<\/p>\n","protected":false},"excerpt":{"rendered":"<p>Affichez ou masquez des couches d&rsquo;information en cliquant sur le bouton \u00ab\u00a0L\u00e9gende\u00a0\u00bb (barre d&rsquo;outils sup\u00e9rrieure) Ajoutez une observation : cliquez sur \u00ab\u00a0\u00c9dition\u00a0\u00bb et \u00ab\u00a0Cr\u00e9er une observation\u00a0\u00bb puis \u00ab\u00a0ajouter\u00a0\u00bb (bas de la fen\u00eatre) OBSERVATOIRE DES MAMMIF\u00c8RES MARINS DISPONIBLE EN PLEIN \u00c9CRAN &nbsp; &nbsp;<\/p>\n","protected":false},"author":1,"featured_media":0,"parent":0,"menu_order":0,"comment_status":"closed","ping_status":"closed","template":"","meta":[],"_links":{"self":[{"href":"http:\/\/www.matatohora.com\/index.php?rest_route=\/wp\/v2\/pages\/135"}],"collection":[{"href":"http:\/\/www.matatohora.com\/index.php?rest_route=\/wp\/v2\/pages"}],"about":[{"href":"http:\/\/www.matatohora.com\/index.php?rest_route=\/wp\/v2\/types\/page"}],"author":[{"embeddable":true,"href":"http:\/\/www.matatohora.com\/index.php?rest_route=\/wp\/v2\/users\/1"}],"replies":[{"embeddable":true,"href":"http:\/\/www.matatohora.com\/index.php?rest_route=%2Fwp%2Fv2%2Fcomments&post=135"}],"version-history":[{"count":38,"href":"http:\/\/www.matatohora.com\/index.php?rest_route=\/wp\/v2\/pages\/135\/revisions"}],"predecessor-version":[{"id":1966,"href":"http:\/\/www.matatohora.com\/index.php?rest_route=\/wp\/v2\/pages\/135\/revisions\/1966"}],"wp:attachment":[{"href":"http:\/\/www.matatohora.com\/index.php?rest_route=%2Fwp%2Fv2%2Fmedia&parent=135"}],"curies":[{"name":"wp","href":"https:\/\/api.w.org\/{rel}","templated":true}]}}