{"id":131,"date":"2013-10-25T22:33:15","date_gmt":"2013-10-26T08:33:15","guid":{"rendered":"http:\/\/matatohora.com\/?page_id=131"},"modified":"2013-11-12T21:26:41","modified_gmt":"2013-11-13T07:26:41","slug":"les-reconnaitre","status":"publish","type":"page","link":"http:\/\/www.matatohora.com\/?page_id=131","title":{"rendered":"Les reconna\u00eetre"},"content":{"rendered":"<p style=\"text-align: justify;\">Reconna\u00eetre les mammif\u00e8res marins reste parfois difficile selon les esp\u00e8ces. Il peut arriver de confondre certaines d\u2019entre elles, d\u2019autant que les animaux restent peut de temps en surface.\u00a0Plusieurs indices peuvent aider \u00e0 les identifier, tel que la taille, la couleur, la t\u00eate, les nageoires (dorsales, pectorales et caudale) et le souffle. La saison peut permettre de reconna\u00eetre les animaux migrateurs par exemple.<\/p>\n<p style=\"text-align: justify;\">Le <b>souffle<\/b> est le premier indice que l\u2019on peut percevoir parfois de tr\u00e8s loin. Sa hauteur, sa forme, sa visibilit\u00e9 et sa fr\u00e9quence varient selon les esp\u00e8ces.<\/p>\n<p style=\"text-align: justify;\">Le souffle d\u2019une baleine \u00e0 bosse peut atteindre jusqu\u2019\u00e0 3 m\u00e8tres de hauteur. Selon les conditions climatiques (vent calme \u00e0 mod\u00e9r\u00e9), il est visible \u00e0 plusieurs centaines de m\u00e8tres.<\/p>\n<p style=\"text-align: justify;\">La <b>couleur<\/b> des animaux permet \u00e9galement de les reconna\u00eetre et dans certains cas d\u2019identifier l\u2019esp\u00e8ce.<\/p>\n<p style=\"text-align: justify;\">La <b>taille<\/b> est \u00e9galement un facteur important. Le plus petit dauphin de Polyn\u00e9sie fran\u00e7aise est le dauphin long bec (1,8-2 m\u00e8tres) et le c\u00e9tac\u00e9 le plus grand rencontr\u00e9 dans le sanctuaire est le rorqual bleu (25-30 m\u00e8tres)<\/p>\n<p style=\"text-align: justify;\">Les <b>nageoires<\/b> sont parfois tr\u00e8s sp\u00e9cifiques d\u2019une esp\u00e8ce comme les nageoires pectorales de la baleine \u00e0 bosse (jusqu\u2019\u00e0 4 m\u00e8tres de long), le globic\u00e9phale qui poss\u00e8de des pectorales coud\u00e9es. La dorsale des orques est \u00e9galement reconnaissable par sa forme droite (et haute chez le m\u00e2le).<\/p>\n<p style=\"text-align: justify;\">La <b>t\u00eate<\/b>, partie du corps souvent \u00e9merg\u00e9e, est parfois tr\u00e8s caract\u00e9ristique. Elle peut \u00eatre carr\u00e9e (cachalot), globuleuse (globic\u00e9phale), avec un rostre long et fin (dauphin long bec), sans rostre apparent (dauphin d\u2019Electre), etc.<\/p>\n<p style=\"text-align: justify;\">\n<p style=\"text-align: justify;\">Les fiches qui vous sont pr\u00e9sent\u00e9es d\u00e9taillent les \u00e9l\u00e9ments les plus caract\u00e9ristiques par esp\u00e8ce, pour celles qui sont les plus observ\u00e9es en Polyn\u00e9sie fran\u00e7aise.<\/p>\n<p>Les s\u00e9dentaires :<\/p>\n<ul>\n<li><a href=\"http:\/\/www.matatohora.com\/wp-content\/uploads\/2013\/11\/dauphin-bec-etroit.jpg\" rel=\"lightbox[131]\">Dauphin \u00e0 bec \u00e9troit<\/a><\/li>\n<li><a href=\"http:\/\/www.matatohora.com\/wp-content\/uploads\/2013\/11\/dauphin-long-bec.jpg\" rel=\"lightbox[131]\">Dauphin \u00e0 long bec<\/a><\/li>\n<li><a href=\"http:\/\/www.matatohora.com\/wp-content\/uploads\/2013\/11\/dauphin-tachete.jpg\" rel=\"lightbox[131]\">Dauphin tachet\u00e9<\/a><\/li>\n<li><a href=\"http:\/\/www.matatohora.com\/wp-content\/uploads\/2013\/11\/grand-dauphin.jpg\" rel=\"lightbox[131]\">Grand dauphin<\/a><\/li>\n<\/ul>\n<p>Les Nomades :<\/p>\n<ul>\n<li><a href=\"http:\/\/www.matatohora.com\/wp-content\/uploads\/2013\/11\/globicephale.jpg\" rel=\"lightbox[131]\">Globic\u00e9phale<\/a><\/li>\n<li><a href=\"http:\/\/www.matatohora.com\/wp-content\/uploads\/2013\/11\/dauphin-de-fraser.jpg\" rel=\"lightbox[131]\">Dauphin de Fraser<\/a><\/li>\n<li><a href=\"http:\/\/www.matatohora.com\/wp-content\/uploads\/2013\/11\/dauphin-dElectre.jpg\" rel=\"lightbox[131]\">Dauphin d&rsquo;Electre<\/a><\/li>\n<li><a href=\"http:\/\/www.matatohora.com\/wp-content\/uploads\/2013\/11\/orque.jpg\" rel=\"lightbox[131]\">Orque<\/a><\/li>\n<\/ul>\n<p>Les migrateurs :<\/p>\n<ul>\n<li><a href=\"http:\/\/www.matatohora.com\/wp-content\/uploads\/2013\/11\/Baleine-a\u0300-bosse.jpg\" rel=\"lightbox[131]\">Baleine \u00e0 bosse<\/a><\/li>\n<li><a href=\"http:\/\/www.matatohora.com\/wp-content\/uploads\/2013\/11\/Cachalot.jpg\" rel=\"lightbox[131]\">Cachalot<\/a><\/li>\n<\/ul>\n<p style=\"text-align: center;\"><a href=\"http:\/\/matatohora.com\/wp-content\/uploads\/2013\/10\/BENET-AGNES-2012.-baleinesdauphins-pf-60x40-BD-4-12.jpg\" rel=\"lightbox[131]\"><img decoding=\"async\" loading=\"lazy\" class=\"alignnone size-medium wp-image-23\" alt=\"baleines&amp;dauphins-pf-60x40-BD-4-12\" src=\"http:\/\/matatohora.com\/wp-content\/uploads\/2013\/10\/BENET-AGNES-2012.-baleinesdauphins-pf-60x40-BD-4-12-300x200.jpg\" width=\"300\" height=\"200\" srcset=\"http:\/\/www.matatohora.com\/wp-content\/uploads\/2013\/10\/BENET-AGNES-2012.-baleinesdauphins-pf-60x40-BD-4-12-300x200.jpg 300w, http:\/\/www.matatohora.com\/wp-content\/uploads\/2013\/10\/BENET-AGNES-2012.-baleinesdauphins-pf-60x40-BD-4-12-1024x682.jpg 1024w\" sizes=\"(max-width: 300px) 100vw, 300px\" \/><\/a><\/p>\n","protected":false},"excerpt":{"rendered":"<p>Reconna\u00eetre les mammif\u00e8res marins reste parfois difficile selon les esp\u00e8ces. Il peut arriver de confondre certaines d\u2019entre elles, d\u2019autant que les animaux restent peut de temps en surface.\u00a0Plusieurs indices peuvent aider \u00e0 les identifier, tel que la taille, la couleur, la t\u00eate, les nageoires (dorsales, pectorales et caudale) et le souffle. La saison peut permettre &hellip; <\/p>\n<p><a class=\"more-link block-button\" href=\"http:\/\/www.matatohora.com\/?page_id=131\">Continuer \u00e0 lire\u00a0\u00bb<\/a><\/p>\n","protected":false},"author":1,"featured_media":0,"parent":0,"menu_order":0,"comment_status":"closed","ping_status":"closed","template":"","meta":[],"_links":{"self":[{"href":"http:\/\/www.matatohora.com\/index.php?rest_route=\/wp\/v2\/pages\/131"}],"collection":[{"href":"http:\/\/www.matatohora.com\/index.php?rest_route=\/wp\/v2\/pages"}],"about":[{"href":"http:\/\/www.matatohora.com\/index.php?rest_route=\/wp\/v2\/types\/page"}],"author":[{"embeddable":true,"href":"http:\/\/www.matatohora.com\/index.php?rest_route=\/wp\/v2\/users\/1"}],"replies":[{"embeddable":true,"href":"http:\/\/www.matatohora.com\/index.php?rest_route=%2Fwp%2Fv2%2Fcomments&post=131"}],"version-history":[{"count":8,"href":"http:\/\/www.matatohora.com\/index.php?rest_route=\/wp\/v2\/pages\/131\/revisions"}],"predecessor-version":[{"id":475,"href":"http:\/\/www.matatohora.com\/index.php?rest_route=\/wp\/v2\/pages\/131\/revisions\/475"}],"wp:attachment":[{"href":"http:\/\/www.matatohora.com\/index.php?rest_route=%2Fwp%2Fv2%2Fmedia&parent=131"}],"curies":[{"name":"wp","href":"https:\/\/api.w.org\/{rel}","templated":true}]}}