{"id":129,"date":"2013-10-25T22:32:48","date_gmt":"2013-10-26T08:32:48","guid":{"rendered":"http:\/\/matatohora.com\/?page_id=129"},"modified":"2018-08-28T23:35:07","modified_gmt":"2018-08-29T09:35:07","slug":"les-observer","status":"publish","type":"page","link":"http:\/\/www.matatohora.com\/?page_id=129","title":{"rendered":"Les observer"},"content":{"rendered":"<p style=\"text-align: justify; padding-left: 30px;\">En d\u00e9cembre 1995, un arr\u00eat\u00e9\u00a0du gouvernement de la Polyn\u00e9sie Fran\u00e7aise inscrivait les baleines et autres mammif\u00e8res marins des eaux int\u00e9rieures, de la mer territoriale et de la zone \u00e9conomique exclusive (ZEE), sur la liste des esp\u00e8ces prot\u00e9g\u00e9es (cat\u00e9gorie B), interdisant la mutilation, le harc\u00e8lement, la capture ou l\u2019enl\u00e8vement, la consommation et la chasse, ainsi que la d\u00e9tention, le transport, l\u2019importation et l\u2019exportation de ces esp\u00e8ces.<\/p>\n<p style=\"text-align: justify; padding-left: 30px;\">La mer territoriale et la ZEE \u00a0de la Polyn\u00e9sie Fran\u00e7aise ont \u00e9t\u00e9 d\u00e9clar\u00e9es sanctuaire pour la protection et la sauvegarde des baleines et autres mammif\u00e8res marins, par l\u2019arr\u00eat\u00e9 N\u00b0 622 CM du 13 mai 2002. Au sein de ce sanctuaire, les observations sont r\u00e9glement\u00e9es selon des lois d\u2019approche pr\u00e9cises et n\u00e9cessitent l\u2019obtention d\u2019une licence pour \u00eatre conduites de fa\u00e7on commerciale.<\/p>\n<p style=\"text-align: justify; padding-left: 30px;\">Un guide d\u2019approche a \u00e9t\u00e9 \u00e9dit\u00e9 par le Minist\u00e8re de l\u2019Environnement pour informer le maximum de personnes (particuliers ou professionnels) souhaitant observer les mammif\u00e8res marins.<\/p>\n<p style=\"text-align: justify; padding-left: 30px;\"><strong>Douze\u00a0r\u00e8gles \u00e9l\u00e9mentaires <\/strong>sont pour :<\/p>\n<p style=\"text-align: justify; padding-left: 30px;\">&#8211; diminuer au maximum le stress de chaque animal ;<\/p>\n<p style=\"text-align: justify; padding-left: 30px;\">&#8211; limiter les effets n\u00e9fastes sur les groupes et leur comportement social ;<\/p>\n<p style=\"text-align: justify; padding-left: 30px;\">&#8211; limiter les risques d&rsquo;accidents ;<\/p>\n<p style=\"text-align: justify; padding-left: 30px;\">&#8211; profiter au maximum du moment partag\u00e9 avec les animaux, car sans d\u00e9rangement, les c\u00e9tac\u00e9s sont observables plus longtemps et dans de meilleures conditions pour tous.<\/p>\n<p style=\"text-align: justify; padding-left: 30px;\">Pour cela, il s\u2019agit de\u00a0:<\/p>\n<ul style=\"text-align: justify;\">\n<li><b>R\u00e9duire la vitesse \u00e0 3 n\u0153uds dans un rayon de 300 m\u00e8tres autour des c\u00e9tac\u00e9s\u00a0;<\/b><\/li>\n<\/ul>\n<ul style=\"text-align: justify;\">\n<li><b>Garder toujours le moteur en route et le mettre au point mort si l\u2019animal se rapproche volontairement de l\u2019embarcation\u00a0;<\/b><\/li>\n<li><b>Ne pas changer brusquement de direction et de r\u00e9gime de moteur (y compris en fin d&rsquo;observation) ;<\/b><\/li>\n<li><b>Respecter les distances d\u2019approche, notamment en p\u00e9riode de reproduction, en raison des risques que peuvent occasionner les parades amoureuses des grands c\u00e9tac\u00e9s pour les navires\u00a0;<\/b><\/li>\n<li><b>Suivre une route parall\u00e8le aux animaux en d\u00e9placement\u00a0;<\/b><\/li>\n<li><b>Ne pas couper la route des animaux en d\u00e9placement\u00a0; (y compris pour se mettre \u00e0 l&rsquo;eau &#8230; puisqu&rsquo;ils se d\u00e9placent !)<\/b><\/li>\n<li><b>Ne pas s\u2019approcher des petits non accompagn\u00e9s\u00a0;<\/b><\/li>\n<li><b>Ne jamais s\u00e9parer les membres d\u2019un m\u00eame groupe\u00a0;<\/b><\/li>\n<li><b>Ne jamais bloquer un c\u00e9tac\u00e9 entre le r\u00e9cif ou une terre\u00a0;<\/b><\/li>\n<li><b>Ne pas pousser les animaux dans une passe ou une baie ;<\/b><\/li>\n<li><b>Ne pas encercler les animaux.<\/b><\/li>\n<li><span style=\"color: #a60f11;\"><strong>L&rsquo;observation des baleines est interdite dans les baies, les lagons et les passes.<\/strong><\/span><\/li>\n<\/ul>\n<p style=\"text-align: justify; padding-left: 30px;\">Dans l&rsquo;eau, pour profiter pleinement de l&rsquo;observation, restez au moins \u00e0 30 m\u00e8tres \u00a0des animaux &#8230; la patience est la r\u00e8gle d&rsquo;or pour partager des moments magiques. Les animaux d\u00e9cideront d&rsquo;eux-m\u00eames s&rsquo;ils veulent se rapprocher. En for\u00e7ant l&rsquo;observation, ils risquent de partir&#8230; et l&rsquo;observation sera finie&#8230;<\/p>\n","protected":false},"excerpt":{"rendered":"<p>En d\u00e9cembre 1995, un arr\u00eat\u00e9\u00a0du gouvernement de la Polyn\u00e9sie Fran\u00e7aise inscrivait les baleines et autres mammif\u00e8res marins des eaux int\u00e9rieures, de la mer territoriale et de la zone \u00e9conomique exclusive (ZEE), sur la liste des esp\u00e8ces prot\u00e9g\u00e9es (cat\u00e9gorie B), interdisant la mutilation, le harc\u00e8lement, la capture ou l\u2019enl\u00e8vement, la consommation et la chasse, ainsi que &hellip; <\/p>\n<p><a class=\"more-link block-button\" href=\"http:\/\/www.matatohora.com\/?page_id=129\">Continuer \u00e0 lire\u00a0\u00bb<\/a><\/p>\n","protected":false},"author":1,"featured_media":0,"parent":0,"menu_order":0,"comment_status":"closed","ping_status":"closed","template":"","meta":[],"_links":{"self":[{"href":"http:\/\/www.matatohora.com\/index.php?rest_route=\/wp\/v2\/pages\/129"}],"collection":[{"href":"http:\/\/www.matatohora.com\/index.php?rest_route=\/wp\/v2\/pages"}],"about":[{"href":"http:\/\/www.matatohora.com\/index.php?rest_route=\/wp\/v2\/types\/page"}],"author":[{"embeddable":true,"href":"http:\/\/www.matatohora.com\/index.php?rest_route=\/wp\/v2\/users\/1"}],"replies":[{"embeddable":true,"href":"http:\/\/www.matatohora.com\/index.php?rest_route=%2Fwp%2Fv2%2Fcomments&post=129"}],"version-history":[{"count":16,"href":"http:\/\/www.matatohora.com\/index.php?rest_route=\/wp\/v2\/pages\/129\/revisions"}],"predecessor-version":[{"id":4037,"href":"http:\/\/www.matatohora.com\/index.php?rest_route=\/wp\/v2\/pages\/129\/revisions\/4037"}],"wp:attachment":[{"href":"http:\/\/www.matatohora.com\/index.php?rest_route=%2Fwp%2Fv2%2Fmedia&parent=129"}],"curies":[{"name":"wp","href":"https:\/\/api.w.org\/{rel}","templated":true}]}}