{"id":118,"date":"2013-10-25T22:15:29","date_gmt":"2013-10-26T08:15:29","guid":{"rendered":"http:\/\/matatohora.com\/?page_id=118"},"modified":"2026-02-11T18:33:44","modified_gmt":"2026-02-12T04:33:44","slug":"les-partenaires","status":"publish","type":"page","link":"http:\/\/www.matatohora.com\/?page_id=118","title":{"rendered":"Partenaires"},"content":{"rendered":"<p><span style=\"color: #333333;\">Notre association fonctionne uniquement gr\u00e2ce \u00e0 des b\u00e9n\u00e9voles, aux dons et au soutien d\u2019entreprises priv\u00e9es. R\u00e9sultat : une \u00e9nergie immense, et surtout des partenaires engag\u00e9s qui rendent nos actions possibles.<\/span><\/p>\n<p style=\"text-align: left; padding-left: 30px;\"><span style=\"color: #2483d6;\"><b>Air Tahiti Nui\u00a0<\/b><\/span><\/p>\n<p style=\"text-align: left; padding-left: 30px;\"><a href=\"http:\/\/www.airtahitinui.com&lt;b&gt;&lt;\/b&gt;\" target=\"_blank\" rel=\"noopener noreferrer\">http:\/\/www.airtahitinui.com<br \/><\/a>Cr\u00e9\u00e9e en 1996, Air Tahiti Nui, au service du d\u00e9veloppement touristique et \u00e9conomique de la Polyn\u00e9sie fran\u00e7aise.\u00a0<br \/>Bien plus qu&rsquo;une compagnie a\u00e9rienne, Air Tahiti Nui accompagne Mata Tohora dans les d\u00e9placements ainsi que dans la promotion de la protection des c\u00e9tac\u00e9s en soutenant notre communication \u00e0 l&rsquo;international. Pr\u00e8s de 15 ans de fid\u00e9lit\u00e9 qui ne se mesurent pas seulement en soutien mat\u00e9riel, mais en confiance, en valeurs partag\u00e9es et en envie d\u2019avancer ensemble.\u00a0<br \/><br \/><\/p>\n<p style=\"text-align: left; padding-left: 30px;\"><b><\/b><span style=\"color: #2483d6;\"><strong>ENVIROPOL<\/strong><\/span><\/p>\n<p style=\"text-align: left; padding-left: 30px;\"><a href=\"http:\/\/www.enviropol.pf%20\u00a0\" target=\"_blank\" rel=\"noopener noreferrer\">http:\/\/www.enviropol.pf <\/a><br \/>ENVIROPOL met en place, depuis plusieurs ann\u00e9es, un syst\u00e8me de management, qualit\u00e9 \u2013 environnement &#8211; s\u00e9curit\u00e9, r\u00e9pondant aux tr\u00e8s contraignantes normes ISO 9001, ISO 14000 et OHSAS 18000.<\/p>\n<p style=\"padding-left: 30px;\"><strong>Partenaires de nombreux \u00e9v\u00e8nements, cette soci\u00e9t\u00e9 s&rsquo;engage activement dans la protection et la gestion de notre environnement.<\/strong> Pour \u00e9viter que les d\u00e9chets des montagnes et des plaines se retrouvent dans le lagon et la mer, ramassons-les et recyclons-les pour un 2eme usage !<\/p>\n<p style=\"padding-left: 30px;\">Ainsi, il accompagne l\u2019association Mata Tohora dans la communication\u00a0aupr\u00e8s du public avec le Programme \u00ab\u00a0<a href=\"http:\/\/www.matatohora.com\/?page_id=158\" target=\"_blank\" rel=\"noopener noreferrer\">C&rsquo;est Assez<\/a>\u00a0\u00bb et des\u00a0<a href=\"http:\/\/www.matatohora.com\/?page_id=146\" target=\"_blank\" rel=\"noopener noreferrer\">campagnes\u00a0de sensibilisation<\/a>\u00a0aupr\u00e8s des scolaires.<\/p>\n<p>\u00a0<\/p>\n<p style=\"padding-left: 30px;\"><span style=\"color: #2483d6;\"><b>Protection et Gestion des Ecosyst\u00e8mes Marins (PROGEM)<\/b><\/span><\/p>\n<p style=\"padding-left: 30px;\"><a href=\"http:\/\/www.matatohora.com\/wp-content\/uploads\/2013\/10\/Pr\u00e9sentation-PROGEM.pdf\" target=\"_blank\" rel=\"noopener noreferrer\">En savoir plus sur PROGEM<\/a><\/p>\n<p style=\"padding-left: 30px;\">Bureau d\u2019\u00e9tudes sp\u00e9cialis\u00e9 dans le milieu marin tropical et sp\u00e9cialement\u00a0:<\/p>\n<ul>\n<li>\u00c9tudes en environnement marin r\u00e9cifal\u00a0(\u00e9tat des lieux, inventaire, etc)<\/li>\n<li>Gestion et protection des \u00e9cosyst\u00e8mes lagonaires<\/li>\n<li>Impact du changement climatique sur les r\u00e9cifs coralliens<\/li>\n<li>\u00c9tudes des mammif\u00e8res marins<\/li>\n<li>Vulgarisation des \u00e9tudes scientifiques (sensibilisation, communication)<\/li>\n<\/ul>\n<p style=\"padding-left: 30px;\">PROGEM assure le suivi scientifique des missions de MATA TOHORA.<\/p>\n<p>\u00a0<\/p>\n<p style=\"padding-left: 30px;\"><span style=\"color: #2483d6;\"><strong>AIR TAHITI<\/strong><\/span><\/p>\n<p style=\"padding-left: 30px;\"><a href=\"https:\/\/www.airtahiti.pf\/\" target=\"_blank\" rel=\"noopener noreferrer\">https:\/\/www.airtahiti.pf\/\u00a0<\/a><\/p>\n<p style=\"padding-left: 30px;\">\u00ab\u00a0Le lien entre les \u00eeles. Te natiraa o te mau motu\u00a0\u00bb. Air Tahiti participe aux d\u00e9placements afin de favoriser les \u00e9changes avec les r\u00e9f\u00e9rents dans les \u00eeles et entretenir le r\u00e9seau d&rsquo;observateurs des c\u00e9tac\u00e9s de la Polyn\u00e9sie fran\u00e7aise. Gr\u00e2ce \u00e0 ce soutien, nos membres \u00e0 Tahiti et dans les \u00eeles, ainsi que nos collaborateurs, peuvent continuer \u00e0 agir concr\u00e8tement pour la protection des baleines et des dauphins.<\/p>\n<p>\u00a0<\/p>\n<p style=\"padding-left: 30px;\">\u00a0<\/p>\n<p style=\"padding-left: 30px;\"><span style=\"color: #2483d6;\"><b>MEDIA VALLEY SARL &amp; MARZIPAN FILMS SARL<\/b><\/span><\/p>\n<p style=\"padding-left: 30px;\"><a href=\"https:\/\/mediavalley.fr\/fr\/\" target=\"_blank\" rel=\"noopener noreferrer\">https:\/\/mediavalley.fr\/fr\/<\/a><\/p>\n<p style=\"padding-left: 30px;\">Media Valley est une soci\u00e9t\u00e9 fran\u00e7aise de production audiovisuelle et cin\u00e9matographique qui d\u00e9veloppe et produit des projets enfants et famille \u00e0 fort potentiel international. Cr\u00e9\u00e9e en 2010 par Natalie Altmann, ex-directrice des programmes jeunesse de M6, Media Valley est bas\u00e9e \u00e0 Paris.<\/p>\n<p style=\"padding-left: 30px;\"><span class=\"ILfuVd\"><span class=\"hgKElc\">Marzipan Films est une soci\u00e9t\u00e9 sp\u00e9cialis\u00e9e dans le secteur d&rsquo;activit\u00e9 de la production de films et de programmes pour la t\u00e9l\u00e9vision.<\/span><\/span><\/p>\n<p>\u00a0<\/p>\n<p style=\"padding-left: 30px;\"><span style=\"color: #2483d6;\"><strong>ARANUI<br \/><\/strong><\/span><\/p>\n<p style=\"padding-left: 30px;\"><a href=\"https:\/\/www.aranui.com\" target=\"_blank\" rel=\"noopener\">https:\/\/www.aranui.com<\/a><br \/>ARANUI est une Compagnie Polyn\u00e9sienne de Transport Maritime (CPTM) qui assure la liaison entre Tahiti et l&rsquo;archipel des Marquises.<br \/>En tant que croisi\u00e9riste le plus ancien de Polyn\u00e9sie fran\u00e7aise, Aranui Cruises r\u00e9alise des v\u0153ux depuis 35 ans et montre aux voyageurs les \u00eeles Marquises enchanteresses dans le \u00ab\u00a0voyage d\u2019une vie\u00a0\u00bb. Le navire, l\u2019Aranui 5, est sp\u00e9cial \u00e0 tous points de vue. Ce navire mixte de fret et de passagers, entr\u00e9 en service en 2015, allie le confort et les commodit\u00e9s modernes d\u2019un paquebot de croisi\u00e8re en emmenant ses passagers dans certaines des contr\u00e9es les plus recul\u00e9es de Polyn\u00e9sie et en fournissant du fret aux petites communaut\u00e9s si \u00e9loign\u00e9es de la civilisation.<br \/>La compagnie a propos\u00e9 leur collaboration \u00e0 Mata Tohora pour fournir les renseignements de leurs observations sur leurs routes entre Tahiti et les Marquises<br \/>Gr\u00e2ce \u00e0 <a href=\"https:\/\/www.facebook.com\/AranuiCruises?__cft__[0]=AZXBbOVEp0G4jmZlHBGvqqRAv1G35ug78qZmOS0Y3bXQnJEDBKipgo-zj-wgV4WFhJFKziEyF53_LjcHMRSs9Jhd3rNoaZRBO7lzBhKXsWRb6-STk-U-xAkjKxPCqXrhV8qJujNzUqr_-gBlbdLPWgeKcB3U1wMgwW5wCmmmRUE4c7UMpu9V-SKzGGV9pS5oQ0LeRx0spICFN5reiBtvvIFv&amp;__tn__=-]K-R\">Aranui Cruises<\/a> nous pouvons donc avoir d\u00e9sormais des informations sur la fr\u00e9quentation des mammif\u00e8res marins en haute mer.<br \/>En effet, la plupart des donn\u00e9es actuelles se situent sur la c\u00f4te et dans un rayon de 5 miles des r\u00e9cifs. <br \/>Apr\u00e8s une formation par une partie de l&rsquo;\u00e9quipe Mata Tohora, les marins remplissent leurs fiches d&rsquo;observations que nous traiteront et analyseront.<\/p>\n<p>\u00a0<\/p>\n<p style=\"padding-left: 30px;\"><span style=\"color: #2483d6;\"><span style=\"caret-color: #2483d6; font-weight: 600;\">La<\/span><\/span><b style=\"color: #2483d6;\">\u00a0Banque de Polyn\u00e9sie \u00a0<br \/><\/b><a href=\"https:\/\/www.tiarefm.pf\/\" target=\"_blank\" rel=\"noopener noreferrer\"><br \/><\/a><a href=\"https:\/\/www.sg-bdp.pf\" target=\"_blank\" rel=\"noopener\">Banque de Polyn\u00e9sie<\/a> <br \/>La Banque de Polyn\u00e9sie nous a sollicit\u00e9 pour nous proposer leur aide afin de financer certaines actions comme la sensibilisation aupr\u00e8s des jeunes et particuli\u00e8rement pour la Journ\u00e9e de la Baleine o\u00f9 nous emmenons en mer des enfants et des jeunes des quartiers prioritaires ou de l&rsquo;IIME.\u00a0<\/p>\n<p>Pour cela, la Banque de Polyn\u00e9sie lance une campagne \u00ab\u00a0Cr\u00e9dit Conso\u00a0\u00bb pour vous aider \u00e0 financer vos envies de voyages jusqu&rsquo;au 7 octobre 2023.\u00a0<br \/>Les frais de dossiers seront revers\u00e9s \u00e0 Mata Tohora jusqu&rsquo;\u00e0 une valeur maximale de 300 000 Fcp.\u00a0<br \/>Alors, envie de voyager ?? GOOOOO avec Air Tahiti Nui et la Banque de Polyn\u00e9sie !\u00a0<\/p>\n<p style=\"padding-left: 30px;\"><span style=\"color: #2483d6;\"><b>The Explorers\u00a0<\/b><\/span><\/p>\n<p style=\"padding-left: 30px;\"><a href=\"http:\/\/www.theexplorersnetwork.com\/fr\/\" target=\"_blank\" rel=\"noopener noreferrer\">http:\/\/www.theexplorersnetwork.com\/fr\/<br \/><\/a>Une \u00e9quipe de sp\u00e9cialistes pour r\u00e9aliser les archives de la Plan\u00e8te : des personnages r\u00e9currents qui font partie de l\u2019exp\u00e9dition et des films.<\/p>\n<p style=\"padding-left: 30px;\">Un bateau studio, un h\u00e9licopt\u00e8re, des caissons sous-marins, des drones, des cam\u00e9ras 4K (UHD)<br \/>R\u00e9gie, cam\u00e9ras, syst\u00e8me gyrostabilis\u00e9 sur un h\u00e9licopt\u00e8re, des caissons sous-marins, des liaisons satellites.<br \/>et enfin.. des hommes et des femmes tr\u00e8s sympas !<\/p>\n<p>\u00a0<\/p>\n<p style=\"padding-left: 30px;\"><span style=\"color: #2483d6;\"><b><strong>Minist\u00e8re en charge de l&rsquo;Environnement<br \/><\/strong>Direction de l\u2019environnement de la Polyn\u00e9sie fran\u00e7aise (DIREN)<\/b><\/span><\/p>\n<p style=\"padding-left: 30px;\"><a href=\"http:\/\/www.environnement.pf\/\" target=\"_blank\" rel=\"noopener noreferrer\">http:\/\/www.environnement.pf\/<br \/><\/a>MATA TOHORA soutenue et mandat\u00e9e par le Minist\u00e8re du Tourisme, de l&rsquo;Ecologie, de la Culture et des Transports a\u00e9riens et la DIREN pour une collaboration efficace et un transfert r\u00e9gulier des donn\u00e9es pour \u00eatre stock\u00e9es au Gouvernement.<\/p>\n<p>\u00a0<\/p>\n<p style=\"padding-left: 30px;\"><span style=\"color: #2483d6;\"><b>Onaka Production<\/b><\/span><\/p>\n<p style=\"padding-left: 30px;\"><a href=\"https:\/\/www.facebook.com\/pages\/Onaka-Production\/289071504484?fref=ts\" target=\"_blank\" rel=\"noopener noreferrer\">https:\/\/www.facebook.com\/pages\/Onaka-Production\/289071504484?fref=ts<br \/><\/a>Studio d\u2019enregistrement r\u00e9alisant\u00a0:<\/p>\n<ul>\n<li>spots publicitaires radio<\/li>\n<li>bandes son pour spots t\u00e9l\u00e9<\/li>\n<li>composition musicale et jingle<\/li>\n<li>habillage radio<\/li>\n<li>prise de son pour documentaires et reportages\n<p><strong style=\"color: #2483d6;\">Na\u00e2man\u00a0<\/strong><\/p>\n<\/li>\n<\/ul>\n<p><iframe loading=\"lazy\" title=\"Naaman avec Mata Tohora pour la protection des baleines et des dauphins\" width=\"500\" height=\"281\" src=\"https:\/\/www.youtube.com\/embed\/yyldg226yW4?feature=oembed\" frameborder=\"0\" allow=\"accelerometer; autoplay; clipboard-write; encrypted-media; gyroscope; picture-in-picture; web-share\" referrerpolicy=\"strict-origin-when-cross-origin\" allowfullscreen><\/iframe><\/p>\n\n\n<p><\/p>\n","protected":false},"excerpt":{"rendered":"<p>Notre association fonctionne uniquement gr\u00e2ce \u00e0 des b\u00e9n\u00e9voles, aux dons et au soutien d\u2019entreprises priv\u00e9es. R\u00e9sultat : une \u00e9nergie immense, et surtout des partenaires engag\u00e9s qui rendent nos actions possibles. Air Tahiti Nui\u00a0 http:\/\/www.airtahitinui.comCr\u00e9\u00e9e en 1996, Air Tahiti Nui, au service du d\u00e9veloppement touristique et \u00e9conomique de la Polyn\u00e9sie fran\u00e7aise.\u00a0Bien plus qu&rsquo;une compagnie a\u00e9rienne, Air &hellip; <\/p>\n<p><a class=\"more-link block-button\" href=\"http:\/\/www.matatohora.com\/?page_id=118\">Continuer \u00e0 lire\u00a0\u00bb<\/a><\/p>\n","protected":false},"author":1,"featured_media":0,"parent":0,"menu_order":0,"comment_status":"closed","ping_status":"closed","template":"","meta":[],"_links":{"self":[{"href":"http:\/\/www.matatohora.com\/index.php?rest_route=\/wp\/v2\/pages\/118"}],"collection":[{"href":"http:\/\/www.matatohora.com\/index.php?rest_route=\/wp\/v2\/pages"}],"about":[{"href":"http:\/\/www.matatohora.com\/index.php?rest_route=\/wp\/v2\/types\/page"}],"author":[{"embeddable":true,"href":"http:\/\/www.matatohora.com\/index.php?rest_route=\/wp\/v2\/users\/1"}],"replies":[{"embeddable":true,"href":"http:\/\/www.matatohora.com\/index.php?rest_route=%2Fwp%2Fv2%2Fcomments&post=118"}],"version-history":[{"count":103,"href":"http:\/\/www.matatohora.com\/index.php?rest_route=\/wp\/v2\/pages\/118\/revisions"}],"predecessor-version":[{"id":7402,"href":"http:\/\/www.matatohora.com\/index.php?rest_route=\/wp\/v2\/pages\/118\/revisions\/7402"}],"wp:attachment":[{"href":"http:\/\/www.matatohora.com\/index.php?rest_route=%2Fwp%2Fv2%2Fmedia&parent=118"}],"curies":[{"name":"wp","href":"https:\/\/api.w.org\/{rel}","templated":true}]}}